{"id":41023332,"date":"2021-06-13T13:01:08","date_gmt":"2021-11-04T16:11:10","guid":{"rendered":"https:\/\/www.siri.mo.it\/?post_type=product&#038;p=41023332"},"modified":"2022-03-14T12:26:36","modified_gmt":"2022-03-14T11:26:36","slug":"sirismart-68-art-5068-con-sistema-de-arrastre","status":"publish","type":"product","link":"https:\/\/www.siri.mo.it\/index.php\/prodotto\/sirismart-68-art-5068-con-sistema-de-arrastre\/?lang=es","title":{"rendered":"SiriSmart 68 art.5068 con sistema de arrastre"},"content":{"rendered":"<p>LAS CORTADORAS DE AZULEJOS PRECISAS Y LIGERAS. Cortadora de azulejos profesional con sistema de arrastre, para cortar azulejos de cer\u00e1mica y gres porcel\u00e1nico. Bastidor de aluminio para mayor resistencia, ligereza y durabilidad. Tablas con resortes para facilitar la separaci\u00f3n de los azulejos. Mango de aluminio con inserci\u00f3n interna especial para garantizar una gran precisi\u00f3n, suavidad y durabilidad. El mango ha sido dise\u00f1ado para garantizar un grosor de corte m\u00e1ximo de 15 mm y est\u00e1 equipado con un separador con protecci\u00f3n antiara\u00f1azos. Escuadra ajustable en ambos lados, con<br \/>\nescala de medici\u00f3n para \u00e1ngulos de \u00b145\u00b0. La escuadra tiene medidas en cent\u00edmetros y pulgadas, una escala para medir la diagonal y una extensi\u00f3n plegable.\\ Pies de goma antideslizantes y antiara\u00f1azos. Soportes laterales ocultos para azulejos de gran formato. A petici\u00f3n del interesado est\u00e1n disponibles los estuches y las bolsas para el transporte y la alfombra de goma para cortar mosaicos.<\/p>\n<div class=\"video-shortcode\"><iframe title=\"SIRISMART MOSAICO\" width=\"1200\" height=\"675\" src=\"https:\/\/www.youtube.com\/embed\/3PxQygblSgQ?feature=oembed\" frameborder=\"0\" allow=\"accelerometer; autoplay; clipboard-write; encrypted-media; gyroscope; picture-in-picture\" allowfullscreen><\/iframe><\/div>\n<p>MANUAL: <a class=\"fb-icon-element-1 fb-icon-element fontawesome-icon fa-file-pdf fas circle-yes fusion-text-flow fusion-link\" style=\"font-size:28.16px;line-height:56.32px;height:56.32px;width:56.32px;border-width:0px;border-radius:50% 50% 50% 50%;margin-right:16px;\" href=\"https:\/\/www.siri.mo.it\/wp-content\/uploads\/2022\/03\/SIRISMART.pdf\" aria-label=\"Link to https:\/\/www.siri.mo.it\/wp-content\/uploads\/2022\/03\/SIRISMART.pdf\" target=\"_self\"><\/a><style>a.fb-icon-element.fontawesome-icon.fb-icon-element-1{ color: #ffffff; background-color: #197abf; border-color: #4a4e57;}a.fb-icon-element.fontawesome-icon.fb-icon-element-1:hover { color: #ffffff; background-color: #8bacc2; border-color: #8bacc2;}<\/style><\/p>\n","protected":false},"excerpt":{"rendered":"<p>LAS CORTADORAS DE AZULEJOS CON SISTEMA DE ARRASTRE, PRECISAS Y LIGERAS.<\/p>\n","protected":false},"featured_media":41024570,"template":"","meta":[],"product_brand":[],"product_cat":[500],"product_tag":[],"class_list":{"0":"post-41023332","1":"product","2":"type-product","3":"status-publish","4":"has-post-thumbnail","6":"product_cat-cortadoras-manuales-siri","8":"first","9":"instock","10":"product-type-simple"},"_links":{"self":[{"href":"https:\/\/www.siri.mo.it\/index.php\/wp-json\/wp\/v2\/product\/41023332","targetHints":{"allow":["GET"]}}],"collection":[{"href":"https:\/\/www.siri.mo.it\/index.php\/wp-json\/wp\/v2\/product"}],"about":[{"href":"https:\/\/www.siri.mo.it\/index.php\/wp-json\/wp\/v2\/types\/product"}],"wp:featuredmedia":[{"embeddable":true,"href":"https:\/\/www.siri.mo.it\/index.php\/wp-json\/wp\/v2\/media\/41024570"}],"wp:attachment":[{"href":"https:\/\/www.siri.mo.it\/index.php\/wp-json\/wp\/v2\/media?parent=41023332"}],"wp:term":[{"taxonomy":"product_brand","embeddable":true,"href":"https:\/\/www.siri.mo.it\/index.php\/wp-json\/wp\/v2\/product_brand?post=41023332"},{"taxonomy":"product_cat","embeddable":true,"href":"https:\/\/www.siri.mo.it\/index.php\/wp-json\/wp\/v2\/product_cat?post=41023332"},{"taxonomy":"product_tag","embeddable":true,"href":"https:\/\/www.siri.mo.it\/index.php\/wp-json\/wp\/v2\/product_tag?post=41023332"}],"curies":[{"name":"wp","href":"https:\/\/api.w.org\/{rel}","templated":true}]}}