{"id":41023291,"date":"2021-05-13T13:00:22","date_gmt":"2021-11-04T10:54:44","guid":{"rendered":"https:\/\/www.siri.mo.it\/?post_type=product&#038;p=41023291"},"modified":"2021-11-04T11:54:45","modified_gmt":"2021-11-04T10:54:45","slug":"siri-table-art-6338-mesa-de-trabajo-profesional","status":"publish","type":"product","link":"https:\/\/www.siri.mo.it\/index.php\/prodotto\/siri-table-art-6338-mesa-de-trabajo-profesional\/?lang=es","title":{"rendered":"SIRI TABLE art.6338 Mesa de trabajo profesional"},"content":{"rendered":"","protected":false},"excerpt":{"rendered":"<p>Mesa de trabajo profesional para soladores de cer\u00e1mica, fabricada en madera marina, con bastidor met\u00e1lico muy resistente, plegable y f\u00e1cil de transportar.<\/p>\n","protected":false},"featured_media":41006788,"template":"","meta":[],"product_brand":[],"product_cat":[144],"product_tag":[],"class_list":{"0":"post-41023291","1":"product","2":"type-product","3":"status-publish","4":"has-post-thumbnail","6":"product_cat-tagliapiastrelle-siri","8":"first","9":"instock","10":"product-type-simple"},"_links":{"self":[{"href":"https:\/\/www.siri.mo.it\/index.php\/wp-json\/wp\/v2\/product\/41023291","targetHints":{"allow":["GET"]}}],"collection":[{"href":"https:\/\/www.siri.mo.it\/index.php\/wp-json\/wp\/v2\/product"}],"about":[{"href":"https:\/\/www.siri.mo.it\/index.php\/wp-json\/wp\/v2\/types\/product"}],"wp:featuredmedia":[{"embeddable":true,"href":"https:\/\/www.siri.mo.it\/index.php\/wp-json\/wp\/v2\/media\/41006788"}],"wp:attachment":[{"href":"https:\/\/www.siri.mo.it\/index.php\/wp-json\/wp\/v2\/media?parent=41023291"}],"wp:term":[{"taxonomy":"product_brand","embeddable":true,"href":"https:\/\/www.siri.mo.it\/index.php\/wp-json\/wp\/v2\/product_brand?post=41023291"},{"taxonomy":"product_cat","embeddable":true,"href":"https:\/\/www.siri.mo.it\/index.php\/wp-json\/wp\/v2\/product_cat?post=41023291"},{"taxonomy":"product_tag","embeddable":true,"href":"https:\/\/www.siri.mo.it\/index.php\/wp-json\/wp\/v2\/product_tag?post=41023291"}],"curies":[{"name":"wp","href":"https:\/\/api.w.org\/{rel}","templated":true}]}}