{"id":41023287,"date":"2021-06-13T13:01:08","date_gmt":"2021-11-04T08:59:54","guid":{"rendered":"https:\/\/www.siri.mo.it\/?post_type=product&#038;p=41023287"},"modified":"2022-03-16T10:09:13","modified_gmt":"2022-03-16T09:09:13","slug":"siripro-57-art-20057-con-sistema-de-empuje","status":"publish","type":"product","link":"https:\/\/www.siri.mo.it\/index.php\/prodotto\/siripro-57-art-20057-con-sistema-de-empuje\/?lang=es","title":{"rendered":"SiriPro 57 art.20057 con sistema de empuje"},"content":{"rendered":"<p>Cortadora de azulejos profesional con sistema de empuje, para cortar azulejos de cer\u00e1mica y gres porcel\u00e1nico. Bastidor de aluminio para mayor resistencia, ligereza y durabilidad. Tablas con resortes para facilitar la separaci\u00f3n de los azulejos. Mango sobre carro de aluminio con 11 rodamientos de bolas para un deslizamiento y una l\u00ednea de corte visible y precisa. El grosor m\u00e1ximo de corte es de 15 mm; los 4 divisores del mango est\u00e1n equipados con protecciones de tefl\u00f3n. Escuadra ajustable en ambos lados, con escala de medici\u00f3n para \u00e1ngulos de \u00b145\u00b0. La escuadra tiene medidas en cent\u00edmetros y pulgadas, una escala para medir la diagonal y una extensi\u00f3n plegable. Pies de goma antideslizantes y antiara\u00f1azos. Soportes<br \/>\nlaterales ocultos para los azulejos de gran formato. A petici\u00f3n del interesado los estuches y las bolsas para el transporte y la alfombra de goma para cortar mosaicos est\u00e1n disponibles.<\/p>\n<div class=\"video-shortcode\"><iframe title=\"SIRIPRO MOSAICO\" width=\"1200\" height=\"675\" src=\"https:\/\/www.youtube.com\/embed\/VobZJs23Sw8?feature=oembed\" frameborder=\"0\" allow=\"accelerometer; autoplay; clipboard-write; encrypted-media; gyroscope; picture-in-picture\" allowfullscreen><\/iframe><\/div>\n<p>MANUAL: <a class=\"fb-icon-element-1 fb-icon-element fontawesome-icon fa-file-pdf fas circle-yes fusion-text-flow fusion-link\" style=\"font-size:28.16px;line-height:56.32px;height:56.32px;width:56.32px;border-width:0px;border-radius:50% 50% 50% 50%;margin-right:16px;\" href=\"https:\/\/www.siri.mo.it\/wp-content\/uploads\/2022\/03\/Siripro-rev.6-ita-eng-fra-ted.pdf\" aria-label=\"Link to https:\/\/www.siri.mo.it\/wp-content\/uploads\/2022\/03\/Siripro-rev.6-ita-eng-fra-ted.pdf\" target=\"_self\"><\/a><style>a.fb-icon-element.fontawesome-icon.fb-icon-element-1{ color: #ffffff; background-color: #197abf; border-color: #4a4e57;}a.fb-icon-element.fontawesome-icon.fb-icon-element-1:hover { color: #ffffff; background-color: #8bacc2; border-color: #8bacc2;}<\/style><\/p>\n<p><span style=\"font-weight: 400;\">CAT\u00c1LOGO<\/span>:\u00a0 <a class=\"fb-icon-element-2 fb-icon-element fontawesome-icon fa-file-pdf fas circle-yes fusion-text-flow fusion-link\" style=\"font-size:28.16px;line-height:56.32px;height:56.32px;width:56.32px;border-width:0px;border-radius:50% 50% 50% 50%;margin-right:16px;\" href=\"https:\/\/www.siri.mo.it\/wp-content\/uploads\/2022\/03\/SIRIPRO-2020-LR.pdf\" aria-label=\"Link to https:\/\/www.siri.mo.it\/wp-content\/uploads\/2022\/03\/SIRIPRO-2020-LR.pdf\" target=\"_self\"><\/a><style>a.fb-icon-element.fontawesome-icon.fb-icon-element-2{ color: #ffffff; background-color: #197abf; border-color: #4a4e57;}a.fb-icon-element.fontawesome-icon.fb-icon-element-2:hover { color: #ffffff; background-color: #8bacc2; border-color: #8bacc2;}<\/style><\/p>\n","protected":false},"excerpt":{"rendered":"<p>Cortadora de azulejos profesional con sistema de empuje, para cortar [&hellip;]<\/p>\n","protected":false},"featured_media":41006642,"template":"","meta":[],"product_brand":[],"product_cat":[500],"product_tag":[],"class_list":{"0":"post-41023287","1":"product","2":"type-product","3":"status-publish","4":"has-post-thumbnail","6":"product_cat-cortadoras-manuales-siri","8":"first","9":"instock","10":"product-type-simple"},"_links":{"self":[{"href":"https:\/\/www.siri.mo.it\/index.php\/wp-json\/wp\/v2\/product\/41023287","targetHints":{"allow":["GET"]}}],"collection":[{"href":"https:\/\/www.siri.mo.it\/index.php\/wp-json\/wp\/v2\/product"}],"about":[{"href":"https:\/\/www.siri.mo.it\/index.php\/wp-json\/wp\/v2\/types\/product"}],"wp:featuredmedia":[{"embeddable":true,"href":"https:\/\/www.siri.mo.it\/index.php\/wp-json\/wp\/v2\/media\/41006642"}],"wp:attachment":[{"href":"https:\/\/www.siri.mo.it\/index.php\/wp-json\/wp\/v2\/media?parent=41023287"}],"wp:term":[{"taxonomy":"product_brand","embeddable":true,"href":"https:\/\/www.siri.mo.it\/index.php\/wp-json\/wp\/v2\/product_brand?post=41023287"},{"taxonomy":"product_cat","embeddable":true,"href":"https:\/\/www.siri.mo.it\/index.php\/wp-json\/wp\/v2\/product_cat?post=41023287"},{"taxonomy":"product_tag","embeddable":true,"href":"https:\/\/www.siri.mo.it\/index.php\/wp-json\/wp\/v2\/product_tag?post=41023287"}],"curies":[{"name":"wp","href":"https:\/\/api.w.org\/{rel}","templated":true}]}}