{"id":41022993,"date":"2021-10-13T17:35:56","date_gmt":"2021-10-13T15:35:57","guid":{"rendered":"https:\/\/www.siri.mo.it\/?post_type=product&#038;p=41022993"},"modified":"2021-10-14T11:05:19","modified_gmt":"2021-10-14T09:05:19","slug":"siri-roll-art-1400-linear-basis-2-mm-im-beutel-copia","status":"publish","type":"product","link":"https:\/\/www.siri.mo.it\/index.php\/prodotto\/siri-roll-art-1400-linear-basis-2-mm-im-beutel-copia\/?lang=de","title":{"rendered":"SIRI ROLL \u2013 Art.1400  LINEAR BASIS &#8211; 2 mm &#8211; IM BEUTEL"},"content":{"rendered":"<div class=\"video-shortcode\"><iframe title=\"SIRI ROLL\" width=\"1200\" height=\"675\" src=\"https:\/\/www.youtube.com\/embed\/EAqs-xJUtwU?feature=oembed\" frameborder=\"0\" allow=\"accelerometer; autoplay; clipboard-write; encrypted-media; gyroscope; picture-in-picture\" allowfullscreen><\/iframe><\/div>\n","protected":false},"excerpt":{"rendered":"<p>Linearfu\u00df f\u00fcr 2 mm Fugen &#8211; f\u00fcr Fliesen H 0 &#8211; 20 mm<\/p>\n","protected":false},"featured_media":41023041,"template":"","meta":[],"product_brand":[],"product_cat":[1686],"product_tag":[],"class_list":{"0":"post-41022993","1":"product","2":"type-product","3":"status-publish","4":"has-post-thumbnail","6":"product_cat-siri-roll-de","8":"first","9":"instock","10":"shipping-taxable","11":"product-type-simple"},"_links":{"self":[{"href":"https:\/\/www.siri.mo.it\/index.php\/wp-json\/wp\/v2\/product\/41022993","targetHints":{"allow":["GET"]}}],"collection":[{"href":"https:\/\/www.siri.mo.it\/index.php\/wp-json\/wp\/v2\/product"}],"about":[{"href":"https:\/\/www.siri.mo.it\/index.php\/wp-json\/wp\/v2\/types\/product"}],"wp:featuredmedia":[{"embeddable":true,"href":"https:\/\/www.siri.mo.it\/index.php\/wp-json\/wp\/v2\/media\/41023041"}],"wp:attachment":[{"href":"https:\/\/www.siri.mo.it\/index.php\/wp-json\/wp\/v2\/media?parent=41022993"}],"wp:term":[{"taxonomy":"product_brand","embeddable":true,"href":"https:\/\/www.siri.mo.it\/index.php\/wp-json\/wp\/v2\/product_brand?post=41022993"},{"taxonomy":"product_cat","embeddable":true,"href":"https:\/\/www.siri.mo.it\/index.php\/wp-json\/wp\/v2\/product_cat?post=41022993"},{"taxonomy":"product_tag","embeddable":true,"href":"https:\/\/www.siri.mo.it\/index.php\/wp-json\/wp\/v2\/product_tag?post=41022993"}],"curies":[{"name":"wp","href":"https:\/\/api.w.org\/{rel}","templated":true}]}}