{"id":41009010,"date":"2021-06-13T20:37:33","date_gmt":"2021-06-13T20:10:39","guid":{"rendered":"https:\/\/www.siri.mo.it\/index.php\/prodotto\/sirimix-40-art-13\/"},"modified":"2022-03-18T15:39:50","modified_gmt":"2022-03-18T14:39:50","slug":"sirimix-40-art-13","status":"publish","type":"product","link":"https:\/\/www.siri.mo.it\/index.php\/prodotto\/sirimix-40-art-13\/?lang=de","title":{"rendered":"Sirimix 40 art.13"},"content":{"rendered":"<p><a class=\"fb-icon-element-1 fb-icon-element fontawesome-icon fa-file-pdf fas circle-yes fusion-text-flow fusion-link\" style=\"font-size:28.16px;line-height:56.32px;height:56.32px;width:56.32px;border-width:0px;border-radius:50% 50% 50% 50%;margin-right:16px;\" href=\"https:\/\/www.siri.mo.it\/wp-content\/uploads\/2022\/03\/siri-mix_ING-2012-LR.pdf\" aria-label=\"Link to https:\/\/www.siri.mo.it\/wp-content\/uploads\/2022\/03\/siri-mix_ING-2012-LR.pdf\" target=\"_self\"><\/a><style>a.fb-icon-element.fontawesome-icon.fb-icon-element-1{ color: #ffffff; background-color: #197abf; border-color: #4a4e57;}a.fb-icon-element.fontawesome-icon.fb-icon-element-1:hover { color: #ffffff; background-color: #8bacc2; border-color: #8bacc2;}<\/style>\u00a0 \u00a0MANUAL<\/p>\n","protected":false},"excerpt":{"rendered":"<p>Antriebssystem und orientierbarem Winkelkopf. Elektromischer f\u00fcr Pulver-Klebstoffe mit Rahmen mit R\u00e4dern. 40l Eimer ohne R\u00e4der Art. 18-03.<br \/>\nMikro-Sicherheitsschalter. Schnelles, \u00fcber Federhebel zu bet\u00e4tigendes Motorhebesystem. Schutzabdeckung mit Durchgangsl\u00f6chern f\u00fcr Wasserauff\u00fcllung. Auf Anfrage erh\u00e4ltlich: Eimer mit R\u00e4dern, Spezialspannungen kw 0,370 RPM 55.<\/p>\n","protected":false},"featured_media":41023875,"template":"","meta":[],"product_brand":[],"product_cat":[532],"product_tag":[],"class_list":{"0":"post-41009010","1":"product","2":"type-product","3":"status-publish","4":"has-post-thumbnail","6":"product_cat-ruergeraete-fuer-pulver-klebstoffe","8":"first","9":"instock","10":"product-type-simple"},"_links":{"self":[{"href":"https:\/\/www.siri.mo.it\/index.php\/wp-json\/wp\/v2\/product\/41009010","targetHints":{"allow":["GET"]}}],"collection":[{"href":"https:\/\/www.siri.mo.it\/index.php\/wp-json\/wp\/v2\/product"}],"about":[{"href":"https:\/\/www.siri.mo.it\/index.php\/wp-json\/wp\/v2\/types\/product"}],"wp:featuredmedia":[{"embeddable":true,"href":"https:\/\/www.siri.mo.it\/index.php\/wp-json\/wp\/v2\/media\/41023875"}],"wp:attachment":[{"href":"https:\/\/www.siri.mo.it\/index.php\/wp-json\/wp\/v2\/media?parent=41009010"}],"wp:term":[{"taxonomy":"product_brand","embeddable":true,"href":"https:\/\/www.siri.mo.it\/index.php\/wp-json\/wp\/v2\/product_brand?post=41009010"},{"taxonomy":"product_cat","embeddable":true,"href":"https:\/\/www.siri.mo.it\/index.php\/wp-json\/wp\/v2\/product_cat?post=41009010"},{"taxonomy":"product_tag","embeddable":true,"href":"https:\/\/www.siri.mo.it\/index.php\/wp-json\/wp\/v2\/product_tag?post=41009010"}],"curies":[{"name":"wp","href":"https:\/\/api.w.org\/{rel}","templated":true}]}}