{"id":41009009,"date":"2021-06-13T20:37:33","date_gmt":"2021-06-13T20:05:46","guid":{"rendered":"https:\/\/www.siri.mo.it\/index.php\/prodotto\/sirimix-40-art-13\/"},"modified":"2022-03-18T15:38:56","modified_gmt":"2022-03-18T14:38:56","slug":"sirimix-40-art-13","status":"publish","type":"product","link":"https:\/\/www.siri.mo.it\/index.php\/prodotto\/sirimix-40-art-13\/?lang=fr","title":{"rendered":"Sirimix 40 art.13"},"content":{"rendered":"<p><a class=\"fb-icon-element-1 fb-icon-element fontawesome-icon fa-file-pdf fas circle-yes fusion-text-flow fusion-link\" style=\"font-size:28.16px;line-height:56.32px;height:56.32px;width:56.32px;border-width:0px;border-radius:50% 50% 50% 50%;margin-right:16px;\" href=\"https:\/\/www.siri.mo.it\/wp-content\/uploads\/2022\/03\/siri-mix_ING-2012-LR.pdf\" aria-label=\"Link to https:\/\/www.siri.mo.it\/wp-content\/uploads\/2022\/03\/siri-mix_ING-2012-LR.pdf\" target=\"_self\"><\/a><style>a.fb-icon-element.fontawesome-icon.fb-icon-element-1{ color: #ffffff; background-color: #197abf; border-color: #4a4e57;}a.fb-icon-element.fontawesome-icon.fb-icon-element-1:hover { color: #ffffff; background-color: #8bacc2; border-color: #8bacc2;}<\/style>\u00a0 \u00a0MANUEL<\/p>\n","protected":false},"excerpt":{"rendered":"<p>M\u00e9langeur pour adh\u00e9sifs en poudre. Equip\u00e9 d&#8217;un cadre avec roues, d&#8217;un seau de 40 lt. sans roues, d&#8217;un micro-interrupteur de s\u00e9curit\u00e9. Syst\u00e8me<br \/>\nde levage rapide du moteur actionn\u00e9 par levier \u00e0 ressort. Couvercle de protection avec trous de passage pour ajouter de l&#8217;eau.<br \/>\nDisponible sur demande: seau avec roues et tensions sp\u00e9ciales. kw 0,370 RPM 55.<\/p>\n","protected":false},"featured_media":41023874,"template":"","meta":[],"product_brand":[],"product_cat":[531],"product_tag":[],"class_list":{"0":"post-41009009","1":"product","2":"type-product","3":"status-publish","4":"has-post-thumbnail","6":"product_cat-melangeurs","8":"first","9":"instock","10":"product-type-simple"},"_links":{"self":[{"href":"https:\/\/www.siri.mo.it\/index.php\/wp-json\/wp\/v2\/product\/41009009","targetHints":{"allow":["GET"]}}],"collection":[{"href":"https:\/\/www.siri.mo.it\/index.php\/wp-json\/wp\/v2\/product"}],"about":[{"href":"https:\/\/www.siri.mo.it\/index.php\/wp-json\/wp\/v2\/types\/product"}],"wp:featuredmedia":[{"embeddable":true,"href":"https:\/\/www.siri.mo.it\/index.php\/wp-json\/wp\/v2\/media\/41023874"}],"wp:attachment":[{"href":"https:\/\/www.siri.mo.it\/index.php\/wp-json\/wp\/v2\/media?parent=41009009"}],"wp:term":[{"taxonomy":"product_brand","embeddable":true,"href":"https:\/\/www.siri.mo.it\/index.php\/wp-json\/wp\/v2\/product_brand?post=41009009"},{"taxonomy":"product_cat","embeddable":true,"href":"https:\/\/www.siri.mo.it\/index.php\/wp-json\/wp\/v2\/product_cat?post=41009009"},{"taxonomy":"product_tag","embeddable":true,"href":"https:\/\/www.siri.mo.it\/index.php\/wp-json\/wp\/v2\/product_tag?post=41009009"}],"curies":[{"name":"wp","href":"https:\/\/api.w.org\/{rel}","templated":true}]}}