{"id":41008912,"date":"2021-06-13T20:03:12","date_gmt":"2021-06-13T18:26:42","guid":{"rendered":"https:\/\/www.siri.mo.it\/index.php\/prodotto\/art-4200-nylonburste-%ef%bf%bd-450-mm-harte-borsten-mm-80\/"},"modified":"2021-11-15T10:17:44","modified_gmt":"2021-11-15T09:17:44","slug":"art-4200-nylonburste-oe-450-mm-harte-borsten-mm-80","status":"publish","type":"product","link":"https:\/\/www.siri.mo.it\/index.php\/prodotto\/art-4200-nylonburste-oe-450-mm-harte-borsten-mm-80\/?lang=de","title":{"rendered":"art.4200 Nylonb\u00fcrste \u00d8 450 mm &#8211; harte Borsten mm 80."},"content":{"rendered":"","protected":false},"excerpt":{"rendered":"<p>ZUBEH\u00d6RE F\u00dcR MAXI-AUSFUGMASCHINE STELLA. Erh\u00e4ltlich auch mit mittel Borsten mm 60 und weiche Borsten mm 30.<\/p>\n","protected":false},"featured_media":41008661,"template":"","meta":[],"product_brand":[],"product_cat":[529],"product_tag":[],"class_list":{"0":"post-41008912","1":"product","2":"type-product","3":"status-publish","4":"has-post-thumbnail","6":"product_cat-maxi-ausfugmaschine","8":"first","9":"instock","10":"product-type-simple"},"_links":{"self":[{"href":"https:\/\/www.siri.mo.it\/index.php\/wp-json\/wp\/v2\/product\/41008912","targetHints":{"allow":["GET"]}}],"collection":[{"href":"https:\/\/www.siri.mo.it\/index.php\/wp-json\/wp\/v2\/product"}],"about":[{"href":"https:\/\/www.siri.mo.it\/index.php\/wp-json\/wp\/v2\/types\/product"}],"wp:featuredmedia":[{"embeddable":true,"href":"https:\/\/www.siri.mo.it\/index.php\/wp-json\/wp\/v2\/media\/41008661"}],"wp:attachment":[{"href":"https:\/\/www.siri.mo.it\/index.php\/wp-json\/wp\/v2\/media?parent=41008912"}],"wp:term":[{"taxonomy":"product_brand","embeddable":true,"href":"https:\/\/www.siri.mo.it\/index.php\/wp-json\/wp\/v2\/product_brand?post=41008912"},{"taxonomy":"product_cat","embeddable":true,"href":"https:\/\/www.siri.mo.it\/index.php\/wp-json\/wp\/v2\/product_cat?post=41008912"},{"taxonomy":"product_tag","embeddable":true,"href":"https:\/\/www.siri.mo.it\/index.php\/wp-json\/wp\/v2\/product_tag?post=41008912"}],"curies":[{"name":"wp","href":"https:\/\/api.w.org\/{rel}","templated":true}]}}