{"id":41008911,"date":"2021-06-13T20:03:12","date_gmt":"2021-06-13T18:26:42","guid":{"rendered":"https:\/\/www.siri.mo.it\/index.php\/prodotto\/art-104220-gelb-filz-zum-polieren-%ef%bf%bd-430-mm\/"},"modified":"2021-11-15T16:30:39","modified_gmt":"2021-11-15T15:30:39","slug":"art-104220-gelb-filz-zum-polieren-oe-430-mm","status":"publish","type":"product","link":"https:\/\/www.siri.mo.it\/index.php\/prodotto\/art-104220-gelb-filz-zum-polieren-oe-430-mm\/?lang=de","title":{"rendered":"art.104220 Gelb Filz zum polieren \u00d8 430 mm."},"content":{"rendered":"","protected":false},"excerpt":{"rendered":"<p>Gelb Filz zum polieren \u00d8 430 mm zu bedienen mit art.4204 Aufnahmeteller f\u00fcr Filz und Schwammpad.<\/p>\n","protected":false},"featured_media":41008645,"template":"","meta":[],"product_brand":[],"product_cat":[529],"product_tag":[],"class_list":{"0":"post-41008911","1":"product","2":"type-product","3":"status-publish","4":"has-post-thumbnail","6":"product_cat-maxi-ausfugmaschine","8":"first","9":"instock","10":"product-type-simple"},"_links":{"self":[{"href":"https:\/\/www.siri.mo.it\/index.php\/wp-json\/wp\/v2\/product\/41008911","targetHints":{"allow":["GET"]}}],"collection":[{"href":"https:\/\/www.siri.mo.it\/index.php\/wp-json\/wp\/v2\/product"}],"about":[{"href":"https:\/\/www.siri.mo.it\/index.php\/wp-json\/wp\/v2\/types\/product"}],"wp:featuredmedia":[{"embeddable":true,"href":"https:\/\/www.siri.mo.it\/index.php\/wp-json\/wp\/v2\/media\/41008645"}],"wp:attachment":[{"href":"https:\/\/www.siri.mo.it\/index.php\/wp-json\/wp\/v2\/media?parent=41008911"}],"wp:term":[{"taxonomy":"product_brand","embeddable":true,"href":"https:\/\/www.siri.mo.it\/index.php\/wp-json\/wp\/v2\/product_brand?post=41008911"},{"taxonomy":"product_cat","embeddable":true,"href":"https:\/\/www.siri.mo.it\/index.php\/wp-json\/wp\/v2\/product_cat?post=41008911"},{"taxonomy":"product_tag","embeddable":true,"href":"https:\/\/www.siri.mo.it\/index.php\/wp-json\/wp\/v2\/product_tag?post=41008911"}],"curies":[{"name":"wp","href":"https:\/\/api.w.org\/{rel}","templated":true}]}}