{"id":41008910,"date":"2021-06-13T20:03:12","date_gmt":"2021-06-13T18:26:42","guid":{"rendered":"https:\/\/www.siri.mo.it\/index.php\/prodotto\/stella-art-4000\/"},"modified":"2021-11-15T10:06:05","modified_gmt":"2021-11-15T09:06:05","slug":"stella-art-4000","status":"publish","type":"product","link":"https:\/\/www.siri.mo.it\/index.php\/prodotto\/stella-art-4000\/?lang=de","title":{"rendered":"art. 4000S Mono-B\u00fcrste STELLA"},"content":{"rendered":"<div class=\"video-shortcode\"><iframe title=\"ART 14 B\" width=\"1200\" height=\"900\" src=\"https:\/\/www.youtube.com\/embed\/FK9xG9uyMRs?feature=oembed\" frameborder=\"0\" allow=\"accelerometer; autoplay; clipboard-write; encrypted-media; gyroscope; picture-in-picture\" allowfullscreen><\/iframe><\/div>\n","protected":false},"excerpt":{"rendered":"<p>Mono-B\u00fcrste mit zwei Geschwindigkeiten und Zubeh\u00f6r mit Schnellanschluss. F\u00fcr das Verfugen von Fu\u00dfb\u00f6den, zum Gl\u00e4tten von Fu\u00dfbodenauflagen, f\u00fcr die Waschung und die Behandlung der florentinischen Terrakotta-Fliese, zum Schleifen und Gl\u00e4tten von Zement und Holzoberfl\u00e4chen, zum Aufrauen glatter Oberfl\u00e4chen f\u00fcr die Haftung vom Kleber. Die Maschine<br \/>\nwird mit einem 5 l Plastikbeh\u00e4lter, Sicherheitsschalter, Schalter mit zwei Geschwindigkeiten, Starthebel am Griff, exklusivem System f\u00fcr die Regulierung der Griffneigung und f\u00fcr die Verschiebung auf R\u00e4dern geliefert. Motor hp 1,2 &#8211; rpm 50 Hz 1400\/2800 &#8211; rpm Hz 60 1685\/335.<\/p>\n","protected":false},"featured_media":41008589,"template":"","meta":[],"product_brand":[],"product_cat":[529],"product_tag":[],"class_list":{"0":"post-41008910","1":"product","2":"type-product","3":"status-publish","4":"has-post-thumbnail","6":"product_cat-maxi-ausfugmaschine","8":"first","9":"instock","10":"product-type-simple"},"_links":{"self":[{"href":"https:\/\/www.siri.mo.it\/index.php\/wp-json\/wp\/v2\/product\/41008910","targetHints":{"allow":["GET"]}}],"collection":[{"href":"https:\/\/www.siri.mo.it\/index.php\/wp-json\/wp\/v2\/product"}],"about":[{"href":"https:\/\/www.siri.mo.it\/index.php\/wp-json\/wp\/v2\/types\/product"}],"wp:featuredmedia":[{"embeddable":true,"href":"https:\/\/www.siri.mo.it\/index.php\/wp-json\/wp\/v2\/media\/41008589"}],"wp:attachment":[{"href":"https:\/\/www.siri.mo.it\/index.php\/wp-json\/wp\/v2\/media?parent=41008910"}],"wp:term":[{"taxonomy":"product_brand","embeddable":true,"href":"https:\/\/www.siri.mo.it\/index.php\/wp-json\/wp\/v2\/product_brand?post=41008910"},{"taxonomy":"product_cat","embeddable":true,"href":"https:\/\/www.siri.mo.it\/index.php\/wp-json\/wp\/v2\/product_cat?post=41008910"},{"taxonomy":"product_tag","embeddable":true,"href":"https:\/\/www.siri.mo.it\/index.php\/wp-json\/wp\/v2\/product_tag?post=41008910"}],"curies":[{"name":"wp","href":"https:\/\/api.w.org\/{rel}","templated":true}]}}