{"id":41008111,"date":"2021-06-13T17:09:08","date_gmt":"2021-06-13T15:38:31","guid":{"rendered":"https:\/\/www.siri.mo.it\/index.php\/prodotto\/pedal-roller-art-3200\/"},"modified":"2023-10-19T17:21:07","modified_gmt":"2023-10-19T15:21:07","slug":"pedal-roller-art-3200","status":"publish","type":"product","link":"https:\/\/www.siri.mo.it\/index.php\/prodotto\/pedal-roller-art-3200\/?lang=de","title":{"rendered":"PEDAL ROLLER art.3300"},"content":{"rendered":"","protected":false},"excerpt":{"rendered":"<h2 class=\"entry-title\">NEU \u2013 PEDAL ROLLER art.3300<\/h2>\n<p class=\"entry-title\">Kit zum Reinigen von B\u00f6den und W\u00e4nden; Ausgestattet mit einer 32-Liter-Wanne mit R\u00e4dern \u2013 Doppelschwamm-Auswringsystem mit Pedal und zwei Rollen \u2013 zwei R\u00e4dern und zwei rutschfesten Gummif\u00fc\u00dfen \u2013 zwei Hydro-Schwammkellen (eine f\u00fcr B\u00f6den 42 x 13 x 3 cm mit abnehmbarem Aluminiumgriff \u2013 und eine f\u00fcr Bel\u00e4ge 27 x 13 x 3 cm). cm).<\/p>\n","protected":false},"featured_media":41025547,"template":"","meta":[],"product_brand":[],"product_cat":[511],"product_tag":[],"class_list":{"0":"post-41008111","1":"product","2":"type-product","3":"status-publish","4":"has-post-thumbnail","6":"product_cat-washset","8":"first","9":"instock","10":"product-type-simple"},"_links":{"self":[{"href":"https:\/\/www.siri.mo.it\/index.php\/wp-json\/wp\/v2\/product\/41008111","targetHints":{"allow":["GET"]}}],"collection":[{"href":"https:\/\/www.siri.mo.it\/index.php\/wp-json\/wp\/v2\/product"}],"about":[{"href":"https:\/\/www.siri.mo.it\/index.php\/wp-json\/wp\/v2\/types\/product"}],"wp:featuredmedia":[{"embeddable":true,"href":"https:\/\/www.siri.mo.it\/index.php\/wp-json\/wp\/v2\/media\/41025547"}],"wp:attachment":[{"href":"https:\/\/www.siri.mo.it\/index.php\/wp-json\/wp\/v2\/media?parent=41008111"}],"wp:term":[{"taxonomy":"product_brand","embeddable":true,"href":"https:\/\/www.siri.mo.it\/index.php\/wp-json\/wp\/v2\/product_brand?post=41008111"},{"taxonomy":"product_cat","embeddable":true,"href":"https:\/\/www.siri.mo.it\/index.php\/wp-json\/wp\/v2\/product_cat?post=41008111"},{"taxonomy":"product_tag","embeddable":true,"href":"https:\/\/www.siri.mo.it\/index.php\/wp-json\/wp\/v2\/product_tag?post=41008111"}],"curies":[{"name":"wp","href":"https:\/\/api.w.org\/{rel}","templated":true}]}}