{"id":41008061,"date":"2021-06-13T17:27:11","date_gmt":"2021-06-13T15:27:11","guid":{"rendered":"https:\/\/www.siri.mo.it\/index.php\/prodotto\/art-3661-pi%ef%bf%bdce-de-rechange-%ef%bf%bdponge-hidro\/"},"modified":"2021-10-20T14:48:41","modified_gmt":"2021-10-20T12:48:41","slug":"art-3661-piece-de-rechange-eponge-hidro","status":"publish","type":"product","link":"https:\/\/www.siri.mo.it\/index.php\/prodotto\/art-3661-piece-de-rechange-eponge-hidro\/?lang=fr","title":{"rendered":"art.3661 Pi\u00e8ce de rechange \u00e9ponge Hidro"},"content":{"rendered":"","protected":false},"excerpt":{"rendered":"<p>Pi\u00e8ce de rechange interchangeable pour art.365 cm 27x13x3.<\/p>\n","protected":false},"featured_media":41007856,"template":"","meta":[],"product_brand":[],"product_cat":[510],"product_tag":[],"class_list":{"0":"post-41008061","1":"product","2":"type-product","3":"status-publish","4":"has-post-thumbnail","6":"product_cat-kit-de-nettoyage","8":"first","9":"instock","10":"product-type-simple"},"_links":{"self":[{"href":"https:\/\/www.siri.mo.it\/index.php\/wp-json\/wp\/v2\/product\/41008061","targetHints":{"allow":["GET"]}}],"collection":[{"href":"https:\/\/www.siri.mo.it\/index.php\/wp-json\/wp\/v2\/product"}],"about":[{"href":"https:\/\/www.siri.mo.it\/index.php\/wp-json\/wp\/v2\/types\/product"}],"wp:featuredmedia":[{"embeddable":true,"href":"https:\/\/www.siri.mo.it\/index.php\/wp-json\/wp\/v2\/media\/41007856"}],"wp:attachment":[{"href":"https:\/\/www.siri.mo.it\/index.php\/wp-json\/wp\/v2\/media?parent=41008061"}],"wp:term":[{"taxonomy":"product_brand","embeddable":true,"href":"https:\/\/www.siri.mo.it\/index.php\/wp-json\/wp\/v2\/product_brand?post=41008061"},{"taxonomy":"product_cat","embeddable":true,"href":"https:\/\/www.siri.mo.it\/index.php\/wp-json\/wp\/v2\/product_cat?post=41008061"},{"taxonomy":"product_tag","embeddable":true,"href":"https:\/\/www.siri.mo.it\/index.php\/wp-json\/wp\/v2\/product_tag?post=41008061"}],"curies":[{"name":"wp","href":"https:\/\/api.w.org\/{rel}","templated":true}]}}