{"id":41008055,"date":"2021-06-13T17:05:48","date_gmt":"2021-06-13T15:26:37","guid":{"rendered":"https:\/\/www.siri.mo.it\/index.php\/prodotto\/speedy-roller-art-286rg\/"},"modified":"2021-11-09T16:55:01","modified_gmt":"2021-11-09T15:55:01","slug":"speedy-roller-art-286rg","status":"publish","type":"product","link":"https:\/\/www.siri.mo.it\/index.php\/prodotto\/speedy-roller-art-286rg\/?lang=fr","title":{"rendered":"SPEEDY ROLLER  art.286RG"},"content":{"rendered":"","protected":false},"excerpt":{"rendered":"<p>Seau lt 24 avec deux roulettes &#8211; syst\u00e8me d&#8217;essorage des \u00e9ponges double fonction avec deux rouleaux &#8211; Frottoir \u00e9ponge type hidro cm 42x13x3 avec manche d\u00e9montable en aluminium &#8211; Frottoir \u00e9ponge type hidro cm 27x13x3.<\/p>\n","protected":false},"featured_media":41007781,"template":"","meta":[],"product_brand":[],"product_cat":[510],"product_tag":[],"class_list":{"0":"post-41008055","1":"product","2":"type-product","3":"status-publish","4":"has-post-thumbnail","6":"product_cat-kit-de-nettoyage","8":"first","9":"instock","10":"product-type-simple"},"_links":{"self":[{"href":"https:\/\/www.siri.mo.it\/index.php\/wp-json\/wp\/v2\/product\/41008055","targetHints":{"allow":["GET"]}}],"collection":[{"href":"https:\/\/www.siri.mo.it\/index.php\/wp-json\/wp\/v2\/product"}],"about":[{"href":"https:\/\/www.siri.mo.it\/index.php\/wp-json\/wp\/v2\/types\/product"}],"wp:featuredmedia":[{"embeddable":true,"href":"https:\/\/www.siri.mo.it\/index.php\/wp-json\/wp\/v2\/media\/41007781"}],"wp:attachment":[{"href":"https:\/\/www.siri.mo.it\/index.php\/wp-json\/wp\/v2\/media?parent=41008055"}],"wp:term":[{"taxonomy":"product_brand","embeddable":true,"href":"https:\/\/www.siri.mo.it\/index.php\/wp-json\/wp\/v2\/product_brand?post=41008055"},{"taxonomy":"product_cat","embeddable":true,"href":"https:\/\/www.siri.mo.it\/index.php\/wp-json\/wp\/v2\/product_cat?post=41008055"},{"taxonomy":"product_tag","embeddable":true,"href":"https:\/\/www.siri.mo.it\/index.php\/wp-json\/wp\/v2\/product_tag?post=41008055"}],"curies":[{"name":"wp","href":"https:\/\/api.w.org\/{rel}","templated":true}]}}