{"id":41008050,"date":"2021-06-13T17:05:48","date_gmt":"2021-06-13T15:26:37","guid":{"rendered":"https:\/\/www.siri.mo.it\/index.php\/prodotto\/art-3664-pi%ef%bf%bdce-de-rechange-%ef%bf%bdponge-de-cellulose\/"},"modified":"2021-10-21T10:54:39","modified_gmt":"2021-10-21T08:54:39","slug":"art-3664-piece-de-rechange-eponge-de-cellulose","status":"publish","type":"product","link":"https:\/\/www.siri.mo.it\/index.php\/prodotto\/art-3664-piece-de-rechange-eponge-de-cellulose\/?lang=fr","title":{"rendered":"Art. 3664 Pi\u00e8ce de rechange \u00e9ponge de cellulose"},"content":{"rendered":"","protected":false},"excerpt":{"rendered":"<p>Pi\u00e8ce de rechange interchangeable pour art.3654 cm 27 x 13 x 3 pour \u00e8poxy.<\/p>\n","protected":false},"featured_media":41007740,"template":"","meta":[],"product_brand":[],"product_cat":[510],"product_tag":[],"class_list":{"0":"post-41008050","1":"product","2":"type-product","3":"status-publish","4":"has-post-thumbnail","6":"product_cat-kit-de-nettoyage","8":"first","9":"instock","10":"product-type-simple"},"_links":{"self":[{"href":"https:\/\/www.siri.mo.it\/index.php\/wp-json\/wp\/v2\/product\/41008050","targetHints":{"allow":["GET"]}}],"collection":[{"href":"https:\/\/www.siri.mo.it\/index.php\/wp-json\/wp\/v2\/product"}],"about":[{"href":"https:\/\/www.siri.mo.it\/index.php\/wp-json\/wp\/v2\/types\/product"}],"wp:featuredmedia":[{"embeddable":true,"href":"https:\/\/www.siri.mo.it\/index.php\/wp-json\/wp\/v2\/media\/41007740"}],"wp:attachment":[{"href":"https:\/\/www.siri.mo.it\/index.php\/wp-json\/wp\/v2\/media?parent=41008050"}],"wp:term":[{"taxonomy":"product_brand","embeddable":true,"href":"https:\/\/www.siri.mo.it\/index.php\/wp-json\/wp\/v2\/product_brand?post=41008050"},{"taxonomy":"product_cat","embeddable":true,"href":"https:\/\/www.siri.mo.it\/index.php\/wp-json\/wp\/v2\/product_cat?post=41008050"},{"taxonomy":"product_tag","embeddable":true,"href":"https:\/\/www.siri.mo.it\/index.php\/wp-json\/wp\/v2\/product_tag?post=41008050"}],"curies":[{"name":"wp","href":"https:\/\/api.w.org\/{rel}","templated":true}]}}