{"id":41008040,"date":"2021-06-13T17:05:48","date_gmt":"2021-06-13T15:26:37","guid":{"rendered":"https:\/\/www.siri.mo.it\/index.php\/prodotto\/art-3650-taloche-%ef%bf%bdponge-avane-interc-cm-27-x-13-x-3\/"},"modified":"2021-11-17T18:02:40","modified_gmt":"2021-11-17T17:02:40","slug":"art-3650-taloche-eponge-avane-interc-cm-27-x-13-x-3","status":"publish","type":"product","link":"https:\/\/www.siri.mo.it\/index.php\/prodotto\/art-3650-taloche-eponge-avane-interc-cm-27-x-13-x-3\/?lang=fr","title":{"rendered":"art.3650 Frottoir \u00e9ponge avane cm 27x13x3"},"content":{"rendered":"","protected":false},"excerpt":{"rendered":"<p>Systeme avec manche poign\u00e8e universelle art.770 et interchangeable \u00e9ponge art.3660.<\/p>\n","protected":false},"featured_media":41007626,"template":"","meta":[],"product_brand":[],"product_cat":[510],"product_tag":[],"class_list":{"0":"post-41008040","1":"product","2":"type-product","3":"status-publish","4":"has-post-thumbnail","6":"product_cat-kit-de-nettoyage","8":"first","9":"instock","10":"product-type-simple"},"_links":{"self":[{"href":"https:\/\/www.siri.mo.it\/index.php\/wp-json\/wp\/v2\/product\/41008040","targetHints":{"allow":["GET"]}}],"collection":[{"href":"https:\/\/www.siri.mo.it\/index.php\/wp-json\/wp\/v2\/product"}],"about":[{"href":"https:\/\/www.siri.mo.it\/index.php\/wp-json\/wp\/v2\/types\/product"}],"wp:featuredmedia":[{"embeddable":true,"href":"https:\/\/www.siri.mo.it\/index.php\/wp-json\/wp\/v2\/media\/41007626"}],"wp:attachment":[{"href":"https:\/\/www.siri.mo.it\/index.php\/wp-json\/wp\/v2\/media?parent=41008040"}],"wp:term":[{"taxonomy":"product_brand","embeddable":true,"href":"https:\/\/www.siri.mo.it\/index.php\/wp-json\/wp\/v2\/product_brand?post=41008040"},{"taxonomy":"product_cat","embeddable":true,"href":"https:\/\/www.siri.mo.it\/index.php\/wp-json\/wp\/v2\/product_cat?post=41008040"},{"taxonomy":"product_tag","embeddable":true,"href":"https:\/\/www.siri.mo.it\/index.php\/wp-json\/wp\/v2\/product_tag?post=41008040"}],"curies":[{"name":"wp","href":"https:\/\/api.w.org\/{rel}","templated":true}]}}