{"id":41007339,"date":"2021-06-13T15:20:37","date_gmt":"2021-06-13T13:42:48","guid":{"rendered":"https:\/\/www.siri.mo.it\/index.php\/prodotto\/platsiri-d-115x22-mm\/"},"modified":"2025-08-07T11:13:45","modified_gmt":"2025-08-07T09:13:45","slug":"platsiri-d-100-mm","status":"publish","type":"product","link":"https:\/\/www.siri.mo.it\/index.php\/prodotto\/platsiri-d-100-mm\/?lang=de","title":{"rendered":"PLATSIRI D.100 mm"},"content":{"rendered":"","protected":false},"excerpt":{"rendered":"<p><strong>PLATSIRI Diamant-St\u00fctzteller zum Schruppen und Feinschleifen von Keramik, Porzellan, Marmor und Granit, f\u00fcr den Trockengebrauch.<\/strong><\/p>\n<p>Zum Trockenschleifen von Ecken und zum Feinschleifen von Kanten an Naturstein und Feinsteinzeugfliesen. Die Schleifmaschine sollte mit einer maximalen Drehzahl von 3000 U\/min betrieben werden.<br \/>\nWir empfehlen die K\u00f6rnungen 30 und 50 zum Schleifen von Ecken nach dem Schneiden. F\u00fcr optimale Schleif- und Polierergebnisse empfehlen wir die Verwendung aller K\u00f6rnungen von 50 bis 3000.<\/p>\n<p>https:\/\/youtu.be\/CTIqfVcJ8Yo<\/p>\n<p><strong>PLATSIRI\u00a0<\/strong><\/p>\n<p>art.6325-35\u00a0 \u00a0PLATSIRI 30\u00a0 d.100 mm\u00a0 RPM 3000<\/p>\n<p>art.6325-36\u00a0 \u00a0PLATSIRI 50\u00a0 d.100 mm\u00a0 RPM 3000<\/p>\n<p>art.6325-37\u00a0 \u00a0PLATSIRI 200\u00a0 d.100 mm\u00a0 RPM 3000<\/p>\n<p>art.6325-34\u00a0 \u00a0PLATSIRI 400\u00a0 d.100 mm\u00a0 RPM 3000<\/p>\n<p>art.6325-38\u00a0 \u00a0PLATSIRI 800\u00a0 d.100 mm\u00a0 RPM 3000<\/p>\n<p>art.6325-39\u00a0 \u00a0PLATSIRI 1500\u00a0 d.100 mm\u00a0 RPM 3000<\/p>\n<p>art.6325-45\u00a0 \u00a0PLATSIRI 2000\u00a0 d.100 mm\u00a0 RPM 3000<\/p>\n<p>art.6325-46\u00a0 \u00a0PLATSIRI 3000\u00a0 d.100 mm\u00a0 RPM 3000<\/p>\n<p>&nbsp;<\/p>\n<p><strong>Gummi- und Aluminiumflansche<\/strong><\/p>\n<p>Art. 6325-80 M 14 Aluminiumflansch<\/p>\n<p>Art. 6325-50 M 14 Gummiflansch<\/p>\n","protected":false},"featured_media":41027187,"template":"","meta":[],"product_brand":[],"product_cat":[3482,496],"product_tag":[],"class_list":{"0":"post-41007339","1":"product","2":"type-product","3":"status-publish","4":"has-post-thumbnail","6":"product_cat-diamant-und-schleifwerkzeuge-und-zubehor","7":"product_cat-siriset-3-de","9":"first","10":"instock","11":"product-type-simple"},"_links":{"self":[{"href":"https:\/\/www.siri.mo.it\/index.php\/wp-json\/wp\/v2\/product\/41007339","targetHints":{"allow":["GET"]}}],"collection":[{"href":"https:\/\/www.siri.mo.it\/index.php\/wp-json\/wp\/v2\/product"}],"about":[{"href":"https:\/\/www.siri.mo.it\/index.php\/wp-json\/wp\/v2\/types\/product"}],"wp:featuredmedia":[{"embeddable":true,"href":"https:\/\/www.siri.mo.it\/index.php\/wp-json\/wp\/v2\/media\/41027187"}],"wp:attachment":[{"href":"https:\/\/www.siri.mo.it\/index.php\/wp-json\/wp\/v2\/media?parent=41007339"}],"wp:term":[{"taxonomy":"product_brand","embeddable":true,"href":"https:\/\/www.siri.mo.it\/index.php\/wp-json\/wp\/v2\/product_brand?post=41007339"},{"taxonomy":"product_cat","embeddable":true,"href":"https:\/\/www.siri.mo.it\/index.php\/wp-json\/wp\/v2\/product_cat?post=41007339"},{"taxonomy":"product_tag","embeddable":true,"href":"https:\/\/www.siri.mo.it\/index.php\/wp-json\/wp\/v2\/product_tag?post=41007339"}],"curies":[{"name":"wp","href":"https:\/\/api.w.org\/{rel}","templated":true}]}}