{"id":41007336,"date":"2021-06-13T15:20:37","date_gmt":"2021-06-13T13:42:48","guid":{"rendered":"https:\/\/www.siri.mo.it\/index.php\/prodotto\/art-30001-siri-vibro\/"},"modified":"2025-08-04T11:57:28","modified_gmt":"2025-08-04T09:57:28","slug":"art-31500-siri-vibro-180","status":"publish","type":"product","link":"https:\/\/www.siri.mo.it\/index.php\/prodotto\/art-31500-siri-vibro-180\/?lang=de","title":{"rendered":"Art.31500 SIRI VIBRO 180"},"content":{"rendered":"<p>Saugnapf mit \u00d8 180 mm, Vakuumpumpe und Vibrationssystem zur Vermeidung von Luftblasenbildung auf der Fliesenr\u00fcckseite w\u00e4hrend der Verlegung.<br \/>\nDoppelter Griff mit Gummigriff f\u00fcr mehr Stabilit\u00e4t w\u00e4hrend der Vibration.<br \/>\nDer Vibrationssauger SIRI VIBRO 180 ist ausgestattet mit:<br \/>\n\u2013 Digitalanzeige mit Geschwindigkeitsanzeige, automatischem Start der elektrischen Vakuumpumpe und Ein-\/Aus-Schalter;<br \/>\n\u2013 Vakuuml\u00f6seknopf;<br \/>\n\u2013 Ausl\u00f6seknopf zum Starten der Vibration;<br \/>\n\u2013 Wasserwaage;<\/p>\n<p>Maximale horizontale Belastung: 150 kg.<br \/>\nGeriffeltes Gummi, geeignet f\u00fcr glatte, raue und strukturierte Oberfl\u00e4chen.<br \/>\n18 V \u2013 2 Ah Akku, Ladeger\u00e4t und Koffer.<\/p>\n","protected":false},"excerpt":{"rendered":"<p>SIRI VIBRO 180 Elektrisches System zum Vibrieren und Anheben gro\u00dfformatiger Fliesen.<\/p>\n","protected":false},"featured_media":41026899,"template":"","meta":[],"product_brand":[],"product_cat":[496,3538],"product_tag":[],"class_list":{"0":"post-41007336","1":"product","2":"type-product","3":"status-publish","4":"has-post-thumbnail","6":"product_cat-siriset-3-de","7":"product_cat-ventose-per-grandi-formati","9":"first","10":"instock","11":"product-type-simple"},"_links":{"self":[{"href":"https:\/\/www.siri.mo.it\/index.php\/wp-json\/wp\/v2\/product\/41007336","targetHints":{"allow":["GET"]}}],"collection":[{"href":"https:\/\/www.siri.mo.it\/index.php\/wp-json\/wp\/v2\/product"}],"about":[{"href":"https:\/\/www.siri.mo.it\/index.php\/wp-json\/wp\/v2\/types\/product"}],"wp:featuredmedia":[{"embeddable":true,"href":"https:\/\/www.siri.mo.it\/index.php\/wp-json\/wp\/v2\/media\/41026899"}],"wp:attachment":[{"href":"https:\/\/www.siri.mo.it\/index.php\/wp-json\/wp\/v2\/media?parent=41007336"}],"wp:term":[{"taxonomy":"product_brand","embeddable":true,"href":"https:\/\/www.siri.mo.it\/index.php\/wp-json\/wp\/v2\/product_brand?post=41007336"},{"taxonomy":"product_cat","embeddable":true,"href":"https:\/\/www.siri.mo.it\/index.php\/wp-json\/wp\/v2\/product_cat?post=41007336"},{"taxonomy":"product_tag","embeddable":true,"href":"https:\/\/www.siri.mo.it\/index.php\/wp-json\/wp\/v2\/product_tag?post=41007336"}],"curies":[{"name":"wp","href":"https:\/\/api.w.org\/{rel}","templated":true}]}}