{"id":41007328,"date":"2021-06-13T15:20:37","date_gmt":"2021-06-13T13:42:48","guid":{"rendered":"https:\/\/www.siri.mo.it\/index.php\/prodotto\/siritrolley-art-6330\/"},"modified":"2025-08-05T10:18:30","modified_gmt":"2025-08-05T08:18:30","slug":"siritrolley-art-6330","status":"publish","type":"product","link":"https:\/\/www.siri.mo.it\/index.php\/prodotto\/siritrolley-art-6330\/?lang=de","title":{"rendered":"SIRI TROLLEY art.6330"},"content":{"rendered":"<p>Er ist mit 4 Gummir\u00e4dern und zwei Ladepositionen der Platten. Die Basis kommt mit rutschfestem Holzund Sicherheitsfeststellvorrichtungen. SiriTrolley wird zum Zusammenbauen geliefert, um den Transport zu erleichtern.<\/p>\n","protected":false},"excerpt":{"rendered":"<p>Der Siri Trolley ist ein stabiler und leichter Aluminiumwagen f\u00fcr die Handhabung gro\u00dfformatiger Platten. Er verf\u00fcgt \u00fcber vier Gummir\u00e4der, zwei Plattenladepositionen, eine rutschfeste Holzbasis und Sicherheitsanschl\u00e4ge f\u00fcr die Platten. Der Siri Trolley wird f\u00fcr einen einfachen Transport vormontiert geliefert. Er ist in der Standardausf\u00fchrung (Artikelnummer 6330) mit einer maximalen Tragf\u00e4higkeit von 150 kg und in der verst\u00e4rkten Ausf\u00fchrung (Artikelnummer 6330K) mit einer maximalen Tragf\u00e4higkeit von 200 kg erh\u00e4ltlich.<\/p>\n","protected":false},"featured_media":41027001,"template":"","meta":[],"product_brand":[],"product_cat":[496],"product_tag":[],"class_list":{"0":"post-41007328","1":"product","2":"type-product","3":"status-publish","4":"has-post-thumbnail","6":"product_cat-siriset-3-de","8":"first","9":"instock","10":"product-type-simple"},"_links":{"self":[{"href":"https:\/\/www.siri.mo.it\/index.php\/wp-json\/wp\/v2\/product\/41007328","targetHints":{"allow":["GET"]}}],"collection":[{"href":"https:\/\/www.siri.mo.it\/index.php\/wp-json\/wp\/v2\/product"}],"about":[{"href":"https:\/\/www.siri.mo.it\/index.php\/wp-json\/wp\/v2\/types\/product"}],"wp:featuredmedia":[{"embeddable":true,"href":"https:\/\/www.siri.mo.it\/index.php\/wp-json\/wp\/v2\/media\/41027001"}],"wp:attachment":[{"href":"https:\/\/www.siri.mo.it\/index.php\/wp-json\/wp\/v2\/media?parent=41007328"}],"wp:term":[{"taxonomy":"product_brand","embeddable":true,"href":"https:\/\/www.siri.mo.it\/index.php\/wp-json\/wp\/v2\/product_brand?post=41007328"},{"taxonomy":"product_cat","embeddable":true,"href":"https:\/\/www.siri.mo.it\/index.php\/wp-json\/wp\/v2\/product_cat?post=41007328"},{"taxonomy":"product_tag","embeddable":true,"href":"https:\/\/www.siri.mo.it\/index.php\/wp-json\/wp\/v2\/product_tag?post=41007328"}],"curies":[{"name":"wp","href":"https:\/\/api.w.org\/{rel}","templated":true}]}}