{"id":41007324,"date":"2021-06-13T15:20:37","date_gmt":"2021-06-13T13:42:48","guid":{"rendered":"https:\/\/www.siri.mo.it\/index.php\/prodotto\/siri-flex-3-cs-art-6350\/"},"modified":"2022-03-17T10:31:27","modified_gmt":"2022-03-17T09:31:27","slug":"siri-flex-3-cs-art-6350","status":"publish","type":"product","link":"https:\/\/www.siri.mo.it\/index.php\/prodotto\/siri-flex-3-cs-art-6350\/?lang=de","title":{"rendered":"SIRI FLEX 3 CS &#8211; art.6350"},"content":{"rendered":"<p>HANDBUCH <a class=\"fb-icon-element-1 fb-icon-element fontawesome-icon fa-file-pdf fas circle-yes fusion-text-flow fusion-link\" style=\"font-size:28.16px;line-height:56.32px;height:56.32px;width:56.32px;border-width:0px;border-radius:50% 50% 50% 50%;margin-right:16px;\" href=\"https:\/\/www.siri.mo.it\/wp-content\/uploads\/2022\/03\/Siriflex-SIRI_-DE.pdf\" aria-label=\"Link to https:\/\/www.siri.mo.it\/wp-content\/uploads\/2022\/03\/Siriflex-SIRI_-DE.pdf\" target=\"_self\"><\/a><style>a.fb-icon-element.fontawesome-icon.fb-icon-element-1{ color: #ffffff; background-color: #197abf; border-color: #4a4e57;}a.fb-icon-element.fontawesome-icon.fb-icon-element-1:hover { color: #ffffff; background-color: #8bacc2; border-color: #8bacc2;}<\/style><\/p>\n<p>KATALOG\u00a0 <a class=\"fb-icon-element-2 fb-icon-element fontawesome-icon fa-file-pdf fas circle-yes fusion-text-flow fusion-link\" style=\"font-size:28.16px;line-height:56.32px;height:56.32px;width:56.32px;border-width:0px;border-radius:50% 50% 50% 50%;margin-right:16px;\" href=\"https:\/\/www.siri.mo.it\/wp-content\/uploads\/2022\/03\/SIRISET-3-2022-1.pdf\" aria-label=\"Link to https:\/\/www.siri.mo.it\/wp-content\/uploads\/2022\/03\/SIRISET-3-2022-1.pdf\" target=\"_self\"><\/a><style>a.fb-icon-element.fontawesome-icon.fb-icon-element-2{ color: #ffffff; background-color: #197abf; border-color: #4a4e57;}a.fb-icon-element.fontawesome-icon.fb-icon-element-2:hover { color: #ffffff; background-color: #8bacc2; border-color: #8bacc2;}<\/style><\/p>\n","protected":false},"excerpt":{"rendered":"<p>SIRI FLEX 3 CS Enth\u00e4lt: Ein Coup\u00e9-Einheit Art.6350S mit Meuleuse Bosch 720W Art.132, Scheiben-\u00d8 mm 115 SIRI Art.13371 und Malette Art.6350V. SIRI CUT 3 ist ein System zum Schnitt von gro\u00dfformatigen Keramik und Feinsteinzeugplatten. Es besteht aus einem Gleitschlitten mit R\u00e4dchen \u00d8 13 mm f\u00fcr das Schnitt und einem Greifer zum trennen; SIRI CUT 3 ist auf einer der verf\u00fcgbaren Siri Guide 3 zu verwenden. Dank vier Laufrollen mit Kugellagern gleitet SIRI CUT 3 mit Leichtigkeit auf den Stahlstangen der F\u00fchrungen; es reicht ein Dr\u00fccken auf den Kugelgriff w\u00e4hrend des Gleitens auf der F\u00fchrung, um die Fliese m\u00fchelos zu einschneiden. Schlie\u00dflich erfolgt das Trennen mit dem mitgelieferten Greifer. Der Greifer kommt mit ein System f\u00fcr St\u00e4rkeneinstellung bis 1 cm.<\/p>\n","protected":false},"featured_media":41006934,"template":"","meta":[],"product_brand":[],"product_cat":[496],"product_tag":[],"class_list":{"0":"post-41007324","1":"product","2":"type-product","3":"status-publish","4":"has-post-thumbnail","6":"product_cat-siriset-3-de","8":"first","9":"instock","10":"product-type-simple"},"_links":{"self":[{"href":"https:\/\/www.siri.mo.it\/index.php\/wp-json\/wp\/v2\/product\/41007324","targetHints":{"allow":["GET"]}}],"collection":[{"href":"https:\/\/www.siri.mo.it\/index.php\/wp-json\/wp\/v2\/product"}],"about":[{"href":"https:\/\/www.siri.mo.it\/index.php\/wp-json\/wp\/v2\/types\/product"}],"wp:featuredmedia":[{"embeddable":true,"href":"https:\/\/www.siri.mo.it\/index.php\/wp-json\/wp\/v2\/media\/41006934"}],"wp:attachment":[{"href":"https:\/\/www.siri.mo.it\/index.php\/wp-json\/wp\/v2\/media?parent=41007324"}],"wp:term":[{"taxonomy":"product_brand","embeddable":true,"href":"https:\/\/www.siri.mo.it\/index.php\/wp-json\/wp\/v2\/product_brand?post=41007324"},{"taxonomy":"product_cat","embeddable":true,"href":"https:\/\/www.siri.mo.it\/index.php\/wp-json\/wp\/v2\/product_cat?post=41007324"},{"taxonomy":"product_tag","embeddable":true,"href":"https:\/\/www.siri.mo.it\/index.php\/wp-json\/wp\/v2\/product_tag?post=41007324"}],"curies":[{"name":"wp","href":"https:\/\/api.w.org\/{rel}","templated":true}]}}