{"id":41007323,"date":"2021-06-13T15:20:37","date_gmt":"2021-06-13T13:42:48","guid":{"rendered":"https:\/\/www.siri.mo.it\/index.php\/prodotto\/siri-cut-3-kit-art-6380kit\/"},"modified":"2025-08-05T15:12:48","modified_gmt":"2025-08-05T13:12:48","slug":"siri-cut-3-kit-art-6380kit","status":"publish","type":"product","link":"https:\/\/www.siri.mo.it\/index.php\/prodotto\/siri-cut-3-kit-art-6380kit\/?lang=de","title":{"rendered":"SIRI CUT 4 kit art.6390"},"content":{"rendered":"<p>HANDBUCH:\u00a0 <a class=\"fb-icon-element-1 fb-icon-element fontawesome-icon fa-file-pdf fas circle-yes fusion-text-flow fusion-link\" style=\"font-size:28.16px;line-height:56.32px;height:56.32px;width:56.32px;border-width:0px;border-radius:50% 50% 50% 50%;margin-right:16px;\" href=\"https:\/\/www.siri.mo.it\/wp-content\/uploads\/2022\/03\/SIRI-CUT-manuale-28-07-2017_ted.pdf\" aria-label=\"Link to https:\/\/www.siri.mo.it\/wp-content\/uploads\/2022\/03\/SIRI-CUT-manuale-28-07-2017_ted.pdf\" target=\"_self\"><\/a><style>a.fb-icon-element.fontawesome-icon.fb-icon-element-1{ color: #ffffff; background-color: #197abf; border-color: #4a4e57;}a.fb-icon-element.fontawesome-icon.fb-icon-element-1:hover { color: #ffffff; background-color: #8bacc2; border-color: #8bacc2;}<\/style><\/p>\n<p>KATALOG\u00a0 <a class=\"fb-icon-element-2 fb-icon-element fontawesome-icon fa-file-pdf fas circle-yes fusion-text-flow fusion-link\" style=\"font-size:28.16px;line-height:56.32px;height:56.32px;width:56.32px;border-width:0px;border-radius:50% 50% 50% 50%;margin-right:16px;\" href=\"https:\/\/www.siri.mo.it\/wp-content\/uploads\/2022\/03\/SIRISET-3-2022-1.pdf\" aria-label=\"Link to https:\/\/www.siri.mo.it\/wp-content\/uploads\/2022\/03\/SIRISET-3-2022-1.pdf\" target=\"_self\"><\/a><style>a.fb-icon-element.fontawesome-icon.fb-icon-element-2{ color: #ffffff; background-color: #197abf; border-color: #4a4e57;}a.fb-icon-element.fontawesome-icon.fb-icon-element-2:hover { color: #ffffff; background-color: #8bacc2; border-color: #8bacc2;}<\/style><\/p>\n","protected":false},"excerpt":{"rendered":"<p>SIRI CUT 4 ist ein System f\u00fcr gro\u00dfformatige Etiketten aus Keramik und Porzellan. Es besteht aus einem Schneidebrett mit einer Schneide \u00f8 13 mm f\u00fcr den Einschnitt und einer Schneide \u00f8 8 mm spezifisch f\u00fcr Keramikstrukturen; au\u00dferdem ist ein Clip zum Trennen enthalten. SIRI CUT 4 wird mit einer F\u00fchrung verwendet. Siri ist verf\u00fcgbar. Dank vier Stahlkartuschen mit Kissen l\u00e4sst sich SIRI CUT 4 leicht von der Stange in der F\u00fchrung l\u00f6sen. \u00dcben Sie mit den Nadeln Druck aus. Falls die Tiefe der Platte beeintr\u00e4chtigt wird, k\u00f6nnen Sie diese entfernen. Mit dem mitgelieferten Stift l\u00e4sst sich die Platte leicht l\u00f6sen. Die Geschwindigkeitsbegrenzung liegt bei 10 mm.<\/p>\n","protected":false},"featured_media":41006888,"template":"","meta":[],"product_brand":[],"product_cat":[496],"product_tag":[],"class_list":{"0":"post-41007323","1":"product","2":"type-product","3":"status-publish","4":"has-post-thumbnail","6":"product_cat-siriset-3-de","8":"first","9":"instock","10":"product-type-simple"},"_links":{"self":[{"href":"https:\/\/www.siri.mo.it\/index.php\/wp-json\/wp\/v2\/product\/41007323","targetHints":{"allow":["GET"]}}],"collection":[{"href":"https:\/\/www.siri.mo.it\/index.php\/wp-json\/wp\/v2\/product"}],"about":[{"href":"https:\/\/www.siri.mo.it\/index.php\/wp-json\/wp\/v2\/types\/product"}],"wp:featuredmedia":[{"embeddable":true,"href":"https:\/\/www.siri.mo.it\/index.php\/wp-json\/wp\/v2\/media\/41006888"}],"wp:attachment":[{"href":"https:\/\/www.siri.mo.it\/index.php\/wp-json\/wp\/v2\/media?parent=41007323"}],"wp:term":[{"taxonomy":"product_brand","embeddable":true,"href":"https:\/\/www.siri.mo.it\/index.php\/wp-json\/wp\/v2\/product_brand?post=41007323"},{"taxonomy":"product_cat","embeddable":true,"href":"https:\/\/www.siri.mo.it\/index.php\/wp-json\/wp\/v2\/product_cat?post=41007323"},{"taxonomy":"product_tag","embeddable":true,"href":"https:\/\/www.siri.mo.it\/index.php\/wp-json\/wp\/v2\/product_tag?post=41007323"}],"curies":[{"name":"wp","href":"https:\/\/api.w.org\/{rel}","templated":true}]}}