{"id":41007321,"date":"2021-06-13T15:20:37","date_gmt":"2021-06-13T13:37:48","guid":{"rendered":"https:\/\/www.siri.mo.it\/index.php\/prodotto\/platsiri-d-115x22-mm\/"},"modified":"2025-08-07T11:00:06","modified_gmt":"2025-08-07T09:00:06","slug":"platsiri-d-100-mm","status":"publish","type":"product","link":"https:\/\/www.siri.mo.it\/index.php\/prodotto\/platsiri-d-100-mm\/?lang=fr","title":{"rendered":"PLATSIRI D.100 mm"},"content":{"rendered":"","protected":false},"excerpt":{"rendered":"<div class=\"fusion-woo-short-description-tb fusion-woo-short-description-tb-1\">\n<div class=\"post-content woocommerce-product-details__short-description\">\n<p><strong>PLATSIRI\u00a0 \u00a0Pads diamant\u00e9s pour degrossissage et la finition de la c\u00e9ramique, gres c\u00e9rame, et pierres, utilisation \u00e0 sec.<\/strong><\/p>\n<p>Pour le pon\u00e7age des coins ou la finition des bords des carreaux de pierre naturelle et de gres c\u00e9rame. Avec la meuleuse, utilise \u00e0 3000 tr\/min. maximum.<br \/>\nNous recommandons d&#8217;utiliser des grains 30 et 50 pour lisser les coins apr\u00e8s les coupes. Nous recommandons d&#8217;utiliser tous les grains en<br \/>\nprogression de 50 \u00e0 3000 pour obtenir les meilleurs r\u00e9sultats de pon\u00e7age et de polissage.<\/p>\n<p>&nbsp;<\/p>\n<p>https:\/\/youtu.be\/CTIqfVcJ8Yo<\/p>\n<p><strong>PLATSIRI\u00a0<\/strong><\/p>\n<p>art.6325-35\u00a0 \u00a0PLATSIRI 30\u00a0 d.100 mm\u00a0 RPM 3000<\/p>\n<p>art.6325-36\u00a0 \u00a0PLATSIRI 50\u00a0 d.100 mm\u00a0 RPM 3000<\/p>\n<p>art.6325-37\u00a0 \u00a0PLATSIRI 200\u00a0 d.100 mm\u00a0 RPM 3000<\/p>\n<p>art.6325-34\u00a0 \u00a0PLATSIRI 400\u00a0 d.100 mm\u00a0 RPM 3000<\/p>\n<p>art.6325-38\u00a0 \u00a0PLATSIRI 800\u00a0 d.100 mm\u00a0 RPM 3000<\/p>\n<p>art.6325-39\u00a0 \u00a0PLATSIRI 1500\u00a0 d.100 mm\u00a0 RPM 3000<\/p>\n<p>art.6325-45\u00a0 \u00a0PLATSIRI 2000\u00a0 d.100 mm\u00a0 RPM 3000<\/p>\n<p>art.6325-46\u00a0 \u00a0PLATSIRI 3000\u00a0 d.100 mm\u00a0 RPM 3000<\/p>\n<p>&nbsp;<\/p>\n<div class=\"fusion-woo-short-description-tb fusion-woo-short-description-tb-1\">\n<div class=\"post-content woocommerce-product-details__short-description\">\n<div class=\"fusion-woo-short-description-tb fusion-woo-short-description-tb-1\">\n<div class=\"post-content woocommerce-product-details__short-description\">\n<div class=\"video-shortcode\">\n<div class=\"fluid-width-video-wrapper\">\n<div class=\"fusion-woo-short-description-tb fusion-woo-short-description-tb-1\">\n<div class=\"post-content woocommerce-product-details__short-description\">\n<p><strong>BRIDES EN CAOUTCHOUC ET ALUMINIUM<\/strong><\/p>\n<p>Article 6325-80 BRIDE EN ALUMINIUM M 14<\/p>\n<p>Article 6325-50 BRIDE EN CAOUTCHOUC M 14<\/p>\n<\/div>\n<\/div>\n<\/div>\n<\/div>\n<\/div>\n<\/div>\n<\/div>\n<\/div>\n<div class=\"fusion-title title fusion-title-2 fusion-sep-none fusion-title-text fusion-title-size-four\"><\/div>\n<\/div>\n<\/div>\n","protected":false},"featured_media":41027186,"template":"","meta":[],"product_brand":[],"product_cat":[3474,495],"product_tag":[],"class_list":{"0":"post-41007321","1":"product","2":"type-product","3":"status-publish","4":"has-post-thumbnail","6":"product_cat-outils-abrasifs-et-diamantes","7":"product_cat-siriset-3-fr","9":"first","10":"instock","11":"product-type-simple"},"_links":{"self":[{"href":"https:\/\/www.siri.mo.it\/index.php\/wp-json\/wp\/v2\/product\/41007321","targetHints":{"allow":["GET"]}}],"collection":[{"href":"https:\/\/www.siri.mo.it\/index.php\/wp-json\/wp\/v2\/product"}],"about":[{"href":"https:\/\/www.siri.mo.it\/index.php\/wp-json\/wp\/v2\/types\/product"}],"wp:featuredmedia":[{"embeddable":true,"href":"https:\/\/www.siri.mo.it\/index.php\/wp-json\/wp\/v2\/media\/41027186"}],"wp:attachment":[{"href":"https:\/\/www.siri.mo.it\/index.php\/wp-json\/wp\/v2\/media?parent=41007321"}],"wp:term":[{"taxonomy":"product_brand","embeddable":true,"href":"https:\/\/www.siri.mo.it\/index.php\/wp-json\/wp\/v2\/product_brand?post=41007321"},{"taxonomy":"product_cat","embeddable":true,"href":"https:\/\/www.siri.mo.it\/index.php\/wp-json\/wp\/v2\/product_cat?post=41007321"},{"taxonomy":"product_tag","embeddable":true,"href":"https:\/\/www.siri.mo.it\/index.php\/wp-json\/wp\/v2\/product_tag?post=41007321"}],"curies":[{"name":"wp","href":"https:\/\/api.w.org\/{rel}","templated":true}]}}