{"id":41007320,"date":"2021-06-13T15:20:37","date_gmt":"2021-06-13T13:37:48","guid":{"rendered":"https:\/\/www.siri.mo.it\/index.php\/prodotto\/tampsiri-mm-90x55\/"},"modified":"2025-08-07T16:57:57","modified_gmt":"2025-08-07T14:57:57","slug":"tampsiri-mm-90x55","status":"publish","type":"product","link":"https:\/\/www.siri.mo.it\/index.php\/prodotto\/tampsiri-mm-90x55\/?lang=fr","title":{"rendered":"TAMPSIRI mm 90X55"},"content":{"rendered":"","protected":false},"excerpt":{"rendered":"<p><strong>TAMPSIRI\u00a0 \u00a0Tampons diamant\u00e9s pour degrossissage et ragr\u00e9er gres c\u00e9rame, marbre, granit et verre, utilisation \u00e0 eau.<\/strong><\/p>\n<p>Pour le polissage des pi\u00e8ces de monnaie ou la finition des bords des carreaux de pierre naturelle et de gr\u00e8s c\u00e9rame. Convient \u00e0 tous les usages, mais il est recommand\u00e9 de l&#8217;utiliser dans les zones humides, pour mouiller les tampons ou les mat\u00e9riaux de poin\u00e7onnage.<\/p>\n<p>GRAIN mm 800 art. 1162<\/p>\n<p>GRAIN mm 400 art. 1160<\/p>\n<p>GRAIN mm 200 art. 1166<\/p>\n<p>GRAIN mm 120 art. 1164<\/p>\n<p>GRAIN mm 60 art. 1165<\/p>\n","protected":false},"featured_media":41027248,"template":"","meta":[],"product_brand":[],"product_cat":[3474,495],"product_tag":[],"class_list":{"0":"post-41007320","1":"product","2":"type-product","3":"status-publish","4":"has-post-thumbnail","6":"product_cat-outils-abrasifs-et-diamantes","7":"product_cat-siriset-3-fr","9":"first","10":"instock","11":"product-type-simple"},"_links":{"self":[{"href":"https:\/\/www.siri.mo.it\/index.php\/wp-json\/wp\/v2\/product\/41007320","targetHints":{"allow":["GET"]}}],"collection":[{"href":"https:\/\/www.siri.mo.it\/index.php\/wp-json\/wp\/v2\/product"}],"about":[{"href":"https:\/\/www.siri.mo.it\/index.php\/wp-json\/wp\/v2\/types\/product"}],"wp:featuredmedia":[{"embeddable":true,"href":"https:\/\/www.siri.mo.it\/index.php\/wp-json\/wp\/v2\/media\/41027248"}],"wp:attachment":[{"href":"https:\/\/www.siri.mo.it\/index.php\/wp-json\/wp\/v2\/media?parent=41007320"}],"wp:term":[{"taxonomy":"product_brand","embeddable":true,"href":"https:\/\/www.siri.mo.it\/index.php\/wp-json\/wp\/v2\/product_brand?post=41007320"},{"taxonomy":"product_cat","embeddable":true,"href":"https:\/\/www.siri.mo.it\/index.php\/wp-json\/wp\/v2\/product_cat?post=41007320"},{"taxonomy":"product_tag","embeddable":true,"href":"https:\/\/www.siri.mo.it\/index.php\/wp-json\/wp\/v2\/product_tag?post=41007320"}],"curies":[{"name":"wp","href":"https:\/\/api.w.org\/{rel}","templated":true}]}}