{"id":41007311,"date":"2021-06-12T15:20:37","date_gmt":"2021-06-13T13:37:48","guid":{"rendered":"https:\/\/www.siri.mo.it\/index.php\/prodotto\/siri-guide-3-330-art-17330gc-modular\/"},"modified":"2024-10-08T16:41:41","modified_gmt":"2024-10-08T14:41:41","slug":"siri-guide-3-330-art-17330gc-modular","status":"publish","type":"product","link":"https:\/\/www.siri.mo.it\/index.php\/prodotto\/siri-guide-3-330-art-17330gc-modular\/?lang=fr","title":{"rendered":"SIRI GUIDE 3 &#8211; 330 art.17330GC MODULAR"},"content":{"rendered":"","protected":false},"excerpt":{"rendered":"<p>Les guides modulaires en aluminium sont disponibles en deux longueurset \u00e9quip\u00e9es d\u2019un syst\u00e8me interne de connexion des modules, avec m\u00e2leou femelle. Il existe deux modules, un de 120 cm et l\u2019autre de 180 cm,qui permettent de couper jusqu\u2019\u00e0 330 cm en fonction de la composition.Chaque module est \u00e9quip\u00e9 de ventouses dont la position sur le guideest r\u00e9glable. Les caoutchouc marqu\u00e9 des ventouses fonctionnent \u00e9galementsur des surfaces lisse etrugueuses.<\/p>\n","protected":false},"featured_media":41006995,"template":"","meta":[],"product_brand":[],"product_cat":[495],"product_tag":[],"class_list":{"0":"post-41007311","1":"product","2":"type-product","3":"status-publish","4":"has-post-thumbnail","6":"product_cat-siriset-3-fr","8":"first","9":"instock","10":"product-type-simple"},"_links":{"self":[{"href":"https:\/\/www.siri.mo.it\/index.php\/wp-json\/wp\/v2\/product\/41007311","targetHints":{"allow":["GET"]}}],"collection":[{"href":"https:\/\/www.siri.mo.it\/index.php\/wp-json\/wp\/v2\/product"}],"about":[{"href":"https:\/\/www.siri.mo.it\/index.php\/wp-json\/wp\/v2\/types\/product"}],"wp:featuredmedia":[{"embeddable":true,"href":"https:\/\/www.siri.mo.it\/index.php\/wp-json\/wp\/v2\/media\/41006995"}],"wp:attachment":[{"href":"https:\/\/www.siri.mo.it\/index.php\/wp-json\/wp\/v2\/media?parent=41007311"}],"wp:term":[{"taxonomy":"product_brand","embeddable":true,"href":"https:\/\/www.siri.mo.it\/index.php\/wp-json\/wp\/v2\/product_brand?post=41007311"},{"taxonomy":"product_cat","embeddable":true,"href":"https:\/\/www.siri.mo.it\/index.php\/wp-json\/wp\/v2\/product_cat?post=41007311"},{"taxonomy":"product_tag","embeddable":true,"href":"https:\/\/www.siri.mo.it\/index.php\/wp-json\/wp\/v2\/product_tag?post=41007311"}],"curies":[{"name":"wp","href":"https:\/\/api.w.org\/{rel}","templated":true}]}}