{"id":41007309,"date":"2021-06-13T15:20:37","date_gmt":"2021-06-13T13:37:48","guid":{"rendered":"https:\/\/www.siri.mo.it\/index.php\/prodotto\/siribench-3-cm-200-art-6340\/"},"modified":"2025-08-06T11:24:07","modified_gmt":"2025-08-06T09:24:07","slug":"siribench-4-cm-175-art-6370","status":"publish","type":"product","link":"https:\/\/www.siri.mo.it\/index.php\/prodotto\/siribench-4-cm-175-art-6370\/?lang=fr","title":{"rendered":"SIRIBENCH 4 cm 175 art.6370"},"content":{"rendered":"<p>EN OPTION\u00a0:<\/p>\n<p>Article 6340-60 Bo\u00eete \u00e0 outils<br \/>\nArticle 6340-70 Syst\u00e8me de blocage<br \/>\nArticle 6340-80 Prises avec cable<\/p>\n<p>&nbsp;<\/p>\n<p><a href=\"https:\/\/www.siri.mo.it\/wp-content\/uploads\/2021\/06\/SIRISET-3-LR.pdf\">SIRISET 3 &#8211; LR<\/a>\u00a0 CATALOGUE<\/p>\n","protected":false},"excerpt":{"rendered":"<p>L&#8217; \u00e9tabli modulaire SIRI BENCH 4 de 175 x 100 cm est \u00e9quip\u00e9 de plans et de profil\u00e9s d\u2019aluminium, pour assurer stabilit\u00e9 et l\u00e9g\u00e8ret\u00e9. L&#8217;\u00e9tabli est fournis<br \/>\ndes protections en plastique pour le plan d\u2019appui et des pieds munis d\u2019un syst\u00e8me d\u2019adaptation au sol et de r\u00e9glage de l\u2019hauteur.<br \/>\nGr\u00e2ce aux connections disponibles, l&#8217;\u00e9tabli est facile \u00e0 connecter l&#8217;uns \u00e0 l&#8217;autre, pour s\u2019adapter aux dimensions des formats \u00e0 couper (ex: cm 350).<br \/>\nL&#8217;\u00e9tabli est fournis avec des pieds pliables pour faciliter le transport et avec une paire de crochets pour stocker la guide.<br \/>\nLa rallonge lat\u00e9rale est disponible pour les deux c\u00f4t\u00e9s; elle peut \u00eatre log\u00e9e dans le banc et peut \u00eatre tir\u00e9e de 30 cm de chaque<br \/>\nc\u00f4t\u00e9.<\/p>\n","protected":false},"featured_media":41025847,"template":"","meta":[],"product_brand":[],"product_cat":[495],"product_tag":[],"class_list":{"0":"post-41007309","1":"product","2":"type-product","3":"status-publish","4":"has-post-thumbnail","6":"product_cat-siriset-3-fr","8":"first","9":"instock","10":"product-type-simple"},"_links":{"self":[{"href":"https:\/\/www.siri.mo.it\/index.php\/wp-json\/wp\/v2\/product\/41007309","targetHints":{"allow":["GET"]}}],"collection":[{"href":"https:\/\/www.siri.mo.it\/index.php\/wp-json\/wp\/v2\/product"}],"about":[{"href":"https:\/\/www.siri.mo.it\/index.php\/wp-json\/wp\/v2\/types\/product"}],"wp:featuredmedia":[{"embeddable":true,"href":"https:\/\/www.siri.mo.it\/index.php\/wp-json\/wp\/v2\/media\/41025847"}],"wp:attachment":[{"href":"https:\/\/www.siri.mo.it\/index.php\/wp-json\/wp\/v2\/media?parent=41007309"}],"wp:term":[{"taxonomy":"product_brand","embeddable":true,"href":"https:\/\/www.siri.mo.it\/index.php\/wp-json\/wp\/v2\/product_brand?post=41007309"},{"taxonomy":"product_cat","embeddable":true,"href":"https:\/\/www.siri.mo.it\/index.php\/wp-json\/wp\/v2\/product_cat?post=41007309"},{"taxonomy":"product_tag","embeddable":true,"href":"https:\/\/www.siri.mo.it\/index.php\/wp-json\/wp\/v2\/product_tag?post=41007309"}],"curies":[{"name":"wp","href":"https:\/\/api.w.org\/{rel}","templated":true}]}}