{"id":41007306,"date":"2021-06-13T15:20:37","date_gmt":"2021-06-13T13:37:48","guid":{"rendered":"https:\/\/www.siri.mo.it\/index.php\/prodotto\/siri-flex-3-cs-art-6350\/"},"modified":"2022-03-17T10:29:45","modified_gmt":"2022-03-17T09:29:45","slug":"siri-flex-3-cs-art-6350","status":"publish","type":"product","link":"https:\/\/www.siri.mo.it\/index.php\/prodotto\/siri-flex-3-cs-art-6350\/?lang=fr","title":{"rendered":"SIRI FLEX 3 CS &#8211; art.6350"},"content":{"rendered":"<p>MANUEL\u00a0 \u00a0<a class=\"fb-icon-element-1 fb-icon-element fontawesome-icon fa-file-pdf fas circle-yes fusion-text-flow fusion-link\" style=\"font-size:28.16px;line-height:56.32px;height:56.32px;width:56.32px;border-width:0px;border-radius:50% 50% 50% 50%;margin-right:16px;\" href=\"https:\/\/www.siri.mo.it\/wp-content\/uploads\/2022\/03\/Siriflex-SIRI_in-Francese.pdf\" aria-label=\"Link to https:\/\/www.siri.mo.it\/wp-content\/uploads\/2022\/03\/Siriflex-SIRI_in-Francese.pdf\" target=\"_self\"><\/a><style>a.fb-icon-element.fontawesome-icon.fb-icon-element-1{ color: #ffffff; background-color: #197abf; border-color: #4a4e57;}a.fb-icon-element.fontawesome-icon.fb-icon-element-1:hover { color: #ffffff; background-color: #8bacc2; border-color: #8bacc2;}<\/style><\/p>\n<p>CATALOGUE\u00a0 <a class=\"fb-icon-element-2 fb-icon-element fontawesome-icon fa-file-pdf fas circle-yes fusion-text-flow fusion-link\" style=\"font-size:28.16px;line-height:56.32px;height:56.32px;width:56.32px;border-width:0px;border-radius:50% 50% 50% 50%;margin-right:16px;\" href=\"https:\/\/www.siri.mo.it\/wp-content\/uploads\/2022\/03\/SIRISET-3-2022-1.pdf\" aria-label=\"Link to https:\/\/www.siri.mo.it\/wp-content\/uploads\/2022\/03\/SIRISET-3-2022-1.pdf\" target=\"_self\"><\/a><style>a.fb-icon-element.fontawesome-icon.fb-icon-element-2{ color: #ffffff; background-color: #197abf; border-color: #4a4e57;}a.fb-icon-element.fontawesome-icon.fb-icon-element-2:hover { color: #ffffff; background-color: #8bacc2; border-color: #8bacc2;}<\/style><\/p>\n","protected":false},"excerpt":{"rendered":"<p>SIRI FLEX 3 est un syst\u00e8me de coupe de plaques de grand format en c\u00e9ramique, gr\u00e8s c\u00e9rame\u00a0et marbre. Il permet des coupes lin\u00e9aires, \u00e0 45 \u00b0 et des profils angulaires. Il se compose d\u2019un\u00a0chariot coulissant o\u00f9 loger une meuleuse d\u2019angle avec disque diamant\u00e9 et doit \u00eatre utilis\u00e9 sur\u00a0une des guides disponibles. Gr\u00e2ce \u00e0 quatre poulies avec roulements \u00e0 billes, SIRI FLEX 3 coulisse\u00a0facilement sur les rails en acier des guides et est dot\u00e9 d\u2019un mouvement de basculement pour\u00a0r\u00e9gler la profondeur de coupe. Unique en son genre, est fourni avec un r\u00e9glage millim\u00e9trique\u00a0et deux \u00e9triers qui permettent d\u2019effectuer une coupe Jolly \u00e0 45\u00b0. SIRI FLEX 3 peut accueillir une\u00a0grande partie des meuleuses d\u2019angle pr\u00e9sentes sur le march\u00e9 et est pr\u00e9-\u00e9quip\u00e9 pour l\u2019utilisation\u00a0d\u2019un aspirateur.<\/p>\n","protected":false},"featured_media":41006933,"template":"","meta":[],"product_brand":[],"product_cat":[495],"product_tag":[],"class_list":{"0":"post-41007306","1":"product","2":"type-product","3":"status-publish","4":"has-post-thumbnail","6":"product_cat-siriset-3-fr","8":"first","9":"instock","10":"product-type-simple"},"_links":{"self":[{"href":"https:\/\/www.siri.mo.it\/index.php\/wp-json\/wp\/v2\/product\/41007306","targetHints":{"allow":["GET"]}}],"collection":[{"href":"https:\/\/www.siri.mo.it\/index.php\/wp-json\/wp\/v2\/product"}],"about":[{"href":"https:\/\/www.siri.mo.it\/index.php\/wp-json\/wp\/v2\/types\/product"}],"wp:featuredmedia":[{"embeddable":true,"href":"https:\/\/www.siri.mo.it\/index.php\/wp-json\/wp\/v2\/media\/41006933"}],"wp:attachment":[{"href":"https:\/\/www.siri.mo.it\/index.php\/wp-json\/wp\/v2\/media?parent=41007306"}],"wp:term":[{"taxonomy":"product_brand","embeddable":true,"href":"https:\/\/www.siri.mo.it\/index.php\/wp-json\/wp\/v2\/product_brand?post=41007306"},{"taxonomy":"product_cat","embeddable":true,"href":"https:\/\/www.siri.mo.it\/index.php\/wp-json\/wp\/v2\/product_cat?post=41007306"},{"taxonomy":"product_tag","embeddable":true,"href":"https:\/\/www.siri.mo.it\/index.php\/wp-json\/wp\/v2\/product_tag?post=41007306"}],"curies":[{"name":"wp","href":"https:\/\/api.w.org\/{rel}","templated":true}]}}