{"id":41007259,"date":"2021-06-13T15:20:37","date_gmt":"2021-06-13T13:20:37","guid":{"rendered":"https:\/\/www.siri.mo.it\/index.php\/prodotto\/tampsiri-mm-90x55\/"},"modified":"2025-08-07T16:59:47","modified_gmt":"2025-08-07T14:59:47","slug":"tampsiri-mm-90x55","status":"publish","type":"product","link":"https:\/\/www.siri.mo.it\/index.php\/prodotto\/tampsiri-mm-90x55\/","title":{"rendered":"TAMPSIRI mm 90X55"},"content":{"rendered":"","protected":false},"excerpt":{"rendered":"<p><strong>TAMPSIRI\u00a0 \u00a0 Tampons diamant\u00e9s pour degrossissage et ragr\u00e9er gres c\u00e9rame, marbre, granit et verre, utilisation \u00e0 eau.<\/strong><\/p>\n<p>Pour le pon\u00e7age des coins ou la finition des bords des carreaux de pierre naturelle et de gres c\u00e9rame. Ils peuvent \u00eatre utilis\u00e9s \u00e0 sec mais il est recommand\u00e9<br \/>\nd&#8217;utiliser \u00e0 humides, en mouillant le tampon ou le mat\u00e9riau \u00e0 poncer.<\/p>\n<p>GRANA mm 800 art.1162<\/p>\n<p>GRANA mm 400 art.1160<\/p>\n<p>GRANA mm 200 art.1166<\/p>\n<p>GRANA mm 120 art.1164<\/p>\n<p>GRANA mm 60 art.1165<\/p>\n","protected":false},"featured_media":41027246,"template":"","meta":[],"product_brand":[],"product_cat":[3482,496],"product_tag":[],"class_list":{"0":"post-41007259","1":"product","2":"type-product","3":"status-publish","4":"has-post-thumbnail","6":"product_cat-diamant-und-schleifwerkzeuge-und-zubehor","7":"product_cat-siriset-3-de","9":"first","10":"instock","11":"product-type-simple"},"_links":{"self":[{"href":"https:\/\/www.siri.mo.it\/index.php\/wp-json\/wp\/v2\/product\/41007259","targetHints":{"allow":["GET"]}}],"collection":[{"href":"https:\/\/www.siri.mo.it\/index.php\/wp-json\/wp\/v2\/product"}],"about":[{"href":"https:\/\/www.siri.mo.it\/index.php\/wp-json\/wp\/v2\/types\/product"}],"wp:featuredmedia":[{"embeddable":true,"href":"https:\/\/www.siri.mo.it\/index.php\/wp-json\/wp\/v2\/media\/41027246"}],"wp:attachment":[{"href":"https:\/\/www.siri.mo.it\/index.php\/wp-json\/wp\/v2\/media?parent=41007259"}],"wp:term":[{"taxonomy":"product_brand","embeddable":true,"href":"https:\/\/www.siri.mo.it\/index.php\/wp-json\/wp\/v2\/product_brand?post=41007259"},{"taxonomy":"product_cat","embeddable":true,"href":"https:\/\/www.siri.mo.it\/index.php\/wp-json\/wp\/v2\/product_cat?post=41007259"},{"taxonomy":"product_tag","embeddable":true,"href":"https:\/\/www.siri.mo.it\/index.php\/wp-json\/wp\/v2\/product_tag?post=41007259"}],"curies":[{"name":"wp","href":"https:\/\/api.w.org\/{rel}","templated":true}]}}