{"id":41006883,"date":"2021-06-13T13:04:22","date_gmt":"2021-06-13T13:10:15","guid":{"rendered":"https:\/\/www.siri.mo.it\/index.php\/prodotto\/siri-display-art-2530b\/"},"modified":"2021-06-13T15:10:19","modified_gmt":"2021-06-13T13:10:19","slug":"siri-display-art-2530b","status":"publish","type":"product","link":"https:\/\/www.siri.mo.it\/index.php\/prodotto\/siri-display-art-2530b\/?lang=de","title":{"rendered":"SIRI DISPLAY art.2530B"},"content":{"rendered":"","protected":false},"excerpt":{"rendered":"<p>Display Fliesenschneider cm 100&#215;59 H 215 mit 4 Fachb\u00f6den, St\u00fctzfu\u00df und Schild.<\/p>\n<p>Maximale Kapazit\u00e4t 5 Fliesenschneider<\/p>\n","protected":false},"featured_media":41006808,"template":"","meta":[],"product_brand":[],"product_cat":[144],"product_tag":[],"class_list":{"0":"post-41006883","1":"product","2":"type-product","3":"status-publish","4":"has-post-thumbnail","6":"product_cat-tagliapiastrelle-siri","8":"first","9":"instock","10":"product-type-simple"},"_links":{"self":[{"href":"https:\/\/www.siri.mo.it\/index.php\/wp-json\/wp\/v2\/product\/41006883","targetHints":{"allow":["GET"]}}],"collection":[{"href":"https:\/\/www.siri.mo.it\/index.php\/wp-json\/wp\/v2\/product"}],"about":[{"href":"https:\/\/www.siri.mo.it\/index.php\/wp-json\/wp\/v2\/types\/product"}],"wp:featuredmedia":[{"embeddable":true,"href":"https:\/\/www.siri.mo.it\/index.php\/wp-json\/wp\/v2\/media\/41006808"}],"wp:attachment":[{"href":"https:\/\/www.siri.mo.it\/index.php\/wp-json\/wp\/v2\/media?parent=41006883"}],"wp:term":[{"taxonomy":"product_brand","embeddable":true,"href":"https:\/\/www.siri.mo.it\/index.php\/wp-json\/wp\/v2\/product_brand?post=41006883"},{"taxonomy":"product_cat","embeddable":true,"href":"https:\/\/www.siri.mo.it\/index.php\/wp-json\/wp\/v2\/product_cat?post=41006883"},{"taxonomy":"product_tag","embeddable":true,"href":"https:\/\/www.siri.mo.it\/index.php\/wp-json\/wp\/v2\/product_tag?post=41006883"}],"curies":[{"name":"wp","href":"https:\/\/api.w.org\/{rel}","templated":true}]}}