{"id":41006871,"date":"2021-06-13T13:01:08","date_gmt":"2021-06-13T13:09:36","guid":{"rendered":"https:\/\/www.siri.mo.it\/index.php\/prodotto\/siritop-57-art-20057-mit-drucksystem\/"},"modified":"2022-03-16T10:08:33","modified_gmt":"2022-03-16T09:08:33","slug":"siritop-57-art-20057-mit-drucksystem","status":"publish","type":"product","link":"https:\/\/www.siri.mo.it\/index.php\/prodotto\/siritop-57-art-20057-mit-drucksystem\/?lang=de","title":{"rendered":"SiriPro 57 art.20057 MIT DRUCKSYSTEM"},"content":{"rendered":"<p>Professioneller Fliesenschneider f\u00fcr Schnitte auf Fliesen aus Keramik und Feinsteinzeug. Rahmen aus Aluminiumdruckguss, der Festigkeit, geringes<br \/>\nGewicht und langfristige Haltbarkeit gew\u00e4hrleistet. Gefederte Auflagefl\u00e4chen f\u00fcr ein leichteres Trennen der Fliesen. Handgriff auf Aluminiumschlitten mit 11 Kugellagern, f\u00fcr ein optimales Gleiten und eine perfekte Schnittlinie mit gr\u00f6\u00dfter Sichtbarkeit. Die maximale Schnittst\u00e4rke betr\u00e4gt 15 mm. Die 4 Trenner des Handgriffs sind mit einem Teflonschutz ausger\u00fcstet. Der Winkel ist beidseitig schwenkbar, mit Messskala f\u00fcr Winkel \u00b145\u00b0. Der Winkel verf\u00fcgt \u00fcber Ma\u00dfe in Zentimetern und Zoll sowie \u00fcber eine Skala zur Messung der Diagonale und ist mit einer klappbaren Verl\u00e4ngerung ausgestattet. Rutschfeste und kratzfeste Gummif\u00fc\u00dfe. Einklappbare Seitenst\u00fctzen f\u00fcr gro\u00dfformatige Fliesen.<br \/>\nAuf Anfrage sind Koffer, Taschen f\u00fcr den Transport und die Gummimatte zum Schneiden von Mosaiken erh\u00e4ltlich.<\/p>\n<div class=\"video-shortcode\"><iframe title=\"SIRIPRO MOSAICO\" width=\"1200\" height=\"675\" src=\"https:\/\/www.youtube.com\/embed\/VobZJs23Sw8?feature=oembed\" frameborder=\"0\" allow=\"accelerometer; autoplay; clipboard-write; encrypted-media; gyroscope; picture-in-picture\" allowfullscreen><\/iframe><\/div>\n<p>HANDBUCH: <a class=\"fb-icon-element-1 fb-icon-element fontawesome-icon fa-file-pdf fas circle-yes fusion-text-flow fusion-link\" style=\"font-size:28.16px;line-height:56.32px;height:56.32px;width:56.32px;border-width:0px;border-radius:50% 50% 50% 50%;margin-right:16px;\" href=\"https:\/\/www.siri.mo.it\/wp-content\/uploads\/2022\/03\/Siripro-rev.6-ita-eng-fra-ted.pdf\" aria-label=\"Link to https:\/\/www.siri.mo.it\/wp-content\/uploads\/2022\/03\/Siripro-rev.6-ita-eng-fra-ted.pdf\" target=\"_self\"><\/a><style>a.fb-icon-element.fontawesome-icon.fb-icon-element-1{ color: #ffffff; background-color: #197abf; border-color: #4a4e57;}a.fb-icon-element.fontawesome-icon.fb-icon-element-1:hover { color: #ffffff; background-color: #8bacc2; border-color: #8bacc2;}<\/style><\/p>\n<p>KATALOG:\u00a0 <a class=\"fb-icon-element-2 fb-icon-element fontawesome-icon fa-file-pdf fas circle-yes fusion-text-flow fusion-link\" style=\"font-size:28.16px;line-height:56.32px;height:56.32px;width:56.32px;border-width:0px;border-radius:50% 50% 50% 50%;margin-right:16px;\" href=\"https:\/\/www.siri.mo.it\/wp-content\/uploads\/2022\/03\/SIRIPRO-2020-LR.pdf\" aria-label=\"Link to https:\/\/www.siri.mo.it\/wp-content\/uploads\/2022\/03\/SIRIPRO-2020-LR.pdf\" target=\"_self\"><\/a><style>a.fb-icon-element.fontawesome-icon.fb-icon-element-2{ color: #ffffff; background-color: #197abf; border-color: #4a4e57;}a.fb-icon-element.fontawesome-icon.fb-icon-element-2:hover { color: #ffffff; background-color: #8bacc2; border-color: #8bacc2;}<\/style><\/p>\n","protected":false},"excerpt":{"rendered":"<p>Fliesenschneidemaschine fu?r den professionellen Gebrauch zum Schnitt von Keramik und Feinsteinzeug. Linearschnitt cm 57 -&amp; Diagonalschnitt cm 40 X 40 &#8211; Schnitthoehe cm 2 &#8211; Widiaradchen d.22 mm mit Bolzen art.105023.<\/p>\n","protected":false},"featured_media":41006641,"template":"","meta":[],"product_brand":[],"product_cat":[499],"product_tag":[],"class_list":{"0":"post-41006871","1":"product","2":"type-product","3":"status-publish","4":"has-post-thumbnail","6":"product_cat-siri-fliesenschneider","8":"first","9":"instock","10":"product-type-simple"},"_links":{"self":[{"href":"https:\/\/www.siri.mo.it\/index.php\/wp-json\/wp\/v2\/product\/41006871","targetHints":{"allow":["GET"]}}],"collection":[{"href":"https:\/\/www.siri.mo.it\/index.php\/wp-json\/wp\/v2\/product"}],"about":[{"href":"https:\/\/www.siri.mo.it\/index.php\/wp-json\/wp\/v2\/types\/product"}],"wp:featuredmedia":[{"embeddable":true,"href":"https:\/\/www.siri.mo.it\/index.php\/wp-json\/wp\/v2\/media\/41006641"}],"wp:attachment":[{"href":"https:\/\/www.siri.mo.it\/index.php\/wp-json\/wp\/v2\/media?parent=41006871"}],"wp:term":[{"taxonomy":"product_brand","embeddable":true,"href":"https:\/\/www.siri.mo.it\/index.php\/wp-json\/wp\/v2\/product_brand?post=41006871"},{"taxonomy":"product_cat","embeddable":true,"href":"https:\/\/www.siri.mo.it\/index.php\/wp-json\/wp\/v2\/product_cat?post=41006871"},{"taxonomy":"product_tag","embeddable":true,"href":"https:\/\/www.siri.mo.it\/index.php\/wp-json\/wp\/v2\/product_tag?post=41006871"}],"curies":[{"name":"wp","href":"https:\/\/api.w.org\/{rel}","templated":true}]}}