{"id":41006868,"date":"2021-06-13T13:01:08","date_gmt":"2021-06-13T13:09:36","guid":{"rendered":"https:\/\/www.siri.mo.it\/index.php\/prodotto\/sirieco-53-art-5825-drucksystem\/"},"modified":"2021-11-10T10:50:55","modified_gmt":"2021-11-10T09:50:55","slug":"sirieco-53-art-5825-drucksystem","status":"publish","type":"product","link":"https:\/\/www.siri.mo.it\/index.php\/prodotto\/sirieco-53-art-5825-drucksystem\/?lang=de","title":{"rendered":"SiriEco 53 art.5825 DRUCKSYSTEM"},"content":{"rendered":"","protected":false},"excerpt":{"rendered":"<p>LEICHT, PRAKTISCH UND GENAU, MIT WINKEL F\u00dcR LINE\u00c4RE UND DIAGONALE SCHNITTE, UND SCHNITT DURCH WEGDR\u00dcCKEN<\/p>\n<p>Linearer Schnitt cm 53\u00a0 \u2013 Diagonalschnitt\u00a0 cm 37 X 37 \u2013 Schnitthoehe cm 2 \u2013 Widiaradchen d.12 mm mit Bolzen art.148BLI<\/p>\n<p>&nbsp;<\/p>\n","protected":false},"featured_media":41022571,"template":"","meta":[],"product_brand":[],"product_cat":[499],"product_tag":[],"class_list":{"0":"post-41006868","1":"product","2":"type-product","3":"status-publish","4":"has-post-thumbnail","6":"product_cat-siri-fliesenschneider","8":"first","9":"instock","10":"product-type-simple"},"_links":{"self":[{"href":"https:\/\/www.siri.mo.it\/index.php\/wp-json\/wp\/v2\/product\/41006868","targetHints":{"allow":["GET"]}}],"collection":[{"href":"https:\/\/www.siri.mo.it\/index.php\/wp-json\/wp\/v2\/product"}],"about":[{"href":"https:\/\/www.siri.mo.it\/index.php\/wp-json\/wp\/v2\/types\/product"}],"wp:featuredmedia":[{"embeddable":true,"href":"https:\/\/www.siri.mo.it\/index.php\/wp-json\/wp\/v2\/media\/41022571"}],"wp:attachment":[{"href":"https:\/\/www.siri.mo.it\/index.php\/wp-json\/wp\/v2\/media?parent=41006868"}],"wp:term":[{"taxonomy":"product_brand","embeddable":true,"href":"https:\/\/www.siri.mo.it\/index.php\/wp-json\/wp\/v2\/product_brand?post=41006868"},{"taxonomy":"product_cat","embeddable":true,"href":"https:\/\/www.siri.mo.it\/index.php\/wp-json\/wp\/v2\/product_cat?post=41006868"},{"taxonomy":"product_tag","embeddable":true,"href":"https:\/\/www.siri.mo.it\/index.php\/wp-json\/wp\/v2\/product_tag?post=41006868"}],"curies":[{"name":"wp","href":"https:\/\/api.w.org\/{rel}","templated":true}]}}