{"id":41006867,"date":"2021-06-13T13:01:08","date_gmt":"2021-06-13T13:09:36","guid":{"rendered":"https:\/\/www.siri.mo.it\/index.php\/prodotto\/sirismart-80-art-5080-zugschnitt\/"},"modified":"2022-03-15T09:20:59","modified_gmt":"2022-03-15T08:20:59","slug":"sirismart-80-art-5080-zugschnitt","status":"publish","type":"product","link":"https:\/\/www.siri.mo.it\/index.php\/prodotto\/sirismart-80-art-5080-zugschnitt\/?lang=de","title":{"rendered":"SiriSmart 80 art.5080 ZUGSCHNITT"},"content":{"rendered":"<p>Fliesenschneidemaschine f\u00fcr den professionellen Gebrauch zum Schnitt von Keramik und Feinsteinzeug. Druckgegossener Aluminiumrahmen zur Gew\u00e4hrleistung von Robustheit, geringem Gewicht und langer Best\u00e4ndigkeit. Gefederte Fl\u00e4chen zur Erleichterung der Fliesentrennung. Aluminiumgriff mit speziellem Inneneinsatz zur Gew\u00e4hrleistung von gro\u00dfer Genauigkeit, Gleitf\u00e4higkeit und Best\u00e4ndigkeit sowie mit kratzfestem Schutz in der Trennvorrichtung. Der Griff wurde au\u00dferdem daf\u00fcr entwickelt, um Schnittst\u00e4rken von 0 bis 2 cm durchzuf\u00fchren. Nach beiden Seiten orientierbarer Winkelkopf mit Messskala f\u00fcr Abwinkelungen von -45\u00b0 bis +45\u00b0, Zentimeter und Zollstab f\u00fcr Linearschnitt und Messskala f\u00fcr die Diagonale. Der Winkelkopf ist an der Schnittlinie zur Gew\u00e4hrleistung der realen linearen und diagonalen Messung angeschwenkt. Ausgestattet mit Verl\u00e4ngerung f\u00fcr den Winkelkopf, mit Mass-Skalawinkel, rutsch und kratzfesten Gummifu\u00dfen und seitlichen, versenkbaren Haltern f\u00fcr gro\u00dfformatige Fliesen. Auf Anfrage ist auch ein Transportkoffer erh\u00e4ltlich.<\/p>\n<div class=\"video-shortcode\"><iframe title=\"SIRISMART MOSAICO\" width=\"1200\" height=\"675\" src=\"https:\/\/www.youtube.com\/embed\/3PxQygblSgQ?feature=oembed\" frameborder=\"0\" allow=\"accelerometer; autoplay; clipboard-write; encrypted-media; gyroscope; picture-in-picture\" allowfullscreen><\/iframe><\/div>\n<p>HANDBUCH: <a class=\"fb-icon-element-1 fb-icon-element fontawesome-icon fa-file-pdf fas circle-yes fusion-text-flow fusion-link\" style=\"font-size:28.16px;line-height:56.32px;height:56.32px;width:56.32px;border-width:0px;border-radius:50% 50% 50% 50%;margin-right:16px;\" href=\"https:\/\/www.siri.mo.it\/wp-content\/uploads\/2022\/03\/SIRISMART.pdf\" aria-label=\"Link to https:\/\/www.siri.mo.it\/wp-content\/uploads\/2022\/03\/SIRISMART.pdf\" target=\"_self\"><\/a><style>a.fb-icon-element.fontawesome-icon.fb-icon-element-1{ color: #ffffff; background-color: #197abf; border-color: #4a4e57;}a.fb-icon-element.fontawesome-icon.fb-icon-element-1:hover { color: #ffffff; background-color: #8bacc2; border-color: #8bacc2;}<\/style><\/p>\n<p>&nbsp;<\/p>\n","protected":false},"excerpt":{"rendered":"<p>Fliesenschneidemaschine f\u00fcr den professionellen Gebrauch zum Schnitt<br \/>\nvon Keramik und Feinsteinzeug. Linearschnitt cm 80 &#8211; Diagonalschnitt cm 57 X 57 &#8211; Schnitthoehe cm 2 &#8211; Widiaradchen d.12 mm mit Bolzen art.148BLI<\/p>\n","protected":false},"featured_media":41024532,"template":"","meta":[],"product_brand":[],"product_cat":[499],"product_tag":[],"class_list":{"0":"post-41006867","1":"product","2":"type-product","3":"status-publish","4":"has-post-thumbnail","6":"product_cat-siri-fliesenschneider","8":"first","9":"instock","10":"product-type-simple"},"_links":{"self":[{"href":"https:\/\/www.siri.mo.it\/index.php\/wp-json\/wp\/v2\/product\/41006867","targetHints":{"allow":["GET"]}}],"collection":[{"href":"https:\/\/www.siri.mo.it\/index.php\/wp-json\/wp\/v2\/product"}],"about":[{"href":"https:\/\/www.siri.mo.it\/index.php\/wp-json\/wp\/v2\/types\/product"}],"wp:featuredmedia":[{"embeddable":true,"href":"https:\/\/www.siri.mo.it\/index.php\/wp-json\/wp\/v2\/media\/41024532"}],"wp:attachment":[{"href":"https:\/\/www.siri.mo.it\/index.php\/wp-json\/wp\/v2\/media?parent=41006867"}],"wp:term":[{"taxonomy":"product_brand","embeddable":true,"href":"https:\/\/www.siri.mo.it\/index.php\/wp-json\/wp\/v2\/product_brand?post=41006867"},{"taxonomy":"product_cat","embeddable":true,"href":"https:\/\/www.siri.mo.it\/index.php\/wp-json\/wp\/v2\/product_cat?post=41006867"},{"taxonomy":"product_tag","embeddable":true,"href":"https:\/\/www.siri.mo.it\/index.php\/wp-json\/wp\/v2\/product_tag?post=41006867"}],"curies":[{"name":"wp","href":"https:\/\/api.w.org\/{rel}","templated":true}]}}