{"id":41006859,"date":"2021-05-13T13:00:22","date_gmt":"2021-06-13T13:02:27","guid":{"rendered":"https:\/\/www.siri.mo.it\/index.php\/prodotto\/siri-table-art-6338\/"},"modified":"2021-08-20T10:34:05","modified_gmt":"2021-08-20T08:34:05","slug":"siri-table-art-6338","status":"publish","type":"product","link":"https:\/\/www.siri.mo.it\/index.php\/prodotto\/siri-table-art-6338\/?lang=fr","title":{"rendered":"SIRI TABLE art.6338"},"content":{"rendered":"","protected":false},"excerpt":{"rendered":"<p>Table de travail professionnelle pour carreleur, en bois marin, avec ch\u00e2ssis en m\u00e9tal tr\u00e8s robuste, pliable et facile \u00e0 transporter.\u00a0Dimensions:\u00a0cm 115X60X70.<\/p>\n","protected":false},"featured_media":41006786,"template":"","meta":[],"product_brand":[],"product_cat":[498],"product_tag":[],"class_list":{"0":"post-41006859","1":"product","2":"type-product","3":"status-publish","4":"has-post-thumbnail","6":"product_cat-coupe-carreaux-siri","8":"first","9":"instock","10":"product-type-simple"},"_links":{"self":[{"href":"https:\/\/www.siri.mo.it\/index.php\/wp-json\/wp\/v2\/product\/41006859","targetHints":{"allow":["GET"]}}],"collection":[{"href":"https:\/\/www.siri.mo.it\/index.php\/wp-json\/wp\/v2\/product"}],"about":[{"href":"https:\/\/www.siri.mo.it\/index.php\/wp-json\/wp\/v2\/types\/product"}],"wp:featuredmedia":[{"embeddable":true,"href":"https:\/\/www.siri.mo.it\/index.php\/wp-json\/wp\/v2\/media\/41006786"}],"wp:attachment":[{"href":"https:\/\/www.siri.mo.it\/index.php\/wp-json\/wp\/v2\/media?parent=41006859"}],"wp:term":[{"taxonomy":"product_brand","embeddable":true,"href":"https:\/\/www.siri.mo.it\/index.php\/wp-json\/wp\/v2\/product_brand?post=41006859"},{"taxonomy":"product_cat","embeddable":true,"href":"https:\/\/www.siri.mo.it\/index.php\/wp-json\/wp\/v2\/product_cat?post=41006859"},{"taxonomy":"product_tag","embeddable":true,"href":"https:\/\/www.siri.mo.it\/index.php\/wp-json\/wp\/v2\/product_tag?post=41006859"}],"curies":[{"name":"wp","href":"https:\/\/api.w.org\/{rel}","templated":true}]}}