{"id":41006848,"date":"2021-06-13T13:01:08","date_gmt":"2021-06-13T13:01:49","guid":{"rendered":"https:\/\/www.siri.mo.it\/index.php\/prodotto\/siripro-57-art-20057-syst%ef%bf%bdme-%ef%bf%bd-pouss%ef%bf%bde\/"},"modified":"2022-03-16T10:07:36","modified_gmt":"2022-03-16T09:07:36","slug":"siripro-57-art-20057-systeme-a-pousser","status":"publish","type":"product","link":"https:\/\/www.siri.mo.it\/index.php\/prodotto\/siripro-57-art-20057-systeme-a-pousser\/?lang=fr","title":{"rendered":"SiriPro 57 art.20057 syst\u00e8me \u00e0 pousser"},"content":{"rendered":"<p>Coupe-carreaux professionnel avec syst\u00e8me\u00a0\u00e0 pousser, pour coupes sur c\u00e9ramiques et\u00a0gr\u00e8s c\u00e9rame. Cadre en aluminium assurant\u00a0robustesse, poids contenu et durabilit\u00e9 dans\u00a0le temps. Plans moelleux pour faciliter la\u00a0s\u00e9paration du carreau. Chariot du manche en\u00a0aluminium avec 11 roulements \u00e0 billes pour\u00a0une grande pr\u00e9cision, fluidit\u00e9, durabilit\u00e9 et\u00a0maximum de visibilit\u00e8 de la ligne de coupe.\u00a0L\u2019\u00e9paisseur de coupe maximale est 15 mm; les\u00a04 s\u00e9parateurs de la poign\u00e9e sont \u00e9quip\u00e9s de\u00a0protections en t\u00e9flon. Equerre orientable dans\u00a0les deux c\u00f4t\u00e9s, avec \u00e9chelle de mesurage pour\u00a0angles de -45 \u00e0 +45\u00b0. L\u2019 \u00e9querre a indiqu\u00e9 les\u00a0mesures en centim\u00e8tres et en pouces pour\u00a0les coupes lin\u00e9aires et \u00e9chelle avec mesure\u00a0du c\u00f4t\u00e9s du carreau et est dot\u00e9e de rallonge\u00a0pliable. Pieds en caoutchouc, antid\u00e9rapant et\u00a0antirayure. Supports lat\u00e9raux r\u00e9tractiles pour\u00a0les carreaux\u00a0des grands formats. Sur demande sont disponible\u00a0les malettes, les sacs de transport et un\u00a0tapis en caoutchouc pour couper le mosaique.<\/p>\n<div class=\"video-shortcode\"><iframe title=\"SIRIPRO MOSAICO\" width=\"1200\" height=\"675\" src=\"https:\/\/www.youtube.com\/embed\/VobZJs23Sw8?feature=oembed\" frameborder=\"0\" allow=\"accelerometer; autoplay; clipboard-write; encrypted-media; gyroscope; picture-in-picture\" allowfullscreen><\/iframe><\/div>\n<p>MANUEL: <a class=\"fb-icon-element-1 fb-icon-element fontawesome-icon fa-file-pdf fas circle-yes fusion-text-flow fusion-link\" style=\"font-size:28.16px;line-height:56.32px;height:56.32px;width:56.32px;border-width:0px;border-radius:50% 50% 50% 50%;margin-right:16px;\" href=\"https:\/\/www.siri.mo.it\/wp-content\/uploads\/2022\/03\/Siripro-rev.6-ita-eng-fra-ted.pdf\" aria-label=\"Link to https:\/\/www.siri.mo.it\/wp-content\/uploads\/2022\/03\/Siripro-rev.6-ita-eng-fra-ted.pdf\" target=\"_self\"><\/a><style>a.fb-icon-element.fontawesome-icon.fb-icon-element-1{ color: #ffffff; background-color: #197abf; border-color: #4a4e57;}a.fb-icon-element.fontawesome-icon.fb-icon-element-1:hover { color: #ffffff; background-color: #8bacc2; border-color: #8bacc2;}<\/style><\/p>\n<p>CATALOGUE:\u00a0 <a class=\"fb-icon-element-2 fb-icon-element fontawesome-icon fa-file-pdf fas circle-yes fusion-text-flow fusion-link\" style=\"font-size:28.16px;line-height:56.32px;height:56.32px;width:56.32px;border-width:0px;border-radius:50% 50% 50% 50%;margin-right:16px;\" href=\"https:\/\/www.siri.mo.it\/wp-content\/uploads\/2022\/03\/SIRIPRO-2020-LR.pdf\" aria-label=\"Link to https:\/\/www.siri.mo.it\/wp-content\/uploads\/2022\/03\/SIRIPRO-2020-LR.pdf\" target=\"_self\"><\/a><style>a.fb-icon-element.fontawesome-icon.fb-icon-element-2{ color: #ffffff; background-color: #197abf; border-color: #4a4e57;}a.fb-icon-element.fontawesome-icon.fb-icon-element-2:hover { color: #ffffff; background-color: #8bacc2; border-color: #8bacc2;}<\/style><\/p>\n","protected":false},"excerpt":{"rendered":"<p>Coupe-carreaux professionnel pour coupes sur c\u00e9ramiques et gr\u00e8s c\u00e9rame.Coupes: Lin\u00e9aire cm 57 \u2013 Diagonale cm 40 x 40 Epaisseur max mm 15. Rondelle \u00f8 mm 22 avec goujon art.105023.<\/p>\n","protected":false},"featured_media":41006640,"template":"","meta":[],"product_brand":[],"product_cat":[498],"product_tag":[],"class_list":{"0":"post-41006848","1":"product","2":"type-product","3":"status-publish","4":"has-post-thumbnail","6":"product_cat-coupe-carreaux-siri","8":"first","9":"instock","10":"product-type-simple"},"_links":{"self":[{"href":"https:\/\/www.siri.mo.it\/index.php\/wp-json\/wp\/v2\/product\/41006848","targetHints":{"allow":["GET"]}}],"collection":[{"href":"https:\/\/www.siri.mo.it\/index.php\/wp-json\/wp\/v2\/product"}],"about":[{"href":"https:\/\/www.siri.mo.it\/index.php\/wp-json\/wp\/v2\/types\/product"}],"wp:featuredmedia":[{"embeddable":true,"href":"https:\/\/www.siri.mo.it\/index.php\/wp-json\/wp\/v2\/media\/41006640"}],"wp:attachment":[{"href":"https:\/\/www.siri.mo.it\/index.php\/wp-json\/wp\/v2\/media?parent=41006848"}],"wp:term":[{"taxonomy":"product_brand","embeddable":true,"href":"https:\/\/www.siri.mo.it\/index.php\/wp-json\/wp\/v2\/product_brand?post=41006848"},{"taxonomy":"product_cat","embeddable":true,"href":"https:\/\/www.siri.mo.it\/index.php\/wp-json\/wp\/v2\/product_cat?post=41006848"},{"taxonomy":"product_tag","embeddable":true,"href":"https:\/\/www.siri.mo.it\/index.php\/wp-json\/wp\/v2\/product_tag?post=41006848"}],"curies":[{"name":"wp","href":"https:\/\/api.w.org\/{rel}","templated":true}]}}