{"id":41006847,"date":"2021-06-13T13:01:08","date_gmt":"2021-06-13T13:01:49","guid":{"rendered":"https:\/\/www.siri.mo.it\/index.php\/prodotto\/sirismart-90-art-5090-syst%ef%bf%bdm-%ef%bf%bd-traction\/"},"modified":"2022-03-10T17:22:32","modified_gmt":"2022-03-10T16:22:32","slug":"sirismart-90-art-5090-systeme-a-tirer","status":"publish","type":"product","link":"https:\/\/www.siri.mo.it\/index.php\/prodotto\/sirismart-90-art-5090-systeme-a-tirer\/?lang=fr","title":{"rendered":"SiriSmart 90 art.5090 syst\u00e8me \u00e0 tirer"},"content":{"rendered":"<p>LE COUPE-CARREAUX PR\u00c9CIS ET L\u00c9GER\u00a0Coupe-carreaux professionnel avec syst\u00e8me\u00a0\u00e0 tirer pour coupes sur c\u00e9ramiques et gr\u00e8s\u00a0c\u00e9rame. Cadre en aluminium, assurant robustesse,\u00a0poids contenu et durabilit\u00e9 dans le\u00a0temps. Plans moelleux pour faciliter la s\u00e9paration\u00a0des carreaux. Manche en aluminium\u00a0avec plaquette sp\u00e9ciale interne en vue d\u2019assurer\u00a0une grande pr\u00e9cision, fluidit\u00e9 et durabilit\u00e9;\u00a0protection inrayable dans le s\u00e9parateur.\u00a0Le manche a \u00e9t\u00e9 sp\u00e9cialement con\u00e7u afin\u00a0d\u2019assurer des \u00e9paisseurs de coupe maximale\u00a0de 15 mm et il est \u00e9quip\u00e9 d&#8217;un s\u00e9parateur\u00a0avec protection anti-rayures. L&#8217;\u00e9querre est\u00a0orientable dans les deux c\u00f4t\u00e9s, avec \u00e9chelle\u00a0de mesurage pour angles de \u00b145\u00b0. L&#8217;\u00e9querre\u00a0a indiqu\u00e9 les mesures en centim\u00e8tres et pouces\u00a0et une \u00e9chelle pour la mesure de la diagonale;\u00a0il est aussi \u00e9quip\u00e9 d&#8217;une extension pliante.\u00a0Les pieds sont en caoutchouc antiglisse et\u00a0inrayable; les support lat\u00e9raux sont r\u00e9tractiles\u00a0pour les carreaux de grand format. Sur demande\u00a0sont disponible les malettes ou les\u00a0sacs de transport et un tapis en caoutchouc\u00a0pour couper le mosaique.<\/p>\n<div class=\"video-shortcode\"><iframe title=\"SIRISMART MOSAICO\" width=\"1200\" height=\"675\" src=\"https:\/\/www.youtube.com\/embed\/3PxQygblSgQ?feature=oembed\" frameborder=\"0\" allow=\"accelerometer; autoplay; clipboard-write; encrypted-media; gyroscope; picture-in-picture\" allowfullscreen><\/iframe><\/div>\n<p>Manuel:\u00a0 \u00a0 <a class=\"fb-icon-element-1 fb-icon-element fontawesome-icon fa-file-pdf fas circle-yes fusion-text-flow fusion-link\" style=\"font-size:28.16px;line-height:56.32px;height:56.32px;width:56.32px;border-width:0px;border-radius:50% 50% 50% 50%;margin-right:16px;\" href=\"https:\/\/www.siri.mo.it\/wp-content\/uploads\/2022\/03\/SIRISMART.pdf\" aria-label=\"Link to https:\/\/www.siri.mo.it\/wp-content\/uploads\/2022\/03\/SIRISMART.pdf\" target=\"_self\"><\/a><style>a.fb-icon-element.fontawesome-icon.fb-icon-element-1{ color: #ffffff; background-color: #197abf; border-color: #4a4e57;}a.fb-icon-element.fontawesome-icon.fb-icon-element-1:hover { color: #ffffff; background-color: #8bacc2; border-color: #8bacc2;}<\/style><\/p>\n","protected":false},"excerpt":{"rendered":"<p>Coupe-carreaux professionnel avec syst\u00e8me\u00a0\u00e0 tirer pour coupes sur c\u00e9ramiques et gr\u00e8s\u00a0c\u00e9rame. Coupes: Lineaire cm 90 &#8211; Diagonale cm 63 x 63 Epaisseur max mm 15. Rondelle d. mm 15 avec goujon art. 105020.<\/p>\n","protected":false},"featured_media":41024526,"template":"","meta":[],"product_brand":[],"product_cat":[144],"product_tag":[],"class_list":{"0":"post-41006847","1":"product","2":"type-product","3":"status-publish","4":"has-post-thumbnail","6":"product_cat-tagliapiastrelle-siri","8":"first","9":"instock","10":"product-type-simple"},"_links":{"self":[{"href":"https:\/\/www.siri.mo.it\/index.php\/wp-json\/wp\/v2\/product\/41006847","targetHints":{"allow":["GET"]}}],"collection":[{"href":"https:\/\/www.siri.mo.it\/index.php\/wp-json\/wp\/v2\/product"}],"about":[{"href":"https:\/\/www.siri.mo.it\/index.php\/wp-json\/wp\/v2\/types\/product"}],"wp:featuredmedia":[{"embeddable":true,"href":"https:\/\/www.siri.mo.it\/index.php\/wp-json\/wp\/v2\/media\/41024526"}],"wp:attachment":[{"href":"https:\/\/www.siri.mo.it\/index.php\/wp-json\/wp\/v2\/media?parent=41006847"}],"wp:term":[{"taxonomy":"product_brand","embeddable":true,"href":"https:\/\/www.siri.mo.it\/index.php\/wp-json\/wp\/v2\/product_brand?post=41006847"},{"taxonomy":"product_cat","embeddable":true,"href":"https:\/\/www.siri.mo.it\/index.php\/wp-json\/wp\/v2\/product_cat?post=41006847"},{"taxonomy":"product_tag","embeddable":true,"href":"https:\/\/www.siri.mo.it\/index.php\/wp-json\/wp\/v2\/product_tag?post=41006847"}],"curies":[{"name":"wp","href":"https:\/\/api.w.org\/{rel}","templated":true}]}}