{"id":41006841,"date":"2021-06-13T13:01:08","date_gmt":"2021-06-13T13:01:49","guid":{"rendered":"https:\/\/www.siri.mo.it\/index.php\/prodotto\/rapid-art-31\/"},"modified":"2021-08-20T15:23:12","modified_gmt":"2021-08-20T13:23:12","slug":"rapid-art-31","status":"publish","type":"product","link":"https:\/\/www.siri.mo.it\/index.php\/prodotto\/rapid-art-31\/?lang=fr","title":{"rendered":"Rapid art.31"},"content":{"rendered":"","protected":false},"excerpt":{"rendered":"<p>Coupe-carreaux pour coupes lin\u00e9aires et fa\u00e7onn\u00e9es, sur c\u00e9ramique et\u00a0gr\u00e8s c\u00e9rame. Roue de <span class=\"Apple-converted-space\">\u00a0<\/span>8 mm.<\/p>\n","protected":false},"featured_media":41022592,"template":"","meta":[],"product_brand":[],"product_cat":[498],"product_tag":[],"class_list":{"0":"post-41006841","1":"product","2":"type-product","3":"status-publish","4":"has-post-thumbnail","6":"product_cat-coupe-carreaux-siri","8":"first","9":"instock","10":"product-type-simple"},"_links":{"self":[{"href":"https:\/\/www.siri.mo.it\/index.php\/wp-json\/wp\/v2\/product\/41006841","targetHints":{"allow":["GET"]}}],"collection":[{"href":"https:\/\/www.siri.mo.it\/index.php\/wp-json\/wp\/v2\/product"}],"about":[{"href":"https:\/\/www.siri.mo.it\/index.php\/wp-json\/wp\/v2\/types\/product"}],"wp:featuredmedia":[{"embeddable":true,"href":"https:\/\/www.siri.mo.it\/index.php\/wp-json\/wp\/v2\/media\/41022592"}],"wp:attachment":[{"href":"https:\/\/www.siri.mo.it\/index.php\/wp-json\/wp\/v2\/media?parent=41006841"}],"wp:term":[{"taxonomy":"product_brand","embeddable":true,"href":"https:\/\/www.siri.mo.it\/index.php\/wp-json\/wp\/v2\/product_brand?post=41006841"},{"taxonomy":"product_cat","embeddable":true,"href":"https:\/\/www.siri.mo.it\/index.php\/wp-json\/wp\/v2\/product_cat?post=41006841"},{"taxonomy":"product_tag","embeddable":true,"href":"https:\/\/www.siri.mo.it\/index.php\/wp-json\/wp\/v2\/product_tag?post=41006841"}],"curies":[{"name":"wp","href":"https:\/\/api.w.org\/{rel}","templated":true}]}}