{"id":41006838,"date":"2021-06-13T13:01:08","date_gmt":"2021-06-13T13:01:49","guid":{"rendered":"https:\/\/www.siri.mo.it\/index.php\/prodotto\/sirieco-63-art-5835-syst%ef%bf%bdme-%ef%bf%bd-pouss%ef%bf%bde\/"},"modified":"2021-11-10T12:04:55","modified_gmt":"2021-11-10T11:04:55","slug":"sirieco-63-art-5835-systeme-a-pousser","status":"publish","type":"product","link":"https:\/\/www.siri.mo.it\/index.php\/prodotto\/sirieco-63-art-5835-systeme-a-pousser\/?lang=fr","title":{"rendered":"SiriEco 63 art.5835 syst\u00e8me \u00e0 pousser"},"content":{"rendered":"","protected":false},"excerpt":{"rendered":"<p>LE COUPE-CARREAUX PRATIQUE ET L\u00c9GER<\/p>\n<div class=\"fusion-woo-short-description-tb fusion-woo-short-description-tb-1\">\n<div class=\"post-content woocommerce-product-details__short-description\">\n<p>Coupe-carreaux pour coupes sur c\u00e9ramiques et gr\u00e8s c\u00e9rame. Poids contenu. Plans moelleux\u00a0pour faciliter la s\u00e9paration des carreaux. Manche pour coupe \u00e0 pousser avec coupe maximale\u00a0de 10 mm. Equerre pour coupes lin\u00e9aires et diagonales.<\/p>\n<p>Coupes: Lin\u00e9aire cm 63 \u2013 Diagonale cm 44 x 44 Epaisseur max mm 10. Rondelle \u00f8 mm 13 avec goujon art.148BLI.<\/p>\n<\/div>\n<\/div>\n","protected":false},"featured_media":41022565,"template":"","meta":[],"product_brand":[],"product_cat":[498],"product_tag":[],"class_list":{"0":"post-41006838","1":"product","2":"type-product","3":"status-publish","4":"has-post-thumbnail","6":"product_cat-coupe-carreaux-siri","8":"first","9":"instock","10":"product-type-simple"},"_links":{"self":[{"href":"https:\/\/www.siri.mo.it\/index.php\/wp-json\/wp\/v2\/product\/41006838","targetHints":{"allow":["GET"]}}],"collection":[{"href":"https:\/\/www.siri.mo.it\/index.php\/wp-json\/wp\/v2\/product"}],"about":[{"href":"https:\/\/www.siri.mo.it\/index.php\/wp-json\/wp\/v2\/types\/product"}],"wp:featuredmedia":[{"embeddable":true,"href":"https:\/\/www.siri.mo.it\/index.php\/wp-json\/wp\/v2\/media\/41022565"}],"wp:attachment":[{"href":"https:\/\/www.siri.mo.it\/index.php\/wp-json\/wp\/v2\/media?parent=41006838"}],"wp:term":[{"taxonomy":"product_brand","embeddable":true,"href":"https:\/\/www.siri.mo.it\/index.php\/wp-json\/wp\/v2\/product_brand?post=41006838"},{"taxonomy":"product_cat","embeddable":true,"href":"https:\/\/www.siri.mo.it\/index.php\/wp-json\/wp\/v2\/product_cat?post=41006838"},{"taxonomy":"product_tag","embeddable":true,"href":"https:\/\/www.siri.mo.it\/index.php\/wp-json\/wp\/v2\/product_tag?post=41006838"}],"curies":[{"name":"wp","href":"https:\/\/api.w.org\/{rel}","templated":true}]}}