{"id":41006427,"date":"2021-06-13T12:40:43","date_gmt":"2021-06-13T10:40:43","guid":{"rendered":"https:\/\/www.siri.mo.it\/index.php\/prodotto\/art-10105-leimkellen-quadrat-zaehne-7mm\/"},"modified":"2021-06-13T12:40:48","modified_gmt":"2021-06-13T10:40:48","slug":"art-10105-leimkellen-quadrat-zaehne-7mm","status":"publish","type":"product","link":"https:\/\/www.siri.mo.it\/index.php\/prodotto\/art-10105-leimkellen-quadrat-zaehne-7mm\/?lang=de","title":{"rendered":"Art.10105 &#8211; LEIMKELLEN QUADRAT Z\u00c4HNE 7mm"},"content":{"rendered":"","protected":false},"excerpt":{"rendered":"<p>LEIMKELLEN cm 36 X 12 -&#038;  Z\u00c4HNE mm 7Gummigriff und Edelstahlplatte erh\u00e4ltig<\/p>\n","protected":false},"featured_media":41006166,"template":"","meta":[],"product_brand":[],"product_cat":[514],"product_tag":[],"class_list":{"0":"post-41006427","1":"product","2":"type-product","3":"status-publish","4":"has-post-thumbnail","6":"product_cat-zubehore","8":"first","9":"instock","10":"product-type-simple"},"_links":{"self":[{"href":"https:\/\/www.siri.mo.it\/index.php\/wp-json\/wp\/v2\/product\/41006427","targetHints":{"allow":["GET"]}}],"collection":[{"href":"https:\/\/www.siri.mo.it\/index.php\/wp-json\/wp\/v2\/product"}],"about":[{"href":"https:\/\/www.siri.mo.it\/index.php\/wp-json\/wp\/v2\/types\/product"}],"wp:featuredmedia":[{"embeddable":true,"href":"https:\/\/www.siri.mo.it\/index.php\/wp-json\/wp\/v2\/media\/41006166"}],"wp:attachment":[{"href":"https:\/\/www.siri.mo.it\/index.php\/wp-json\/wp\/v2\/media?parent=41006427"}],"wp:term":[{"taxonomy":"product_brand","embeddable":true,"href":"https:\/\/www.siri.mo.it\/index.php\/wp-json\/wp\/v2\/product_brand?post=41006427"},{"taxonomy":"product_cat","embeddable":true,"href":"https:\/\/www.siri.mo.it\/index.php\/wp-json\/wp\/v2\/product_cat?post=41006427"},{"taxonomy":"product_tag","embeddable":true,"href":"https:\/\/www.siri.mo.it\/index.php\/wp-json\/wp\/v2\/product_tag?post=41006427"}],"curies":[{"name":"wp","href":"https:\/\/api.w.org\/{rel}","templated":true}]}}