{"id":41005532,"date":"2021-06-13T11:34:43","date_gmt":"2021-06-13T09:54:27","guid":{"rendered":"https:\/\/www.siri.mo.it\/index.php\/prodotto\/siriguida-art-5870\/"},"modified":"2021-11-08T12:00:36","modified_gmt":"2021-11-08T11:00:36","slug":"siriguida-art-5870","status":"publish","type":"product","link":"https:\/\/www.siri.mo.it\/index.php\/prodotto\/siriguida-art-5870\/?lang=de","title":{"rendered":"SIRIGUIDA  art.5870"},"content":{"rendered":"","protected":false},"excerpt":{"rendered":"<p>GUIDE KIT UND TANK 1 LITER<\/p>\n<p>BOHRKIT BESETZT AUS: 1) EINEM UNIVERSAL-ABS-LEITFADEN F\u00dcR BOHRER, EINSTELLBAR VON \u00d8 6 BIS 83 mm. 2) EIN TANK F\u00dcR 1.1 LITERWASSER MIT DRUCKSPRAYSYSTEM. 3) GUMMISCHLAUCH ZUM SENDEN VON WASSER.<\/p>\n","protected":false},"featured_media":41005489,"template":"","meta":[],"product_brand":[],"product_cat":[502],"product_tag":[],"class_list":{"0":"post-41005532","1":"product","2":"type-product","3":"status-publish","4":"has-post-thumbnail","6":"product_cat-fliesenbohrmaschinen","8":"first","9":"instock","10":"product-type-simple"},"_links":{"self":[{"href":"https:\/\/www.siri.mo.it\/index.php\/wp-json\/wp\/v2\/product\/41005532","targetHints":{"allow":["GET"]}}],"collection":[{"href":"https:\/\/www.siri.mo.it\/index.php\/wp-json\/wp\/v2\/product"}],"about":[{"href":"https:\/\/www.siri.mo.it\/index.php\/wp-json\/wp\/v2\/types\/product"}],"wp:featuredmedia":[{"embeddable":true,"href":"https:\/\/www.siri.mo.it\/index.php\/wp-json\/wp\/v2\/media\/41005489"}],"wp:attachment":[{"href":"https:\/\/www.siri.mo.it\/index.php\/wp-json\/wp\/v2\/media?parent=41005532"}],"wp:term":[{"taxonomy":"product_brand","embeddable":true,"href":"https:\/\/www.siri.mo.it\/index.php\/wp-json\/wp\/v2\/product_brand?post=41005532"},{"taxonomy":"product_cat","embeddable":true,"href":"https:\/\/www.siri.mo.it\/index.php\/wp-json\/wp\/v2\/product_cat?post=41005532"},{"taxonomy":"product_tag","embeddable":true,"href":"https:\/\/www.siri.mo.it\/index.php\/wp-json\/wp\/v2\/product_tag?post=41005532"}],"curies":[{"name":"wp","href":"https:\/\/api.w.org\/{rel}","templated":true}]}}