{"id":41005531,"date":"2021-06-13T11:34:43","date_gmt":"2021-06-13T09:54:27","guid":{"rendered":"https:\/\/www.siri.mo.it\/index.php\/prodotto\/trockenbohrer-siri-pro-dx-serie\/"},"modified":"2021-06-13T11:54:29","modified_gmt":"2021-06-13T09:54:29","slug":"trockenbohrer-siri-pro-dx-serie","status":"publish","type":"product","link":"https:\/\/www.siri.mo.it\/index.php\/prodotto\/trockenbohrer-siri-pro-dx-serie\/?lang=de","title":{"rendered":"TROCKENBOHRER SIRI &#8211; PRO DX SERIE"},"content":{"rendered":"<p>Ein Koffer-Kit mit 4 Kernbits D. mm 6 &#8211; 8 &#8211; 10 &#8211; 12 ist ebenfalls erh\u00e4ltlichWir empfehlen, die Bohrer von \u00d8 6 bis 12 mm mit Wasser mit Wasser zu k\u00fchlen.<\/p>\n","protected":false},"excerpt":{"rendered":"<p>Kernbohrer 6 &#8211; 8 &#8211; 10 &#8211; 12 mm galvanisch abgeschieden f\u00fcr Feinsteinzeug, mit zylindrischem Aufsatz f\u00fcr Bohrer.<\/p>\n","protected":false},"featured_media":41005478,"template":"","meta":[],"product_brand":[],"product_cat":[502],"product_tag":[],"class_list":{"0":"post-41005531","1":"product","2":"type-product","3":"status-publish","4":"has-post-thumbnail","6":"product_cat-fliesenbohrmaschinen","8":"first","9":"instock","10":"product-type-simple"},"_links":{"self":[{"href":"https:\/\/www.siri.mo.it\/index.php\/wp-json\/wp\/v2\/product\/41005531","targetHints":{"allow":["GET"]}}],"collection":[{"href":"https:\/\/www.siri.mo.it\/index.php\/wp-json\/wp\/v2\/product"}],"about":[{"href":"https:\/\/www.siri.mo.it\/index.php\/wp-json\/wp\/v2\/types\/product"}],"wp:featuredmedia":[{"embeddable":true,"href":"https:\/\/www.siri.mo.it\/index.php\/wp-json\/wp\/v2\/media\/41005478"}],"wp:attachment":[{"href":"https:\/\/www.siri.mo.it\/index.php\/wp-json\/wp\/v2\/media?parent=41005531"}],"wp:term":[{"taxonomy":"product_brand","embeddable":true,"href":"https:\/\/www.siri.mo.it\/index.php\/wp-json\/wp\/v2\/product_brand?post=41005531"},{"taxonomy":"product_cat","embeddable":true,"href":"https:\/\/www.siri.mo.it\/index.php\/wp-json\/wp\/v2\/product_cat?post=41005531"},{"taxonomy":"product_tag","embeddable":true,"href":"https:\/\/www.siri.mo.it\/index.php\/wp-json\/wp\/v2\/product_tag?post=41005531"}],"curies":[{"name":"wp","href":"https:\/\/api.w.org\/{rel}","templated":true}]}}