{"id":41005523,"date":"2021-06-13T11:34:43","date_gmt":"2021-06-13T09:41:22","guid":{"rendered":"https:\/\/www.siri.mo.it\/index.php\/prodotto\/fraises-a-sec-serie-pro-dx\/"},"modified":"2021-08-31T09:44:05","modified_gmt":"2021-08-31T07:44:05","slug":"fraises-a-sec-serie-pro-dx","status":"publish","type":"product","link":"https:\/\/www.siri.mo.it\/index.php\/prodotto\/fraises-a-sec-serie-pro-dx\/?lang=fr","title":{"rendered":"Fraises \u00e0 sec &#8211; S\u00c9RIE PRO DX"},"content":{"rendered":"<p>Disponible une kit valise avec quatre fraises &#8211; \u00d8 mm 6 &#8211; 8 &#8211; 10 &#8211; 12 Art.DX100.<\/p>\n<p>Disponible la cire pour refroidir les forets Art.DS-COOLER.<\/p>\n<p>NOUS RECOMMANDONS DE REFROIDIR OCCASIONNELLEMENT LES FORETS AVEC EAU.<\/p>\n","protected":false},"excerpt":{"rendered":"<p>Fraises diamant\u00e9s \u00d8 mm 6 &#8211; 8 &#8211; 10 &#8211; 12 \u00e0 fixation\u00a0hexagonale pour gr\u00e8s c\u00e9rame, per\u00e7age \u00e0 sec avec perceuse.<\/p>\n","protected":false},"featured_media":41005477,"template":"","meta":[],"product_brand":[],"product_cat":[501],"product_tag":[],"class_list":{"0":"post-41005523","1":"product","2":"type-product","3":"status-publish","4":"has-post-thumbnail","6":"product_cat-perce-carreaux","8":"first","9":"instock","10":"product-type-simple"},"_links":{"self":[{"href":"https:\/\/www.siri.mo.it\/index.php\/wp-json\/wp\/v2\/product\/41005523","targetHints":{"allow":["GET"]}}],"collection":[{"href":"https:\/\/www.siri.mo.it\/index.php\/wp-json\/wp\/v2\/product"}],"about":[{"href":"https:\/\/www.siri.mo.it\/index.php\/wp-json\/wp\/v2\/types\/product"}],"wp:featuredmedia":[{"embeddable":true,"href":"https:\/\/www.siri.mo.it\/index.php\/wp-json\/wp\/v2\/media\/41005477"}],"wp:attachment":[{"href":"https:\/\/www.siri.mo.it\/index.php\/wp-json\/wp\/v2\/media?parent=41005523"}],"wp:term":[{"taxonomy":"product_brand","embeddable":true,"href":"https:\/\/www.siri.mo.it\/index.php\/wp-json\/wp\/v2\/product_brand?post=41005523"},{"taxonomy":"product_cat","embeddable":true,"href":"https:\/\/www.siri.mo.it\/index.php\/wp-json\/wp\/v2\/product_cat?post=41005523"},{"taxonomy":"product_tag","embeddable":true,"href":"https:\/\/www.siri.mo.it\/index.php\/wp-json\/wp\/v2\/product_tag?post=41005523"}],"curies":[{"name":"wp","href":"https:\/\/api.w.org\/{rel}","templated":true}]}}