{"id":41005522,"date":"2021-06-13T11:34:43","date_gmt":"2021-06-13T09:41:22","guid":{"rendered":"https:\/\/www.siri.mo.it\/index.php\/prodotto\/fraises-a-sec-serie-pro-ds\/"},"modified":"2021-11-08T16:03:41","modified_gmt":"2021-11-08T15:03:41","slug":"fraises-a-sec-serie-pro-ds","status":"publish","type":"product","link":"https:\/\/www.siri.mo.it\/index.php\/prodotto\/fraises-a-sec-serie-pro-ds\/?lang=fr","title":{"rendered":"Fraises \u00e0 sec &#8211; S\u00c9RIE PRO DS"},"content":{"rendered":"<p>Disponible une kit valise avec quatre fraises \u00d8 mm 6 &#8211; 8 &#8211; 10 &#8211; 12 Art.DSSMALL<\/p>\n<p>Disponible une kit valise avec six fraises \u00d8 mm 20 &#8211; 22 &#8211; 27 &#8211; 35 &#8211; 56 &#8211; 68 Art.DS1000<\/p>\n<p>Disponible la cire pour refroidir les forets Art.DS-COOLER<\/p>\n<p>NOUS RECOMMANDONS DE REFROIDIR LES FORETS DE \u00d8 6 \u00c0 27 mm AVEC DE L&#8217;EAU.<\/p>\n","protected":false},"excerpt":{"rendered":"<p>Fraises diamant\u00e9s \u00e0 fixation M 14 pour gr\u00e8s c\u00e9rame, per\u00e7age \u00e0 sec avec meuleuse.<\/p>\n<p>\u00d8 mm 6 &#8211; 8 &#8211; 10 &#8211; 12- 16 &#8211; 20 &#8211; 22 &#8211; 27 &#8211; 35 &#8211; 44 &#8211; 56 &#8211; 68 &#8211; 72 &#8211; 82 &#8211; 86 &#8211; 95<\/p>\n","protected":false},"featured_media":41005451,"template":"","meta":[],"product_brand":[],"product_cat":[501],"product_tag":[],"class_list":{"0":"post-41005522","1":"product","2":"type-product","3":"status-publish","4":"has-post-thumbnail","6":"product_cat-perce-carreaux","8":"first","9":"instock","10":"product-type-simple"},"_links":{"self":[{"href":"https:\/\/www.siri.mo.it\/index.php\/wp-json\/wp\/v2\/product\/41005522","targetHints":{"allow":["GET"]}}],"collection":[{"href":"https:\/\/www.siri.mo.it\/index.php\/wp-json\/wp\/v2\/product"}],"about":[{"href":"https:\/\/www.siri.mo.it\/index.php\/wp-json\/wp\/v2\/types\/product"}],"wp:featuredmedia":[{"embeddable":true,"href":"https:\/\/www.siri.mo.it\/index.php\/wp-json\/wp\/v2\/media\/41005451"}],"wp:attachment":[{"href":"https:\/\/www.siri.mo.it\/index.php\/wp-json\/wp\/v2\/media?parent=41005522"}],"wp:term":[{"taxonomy":"product_brand","embeddable":true,"href":"https:\/\/www.siri.mo.it\/index.php\/wp-json\/wp\/v2\/product_brand?post=41005522"},{"taxonomy":"product_cat","embeddable":true,"href":"https:\/\/www.siri.mo.it\/index.php\/wp-json\/wp\/v2\/product_cat?post=41005522"},{"taxonomy":"product_tag","embeddable":true,"href":"https:\/\/www.siri.mo.it\/index.php\/wp-json\/wp\/v2\/product_tag?post=41005522"}],"curies":[{"name":"wp","href":"https:\/\/api.w.org\/{rel}","templated":true}]}}