{"id":41004906,"date":"2021-04-29T23:02:09","date_gmt":"2021-04-29T21:02:09","guid":{"rendered":"https:\/\/www.siri.mo.it\/index.php\/prodotto\/art9150-ariete-150-con-disco-mm-300-incluso\/"},"modified":"2021-11-09T17:37:13","modified_gmt":"2021-11-09T16:37:13","slug":"art9150-ariete-150-con-disco-mm-300-incluso","status":"publish","type":"product","link":"https:\/\/www.siri.mo.it\/index.php\/prodotto\/art9150-ariete-150-con-disco-mm-300-incluso\/?lang=es","title":{"rendered":"art.9150 Ariete 150 con disco mm 300 incluido"},"content":{"rendered":"<a class=\"fb-icon-element-1 fb-icon-element fontawesome-icon fa-file-pdf fas circle-yes fusion-text-flow fusion-link\" style=\"font-size:28.16px;line-height:56.32px;height:56.32px;width:56.32px;border-width:0px;border-radius:50% 50% 50% 50%;margin-right:16px;\" href=\"https:\/\/www.siri.mo.it\/wp-content\/uploads\/oldsite\/catalogo\/allegati\/ARIETE LR.pdf\" aria-label=\"Link to https:\/\/www.siri.mo.it\/wp-content\/uploads\/oldsite\/catalogo\/allegati\/ARIETE%20LR.pdf\" target=\"_self\"><\/a><style>a.fb-icon-element.fontawesome-icon.fb-icon-element-1{ color: #ffffff; background-color: #197abf; border-color: #4a4e57;}a.fb-icon-element.fontawesome-icon.fb-icon-element-1:hover { color: #ffffff; background-color: #8bacc2; border-color: #8bacc2;}<\/style>\n<p>&nbsp;<\/p>\n<p>Para cortar azulejos de gres porcel\u00e1nico, cer\u00e1mica, m\u00e1rmol y granito. Transmisi\u00f3n por correa. Interruptor de parada autom\u00e1tica con protecci\u00f3n magnetot\u00e9rmica. Refrigeraci\u00f3n por agua con bomba sumergible y grifo de regulaci\u00f3n de caudal. Grupo motorizado deslizante sobre cuatro poleas de hierro ajustables e inclinables para cortes a 45\u00b0. Grupo motorizado basculante con posibilidad de bloquear la altura deseada. Escuadra para cortes lineales y diagonales. Ancho de la mesa de corte 52 cm. Patas retr\u00e1ctiles con 2 ruedas. COMPONENTES Y ACCESORIOS A PETICI\u00d3N: Extensi\u00f3n lateral para grandes formatos con topes ajustables. Discos diamantados \u00d8 300 y\/o 350 mm espec\u00edficos para gres porcel\u00e1nico, m\u00e1rmol y granito. Tensiones especiales disponibles.<\/p>\n","protected":false},"excerpt":{"rendered":"<p>Cortadora refrigerada por agua con disco diamantado d. 300 mm con sectores.<\/p>\n","protected":false},"featured_media":41023483,"template":"","meta":[],"product_brand":[],"product_cat":[524],"product_tag":[],"class_list":{"0":"post-41004906","1":"product","2":"type-product","3":"status-publish","4":"has-post-thumbnail","6":"product_cat-cortadoras-a-puente","8":"first","9":"instock","10":"shipping-taxable","11":"product-type-simple"},"_links":{"self":[{"href":"https:\/\/www.siri.mo.it\/index.php\/wp-json\/wp\/v2\/product\/41004906","targetHints":{"allow":["GET"]}}],"collection":[{"href":"https:\/\/www.siri.mo.it\/index.php\/wp-json\/wp\/v2\/product"}],"about":[{"href":"https:\/\/www.siri.mo.it\/index.php\/wp-json\/wp\/v2\/types\/product"}],"wp:featuredmedia":[{"embeddable":true,"href":"https:\/\/www.siri.mo.it\/index.php\/wp-json\/wp\/v2\/media\/41023483"}],"wp:attachment":[{"href":"https:\/\/www.siri.mo.it\/index.php\/wp-json\/wp\/v2\/media?parent=41004906"}],"wp:term":[{"taxonomy":"product_brand","embeddable":true,"href":"https:\/\/www.siri.mo.it\/index.php\/wp-json\/wp\/v2\/product_brand?post=41004906"},{"taxonomy":"product_cat","embeddable":true,"href":"https:\/\/www.siri.mo.it\/index.php\/wp-json\/wp\/v2\/product_cat?post=41004906"},{"taxonomy":"product_tag","embeddable":true,"href":"https:\/\/www.siri.mo.it\/index.php\/wp-json\/wp\/v2\/product_tag?post=41004906"}],"curies":[{"name":"wp","href":"https:\/\/api.w.org\/{rel}","templated":true}]}}