{"id":41004899,"date":"2021-04-29T23:02:09","date_gmt":"2021-04-29T21:02:09","guid":{"rendered":"https:\/\/www.siri.mo.it\/index.php\/prodotto\/art9150-ariete-150-con-disco-mm-300-incluso\/"},"modified":"2021-11-09T17:28:41","modified_gmt":"2021-11-09T16:28:41","slug":"art9150-ariete-150-con-disco-mm-300-incluso","status":"publish","type":"product","link":"https:\/\/www.siri.mo.it\/index.php\/prodotto\/art9150-ariete-150-con-disco-mm-300-incluso\/?lang=de","title":{"rendered":"art.9150 Ariete 150 con disco mm 300 incluso"},"content":{"rendered":"<a class=\"fb-icon-element-1 fb-icon-element fontawesome-icon fa-file-pdf fas circle-yes fusion-text-flow fusion-link\" style=\"font-size:28.16px;line-height:56.32px;height:56.32px;width:56.32px;border-width:0px;border-radius:50% 50% 50% 50%;margin-right:16px;\" href=\"https:\/\/www.siri.mo.it\/wp-content\/uploads\/oldsite\/catalogo\/allegati\/ARIETE LR.pdf\" aria-label=\"Link to https:\/\/www.siri.mo.it\/wp-content\/uploads\/oldsite\/catalogo\/allegati\/ARIETE%20LR.pdf\" target=\"_self\"><\/a><style>a.fb-icon-element.fontawesome-icon.fb-icon-element-1{ color: #ffffff; background-color: #197abf; border-color: #4a4e57;}a.fb-icon-element.fontawesome-icon.fb-icon-element-1:hover { color: #ffffff; background-color: #8bacc2; border-color: #8bacc2;}<\/style>\n","protected":false},"excerpt":{"rendered":"<p>Wasserschneidmaschine mit Diamantscheibe f\u00fcr Keramik. Optional Scheibe f\u00fcr Feinsteinzeug, Granit und Marmor.<br \/>\nLinearschnitt cm 150 &#8211; Jolly cm 150 &#8211; Diagonalschnitt cm 105 X 105 &#8211; Schnitthoehe cm 11.<br \/>\nAriete 150 kommt mit zusammenfalten des F\u00fc\u00dfe mit R\u00e4der f\u00fcr Handling, Diamantscheibe mm 300 und 350&#215;25,4, mit 1850 W.-2,5 HP Motor und Wasserpumpe. Auf Anfrage sind OPTIONAL seitlicher Verl\u00e4ngerung f\u00fcr gro\u00dfe Formaten.<\/p>\n","protected":false},"featured_media":41023482,"template":"","meta":[],"product_brand":[],"product_cat":[523],"product_tag":[],"class_list":{"0":"post-41004899","1":"product","2":"type-product","3":"status-publish","4":"has-post-thumbnail","6":"product_cat-brucke-wasserschneidemaschine","8":"first","9":"instock","10":"shipping-taxable","11":"product-type-simple"},"_links":{"self":[{"href":"https:\/\/www.siri.mo.it\/index.php\/wp-json\/wp\/v2\/product\/41004899","targetHints":{"allow":["GET"]}}],"collection":[{"href":"https:\/\/www.siri.mo.it\/index.php\/wp-json\/wp\/v2\/product"}],"about":[{"href":"https:\/\/www.siri.mo.it\/index.php\/wp-json\/wp\/v2\/types\/product"}],"wp:featuredmedia":[{"embeddable":true,"href":"https:\/\/www.siri.mo.it\/index.php\/wp-json\/wp\/v2\/media\/41023482"}],"wp:attachment":[{"href":"https:\/\/www.siri.mo.it\/index.php\/wp-json\/wp\/v2\/media?parent=41004899"}],"wp:term":[{"taxonomy":"product_brand","embeddable":true,"href":"https:\/\/www.siri.mo.it\/index.php\/wp-json\/wp\/v2\/product_brand?post=41004899"},{"taxonomy":"product_cat","embeddable":true,"href":"https:\/\/www.siri.mo.it\/index.php\/wp-json\/wp\/v2\/product_cat?post=41004899"},{"taxonomy":"product_tag","embeddable":true,"href":"https:\/\/www.siri.mo.it\/index.php\/wp-json\/wp\/v2\/product_tag?post=41004899"}],"curies":[{"name":"wp","href":"https:\/\/api.w.org\/{rel}","templated":true}]}}