{"id":41004875,"date":"2021-04-29T23:02:20","date_gmt":"2021-04-29T21:02:20","guid":{"rendered":"https:\/\/www.siri.mo.it\/index.php\/prodotto\/art61120-maxibella-top-120-con-disco-d250-incluso\/"},"modified":"2021-06-12T15:49:24","modified_gmt":"2021-06-12T13:49:24","slug":"art61120-maxibella-top-120-con-disco-d250-incluso","status":"publish","type":"product","link":"https:\/\/www.siri.mo.it\/index.php\/prodotto\/art61120-maxibella-top-120-con-disco-d250-incluso\/?lang=de","title":{"rendered":"art.61120 Maxibella Top 120 con disco d.250 incluso"},"content":{"rendered":"<a class=\"fb-icon-element-1 fb-icon-element fontawesome-icon fa-file-pdf fas circle-yes fusion-text-flow fusion-link\" style=\"font-size:28.16px;line-height:56.32px;height:56.32px;width:56.32px;border-width:0px;border-radius:50% 50% 50% 50%;margin-right:16px;\" href=\"https:\/\/www.siri.mo.it\/wp-content\/uploads\/oldsite\/catalogo\/allegati\/Maxibella 120 LR.pdf\" aria-label=\"Link to https:\/\/www.siri.mo.it\/wp-content\/uploads\/oldsite\/catalogo\/allegati\/Maxibella%20120%20LR.pdf\" target=\"_self\"><\/a><style>a.fb-icon-element.fontawesome-icon.fb-icon-element-1{ color: #ffffff; background-color: #197abf; border-color: #4a4e57;}a.fb-icon-element.fontawesome-icon.fb-icon-element-1:hover { color: #ffffff; background-color: #8bacc2; border-color: #8bacc2;}<\/style>\n","protected":false},"excerpt":{"rendered":"<p>Br\u00fcckenschneider\u00a0<b>mit spezieller Porzellanscheibe f\u00fcr Fliesen bis 10 mm Dicke<\/b>. Die MAXIBELLA TOP 120 ist mit Klappbeinen f\u00fcr den Transport, 250&#215;25,4 mm Scheiben f\u00fcr Porzellan bis 10 mm &#8211;\u00a0<b>Motor 1100 W &#8211; HP 1,5<\/b>\u00a0und Tauchpumpe f\u00fcr Wasser ausgestattet.\u00a0<b>Schnittma\u00dfe: Linear 120 cm &#8211; Jolly 120 cm &#8211; Diagonale 84 x 84 cm<\/b>\u00a0&#8211; Maximale Dicke 5,5 cm. R\u00e4der f\u00fcr Bewegung und seitliche Verl\u00e4ngerung f\u00fcr gro\u00dfe Formate sind auf Anfrage erh\u00e4ltlich.<\/p>\n","protected":false},"featured_media":41021761,"template":"","meta":[],"product_brand":[],"product_cat":[523],"product_tag":[],"class_list":{"0":"post-41004875","1":"product","2":"type-product","3":"status-publish","4":"has-post-thumbnail","6":"product_cat-brucke-wasserschneidemaschine","8":"first","9":"instock","10":"shipping-taxable","11":"product-type-simple"},"_links":{"self":[{"href":"https:\/\/www.siri.mo.it\/index.php\/wp-json\/wp\/v2\/product\/41004875","targetHints":{"allow":["GET"]}}],"collection":[{"href":"https:\/\/www.siri.mo.it\/index.php\/wp-json\/wp\/v2\/product"}],"about":[{"href":"https:\/\/www.siri.mo.it\/index.php\/wp-json\/wp\/v2\/types\/product"}],"wp:featuredmedia":[{"embeddable":true,"href":"https:\/\/www.siri.mo.it\/index.php\/wp-json\/wp\/v2\/media\/41021761"}],"wp:attachment":[{"href":"https:\/\/www.siri.mo.it\/index.php\/wp-json\/wp\/v2\/media?parent=41004875"}],"wp:term":[{"taxonomy":"product_brand","embeddable":true,"href":"https:\/\/www.siri.mo.it\/index.php\/wp-json\/wp\/v2\/product_brand?post=41004875"},{"taxonomy":"product_cat","embeddable":true,"href":"https:\/\/www.siri.mo.it\/index.php\/wp-json\/wp\/v2\/product_cat?post=41004875"},{"taxonomy":"product_tag","embeddable":true,"href":"https:\/\/www.siri.mo.it\/index.php\/wp-json\/wp\/v2\/product_tag?post=41004875"}],"curies":[{"name":"wp","href":"https:\/\/api.w.org\/{rel}","templated":true}]}}