{"id":41004870,"date":"2021-04-29T23:02:20","date_gmt":"2021-04-29T21:02:20","guid":{"rendered":"https:\/\/www.siri.mo.it\/index.php\/prodotto\/art61120-maxibella-top-120-con-disco-d250-incluso\/"},"modified":"2021-09-02T17:03:45","modified_gmt":"2021-09-02T15:03:45","slug":"art61120-maxibella-top-120-avec-disque-d250-inclus","status":"publish","type":"product","link":"https:\/\/www.siri.mo.it\/index.php\/prodotto\/art61120-maxibella-top-120-avec-disque-d250-inclus\/?lang=fr","title":{"rendered":"art.61120 Maxibella Top 120 avec disque \u00d8 250 mm inclus"},"content":{"rendered":"<div class=\"fusion-content-tb fusion-content-tb-1\">\n<p>Le MAXIBELLA TOP 120 est \u00e9quip\u00e9 des composants suivants :<\/p>\n<p>pieds repliables pour le transport \u2013 moteur 1100 W \u2013 1,5 CV \u2013 transmission directe du moteur au disque \u2013 interrupteur \u00e0 d\u00e9clenchement automatique avec protection magn\u00e9tothermique \u2013 refroidissement avec pompe \u00e0 immersion et robinet de r\u00e9glage de d\u00e9bit \u2013 carr\u00e9 pour coupes lin\u00e9aires et diagonales \u2013 115 x 45 cm de large surface de coupe. Le moteur coulissant sur quatre poulies r\u00e9glables en fer peut \u00e9galement \u00eatre bascul\u00e9 \u00e0 45\u00b0, avec possibilit\u00e9 de verrouiller la hauteur souhait\u00e9e.<\/p>\n<p>Dimensions de d\u00e9coupe : Lin\u00e9aire 120 cm \u2013 Jolly (45\u00b0) 120 cm \u2013 Diagonale 84 x 84 cm \u2013 Epaisseur maximum 5,5 cm.<\/p>\n<p>D\u00c9TAILS ET ACCESSOIRES SUR DEMANDE : Rallonge lat\u00e9rale pour grandes tailles avec but\u00e9es r\u00e9glables art.61120P ; disques diamant\u00e9s sp\u00e9cifiques pour marbre et granit; pieds arri\u00e8re avec roues. Tensions sp\u00e9ciales disponibles.<\/p>\n<\/div>\n","protected":false},"excerpt":{"rendered":"<p>Scie \u00e0 pont avec disque \u00d8 250 \u00d7 25,4 mm sp\u00e9cifique pour les carreaux en gr\u00e8s c\u00e9rame incluse, pour couper des carreaux jusqu\u2019\u00e0 120 cm m\u00eame de forte \u00e9paisseur, plus marbre et granit, jusqu\u2019\u00e0 une hauteur maximale de 5,5 cm.<\/p>\n","protected":false},"featured_media":41021760,"template":"","meta":[],"product_brand":[],"product_cat":[522],"product_tag":[],"class_list":{"0":"post-41004870","1":"product","2":"type-product","3":"status-publish","4":"has-post-thumbnail","6":"product_cat-tronconneuses-a-pont","8":"first","9":"instock","10":"shipping-taxable","11":"product-type-simple"},"_links":{"self":[{"href":"https:\/\/www.siri.mo.it\/index.php\/wp-json\/wp\/v2\/product\/41004870","targetHints":{"allow":["GET"]}}],"collection":[{"href":"https:\/\/www.siri.mo.it\/index.php\/wp-json\/wp\/v2\/product"}],"about":[{"href":"https:\/\/www.siri.mo.it\/index.php\/wp-json\/wp\/v2\/types\/product"}],"wp:featuredmedia":[{"embeddable":true,"href":"https:\/\/www.siri.mo.it\/index.php\/wp-json\/wp\/v2\/media\/41021760"}],"wp:attachment":[{"href":"https:\/\/www.siri.mo.it\/index.php\/wp-json\/wp\/v2\/media?parent=41004870"}],"wp:term":[{"taxonomy":"product_brand","embeddable":true,"href":"https:\/\/www.siri.mo.it\/index.php\/wp-json\/wp\/v2\/product_brand?post=41004870"},{"taxonomy":"product_cat","embeddable":true,"href":"https:\/\/www.siri.mo.it\/index.php\/wp-json\/wp\/v2\/product_cat?post=41004870"},{"taxonomy":"product_tag","embeddable":true,"href":"https:\/\/www.siri.mo.it\/index.php\/wp-json\/wp\/v2\/product_tag?post=41004870"}],"curies":[{"name":"wp","href":"https:\/\/api.w.org\/{rel}","templated":true}]}}