{"id":41004861,"date":"2021-04-29T23:02:22","date_gmt":"2021-04-29T21:02:22","guid":{"rendered":"https:\/\/www.siri.mo.it\/index.php\/prodotto\/art61120g-maxibella-top-120-disco-d250-incluso\/"},"modified":"2021-11-09T17:51:32","modified_gmt":"2021-11-09T16:51:32","slug":"art61120g-maxibella-top-120-disco-d250-incluso","status":"publish","type":"product","link":"https:\/\/www.siri.mo.it\/index.php\/prodotto\/art61120g-maxibella-top-120-disco-d250-incluso\/?lang=es","title":{"rendered":"art.61120G Maxibella Top 120 con disco mm 250 incluido"},"content":{"rendered":"<a class=\"fb-icon-element-1 fb-icon-element fontawesome-icon fa-file-pdf fas circle-yes fusion-text-flow fusion-link\" style=\"font-size:28.16px;line-height:56.32px;height:56.32px;width:56.32px;border-width:0px;border-radius:50% 50% 50% 50%;margin-right:16px;\" href=\"https:\/\/www.siri.mo.it\/wp-content\/uploads\/oldsite\/catalogo\/allegati\/MAXIBELLA 61120GS Eng.PDF\" aria-label=\"Link to https:\/\/www.siri.mo.it\/wp-content\/uploads\/oldsite\/catalogo\/allegati\/MAXIBELLA%2061120GS%20Eng.PDF\" target=\"_self\"><\/a><style>a.fb-icon-element.fontawesome-icon.fb-icon-element-1{ color: #ffffff; background-color: #197abf; border-color: #4a4e57;}a.fb-icon-element.fontawesome-icon.fb-icon-element-1:hover { color: #ffffff; background-color: #8bacc2; border-color: #8bacc2;}<\/style>\n<p>Para cortar azulejos de hasta 120 cm en cer\u00e1mica y gres porcel\u00e1nico, incluso de alto espesor, m\u00e1rmol y granito, con una altura m\u00e1xima de 5,5 cm. La m\u00e1quina est\u00e1 dotada de transmisi\u00f3n directa del motor al disco; interruptor de parada autom\u00e1tica con protecci\u00f3n magnetot\u00e9rmica; sistema de refrigeraci\u00f3n con bomba sumergible y grifo de regulaci\u00f3n del caudal; grupo motor deslizante sobre cuatro poleas de hierro regulables; grupo motor inclinable a 45\u00b0 e basculante, con posibilidad de bloquear la altura deseada; escuadra para cortes lineales y diagonales; escuadra para cortes diagonales; ancho de la mesa de corte 115 x 45 cm. COMPONENTES Y ACCESORIOS A PETICI\u00d3N: Extensi\u00f3n lateral para grandes formatos con topes ajustables art.61120P; discos diamantados espec\u00edficos para m\u00e1rmol y granito; pies traseros con ruedas. Tensiones especiales disponibles.<\/p>\n","protected":false},"excerpt":{"rendered":"<p>Cortadora refrigerada por agua con disco diamantado d. 250 mm<\/p>\n<p>MOTORES W.1500\u00a0 CORTE: LONGITUD 120 cm\u00a0 &#8211; ESPESOR 5,5 cm<\/p>\n","protected":false},"featured_media":41021772,"template":"","meta":[],"product_brand":[],"product_cat":[524],"product_tag":[],"class_list":{"0":"post-41004861","1":"product","2":"type-product","3":"status-publish","4":"has-post-thumbnail","6":"product_cat-cortadoras-a-puente","8":"first","9":"instock","10":"shipping-taxable","11":"product-type-simple"},"_links":{"self":[{"href":"https:\/\/www.siri.mo.it\/index.php\/wp-json\/wp\/v2\/product\/41004861","targetHints":{"allow":["GET"]}}],"collection":[{"href":"https:\/\/www.siri.mo.it\/index.php\/wp-json\/wp\/v2\/product"}],"about":[{"href":"https:\/\/www.siri.mo.it\/index.php\/wp-json\/wp\/v2\/types\/product"}],"wp:featuredmedia":[{"embeddable":true,"href":"https:\/\/www.siri.mo.it\/index.php\/wp-json\/wp\/v2\/media\/41021772"}],"wp:attachment":[{"href":"https:\/\/www.siri.mo.it\/index.php\/wp-json\/wp\/v2\/media?parent=41004861"}],"wp:term":[{"taxonomy":"product_brand","embeddable":true,"href":"https:\/\/www.siri.mo.it\/index.php\/wp-json\/wp\/v2\/product_brand?post=41004861"},{"taxonomy":"product_cat","embeddable":true,"href":"https:\/\/www.siri.mo.it\/index.php\/wp-json\/wp\/v2\/product_cat?post=41004861"},{"taxonomy":"product_tag","embeddable":true,"href":"https:\/\/www.siri.mo.it\/index.php\/wp-json\/wp\/v2\/product_tag?post=41004861"}],"curies":[{"name":"wp","href":"https:\/\/api.w.org\/{rel}","templated":true}]}}