{"id":41004834,"date":"2021-05-29T18:59:54","date_gmt":"2021-05-29T16:59:54","guid":{"rendered":"https:\/\/www.siri.mo.it\/index.php\/prodotto\/briccolina-art-39b-d-150\/"},"modified":"2021-06-12T15:17:35","modified_gmt":"2021-06-12T13:17:35","slug":"briccolina-art-39b-d-150","status":"publish","type":"product","link":"https:\/\/www.siri.mo.it\/index.php\/prodotto\/briccolina-art-39b-d-150\/?lang=fr","title":{"rendered":"Briccolina art.39B d.150"},"content":{"rendered":"<a class=\"fb-icon-element-1 fb-icon-element fontawesome-icon fa-file-pdf fas circle-yes fusion-text-flow fusion-link\" style=\"font-size:28.16px;line-height:56.32px;height:56.32px;width:56.32px;border-width:0px;border-radius:50% 50% 50% 50%;margin-right:16px;\" href=\"https:\/\/www.siri.mo.it\/wp-content\/uploads\/2021\/06\/BRICCOLINA.pdf\" aria-label=\"Link to https:\/\/www.siri.mo.it\/wp-content\/uploads\/2021\/06\/BRICCOLINA.pdf\" target=\"_self\"><\/a><style>a.fb-icon-element.fontawesome-icon.fb-icon-element-1{ color: #ffffff; background-color: #197abf; border-color: #4a4e57;}a.fb-icon-element.fontawesome-icon.fb-icon-element-1:hover { color: #ffffff; background-color: #8bacc2; border-color: #8bacc2;}<\/style>\n","protected":false},"excerpt":{"rendered":"<p>Tron\u00e7onneuse \u00e0 l\u2019eau portative pour d\u00e9couper c\u00e9ramique, gr\u00e8s c\u00e9rame,<br \/>\nmarbre et granit. Coupes lin\u00e9aires et coupes diagonales sans limites de<br \/>\nlongueur. Coupes \u00e0 45\u00b0 Jolly sans limites de longueur avec<br \/>\ndeux supports en plastique. D\u2019une grande portabilit\u00e9 gr\u00e2ce \u00e0 son<br \/>\ncadre \u00e0 mallette et \u00e0 son poids contenu (7 kg). Machine se composant<br \/>\nde deux parties s\u00e9par\u00e9es: cuvette pour l\u2019eau et cadre avec moteur et<\/p>\n<div>disque \u00d8 150 mm. Tron\u00e7onneuse unique dans son genre avec moteur<\/div>\n<p>plong\u00e9 dans l\u2019eau pour le refroidissement. Dot\u00e9 de relais thermique<br \/>\npour l\u2019arr\u00eat automatique en cas de surchauffe. Disponibles: tous<br \/>\nles voltages figurant ci-dessous dans les donn\u00e9es techniques et<br \/>\ndisque pour le gr\u00e8s c\u00e9rame.<\/p>\n","protected":false},"featured_media":41004835,"template":"","meta":[],"product_brand":[],"product_cat":[519],"product_tag":[],"class_list":{"0":"post-41004834","1":"product","2":"type-product","3":"status-publish","4":"has-post-thumbnail","6":"product_cat-tronconneuses-portable","8":"first","9":"instock","10":"product-type-simple"},"_links":{"self":[{"href":"https:\/\/www.siri.mo.it\/index.php\/wp-json\/wp\/v2\/product\/41004834","targetHints":{"allow":["GET"]}}],"collection":[{"href":"https:\/\/www.siri.mo.it\/index.php\/wp-json\/wp\/v2\/product"}],"about":[{"href":"https:\/\/www.siri.mo.it\/index.php\/wp-json\/wp\/v2\/types\/product"}],"wp:featuredmedia":[{"embeddable":true,"href":"https:\/\/www.siri.mo.it\/index.php\/wp-json\/wp\/v2\/media\/41004835"}],"wp:attachment":[{"href":"https:\/\/www.siri.mo.it\/index.php\/wp-json\/wp\/v2\/media?parent=41004834"}],"wp:term":[{"taxonomy":"product_brand","embeddable":true,"href":"https:\/\/www.siri.mo.it\/index.php\/wp-json\/wp\/v2\/product_brand?post=41004834"},{"taxonomy":"product_cat","embeddable":true,"href":"https:\/\/www.siri.mo.it\/index.php\/wp-json\/wp\/v2\/product_cat?post=41004834"},{"taxonomy":"product_tag","embeddable":true,"href":"https:\/\/www.siri.mo.it\/index.php\/wp-json\/wp\/v2\/product_tag?post=41004834"}],"curies":[{"name":"wp","href":"https:\/\/api.w.org\/{rel}","templated":true}]}}