{"id":41021443,"date":"2021-06-23T11:07:24","date_gmt":"2021-06-23T09:07:24","guid":{"rendered":"https:\/\/www.siri.mo.it\/?page_id=41021443"},"modified":"2023-02-28T17:26:24","modified_gmt":"2023-02-28T16:26:24","slug":"contactos","status":"publish","type":"page","link":"https:\/\/www.siri.mo.it\/index.php\/contactos\/?lang=es","title":{"rendered":"Contactos"},"content":{"rendered":"<p><div class=\"fusion-fullwidth fullwidth-box fusion-builder-row-1 fusion-flex-container nonhundred-percent-fullwidth non-hundred-percent-height-scrolling\" style=\"background-color: rgba(96,125,139,0.1);background-position: center center;background-repeat: no-repeat;border-width: 1px 0px 1px 0px;border-color:#e2e2e2;border-style:solid;\" ><div class=\"fusion-builder-row fusion-row fusion-flex-align-items-stretch\" style=\"max-width:1248px;margin-left: calc(-4% \/ 2 );margin-right: calc(-4% \/ 2 );\"><div class=\"fusion-layout-column fusion_builder_column fusion-builder-column-0 fusion_builder_column_1_1 1_1 fusion-flex-column\"><div class=\"fusion-column-wrapper fusion-flex-justify-content-space-evenly fusion-content-layout-column\" style=\"background-position:left top;background-repeat:no-repeat;-webkit-background-size:cover;-moz-background-size:cover;-o-background-size:cover;background-size:cover;padding: 0px 0px 0px 0px;\"><style type=\"text\/css\">.fusion-breadcrumbs.fusion-breadcrumbs-1{font-size:14px;}.fusion-breadcrumbs.fusion-breadcrumbs-1 span a:hover{color:#0099cc !important;}.fusion-breadcrumbs.fusion-breadcrumbs-1{color:#15375d;}.fusion-breadcrumbs.fusion-breadcrumbs-1 a{color:#15375d;}<\/style><div class=\"fusion-breadcrumbs fusion-breadcrumbs-1\" style=\"margin-top:2px;margin-bottom:2px;\"><span class=\"fusion-breadcrumb-item\"><a href=\"https:\/\/www.siri.mo.it\" class=\"fusion-breadcrumb-link\"><span >Home<\/span><\/a><\/span><span class=\"fusion-breadcrumb-sep\">><\/span><\/div><\/div><style type=\"text\/css\">.fusion-body .fusion-builder-column-0{width:100% !important;margin-top : 0px;margin-bottom : 0px;}.fusion-builder-column-0 > .fusion-column-wrapper {padding-top : 0px !important;padding-right : 0px !important;margin-right : 1.92%;padding-bottom : 0px !important;padding-left : 0px !important;margin-left : 1.92%;}@media only screen and (max-width:1024px) {.fusion-body .fusion-builder-column-0{width:100% !important;order : 0;}.fusion-builder-column-0 > .fusion-column-wrapper {margin-right : 1.92%;margin-left : 1.92%;}}@media only screen and (max-width:640px) {.fusion-body .fusion-builder-column-0{width:100% !important;order : 0;}.fusion-builder-column-0 > .fusion-column-wrapper {margin-right : 1.92%;margin-left : 1.92%;}}<\/style><\/div><\/div><style type=\"text\/css\">.fusion-body .fusion-flex-container.fusion-builder-row-1{ padding-top : 0px;margin-top : 0px;padding-right : 0px;padding-bottom : 0px;margin-bottom : 0px;padding-left : 0px;}<\/style><\/div><div class=\"fusion-fullwidth fullwidth-box fusion-builder-row-2 fusion-flex-container nonhundred-percent-fullwidth non-hundred-percent-height-scrolling\" style=\"background-color: rgba(255,255,255,0);background-position: center center;background-repeat: no-repeat;border-width: 0px 0px 0px 0px;border-color:#e2e2e2;border-style:solid;\" ><div class=\"fusion-builder-row fusion-row fusion-flex-align-items-stretch\" style=\"max-width:1248px;margin-left: calc(-4% \/ 2 );margin-right: calc(-4% \/ 2 );\"><div class=\"fusion-layout-column fusion_builder_column fusion-builder-column-1 fusion_builder_column_1_3 1_3 fusion-flex-column\"><div class=\"fusion-column-wrapper fusion-flex-justify-content-flex-start fusion-content-layout-column\" style=\"background-position:left top;background-repeat:no-repeat;-webkit-background-size:cover;-moz-background-size:cover;-o-background-size:cover;background-size:cover;border-width: 0 1px 0 0;border-color:#197abf;border-style:solid;padding: 0px 10px 0px 0px;\"><div ><style>.awb-image-frame.awb-image-frame-1{ margin-bottom : 20px;}<\/style><div class=\"awb-image-frame awb-image-frame-1 imageframe-liftup\"><span class=\" fusion-imageframe imageframe-none imageframe-1\"><img decoding=\"async\" width=\"350\" height=\"212\" title=\"siri_contatti01_small\" src=\"https:\/\/www.siri.mo.it\/wp-content\/uploads\/2021\/03\/siri_contatti01_small.jpg\" alt class=\"img-responsive wp-image-41000130\" srcset=\"https:\/\/www.siri.mo.it\/wp-content\/uploads\/2021\/03\/siri_contatti01_small-200x121.jpg 200w, https:\/\/www.siri.mo.it\/wp-content\/uploads\/2021\/03\/siri_contatti01_small.jpg 350w\" sizes=\"(max-width: 640px) 100vw, 350px\" \/><\/span><\/div><\/div><div class=\"fusion-text fusion-text-1\"><h2>S.I.R.I. srl<\/h2>\n<p>Via R.Dalla Costa, 44\/46 (z.i. Torrazzi)<br \/>\n41122 Modena &#8211; Italy<\/p>\n<p>Tel. +39 059313191<br \/>\nFax +39 059311362<\/p>\n<p><strong>Ufficio commerciale:<\/strong><br \/>\n<a href=\"mailto:info@siri.mo.it\">info@siri.mo.it<\/a><\/p>\n<\/div><\/div><style type=\"text\/css\">.fusion-body .fusion-builder-column-1{width:33.333333333333% !important;margin-top : 0px;margin-bottom : 20px;}.fusion-builder-column-1 > .fusion-column-wrapper {padding-top : 0px !important;padding-right : 10px !important;margin-right : 5.76%;padding-bottom : 0px !important;padding-left : 0px !important;margin-left : 5.76%;}@media only screen and (max-width:1024px) {.fusion-body .fusion-builder-column-1{width:33.333333333333% !important;order : 0;}.fusion-builder-column-1 > .fusion-column-wrapper {margin-right : 5.76%;margin-left : 5.76%;}}@media only screen and (max-width:640px) {.fusion-body .fusion-builder-column-1{width:100% !important;order : 0;}.fusion-builder-column-1 > .fusion-column-wrapper {margin-right : 1.92%;margin-left : 1.92%;}}<\/style><\/div><div class=\"fusion-layout-column fusion_builder_column fusion-builder-column-2 fusion_builder_column_2_3 2_3 fusion-flex-column\"><div class=\"fusion-column-wrapper fusion-flex-justify-content-flex-start fusion-content-layout-column\" style=\"background-position:left top;background-repeat:no-repeat;-webkit-background-size:cover;-moz-background-size:cover;-o-background-size:cover;background-size:cover;padding: 0px 0px 0px 0px;\"><div class=\"fusion-text fusion-text-2\"><h4>\u00bfQuieres recibir m\u00e1s informaci\u00f3n?<\/h4>\n<p>Si deseas recibir m\u00e1s informaci\u00f3n, aclaraciones sobre nuestros productos, pedidos, entregas o incluso si tienes curiosidad y te gustar\u00eda saber m\u00e1s sobre SIRI, env\u00edanos tu mensaje y nos pondremos en contacto contigo.<\/p>\n<\/div>\n<div class=\"wpcf7 no-js\" id=\"wpcf7-f41022624-o1\" lang=\"en-US\" dir=\"ltr\" data-wpcf7-id=\"41022624\">\n<div class=\"screen-reader-response\"><p role=\"status\" aria-live=\"polite\" aria-atomic=\"true\"><\/p> <ul><\/ul><\/div>\n<form action=\"\/index.php\/wp-json\/wp\/v2\/pages\/41021443#wpcf7-f41022624-o1\" method=\"post\" class=\"wpcf7-form init\" aria-label=\"Contact form\" novalidate=\"novalidate\" data-status=\"init\">\n<fieldset class=\"hidden-fields-container\"><input type=\"hidden\" name=\"_wpcf7\" value=\"41022624\" \/><input type=\"hidden\" name=\"_wpcf7_version\" value=\"6.1.5\" \/><input type=\"hidden\" name=\"_wpcf7_locale\" value=\"en_US\" \/><input type=\"hidden\" name=\"_wpcf7_unit_tag\" value=\"wpcf7-f41022624-o1\" \/><input type=\"hidden\" name=\"_wpcf7_container_post\" value=\"0\" \/><input type=\"hidden\" name=\"_wpcf7_posted_data_hash\" value=\"\" \/>\n<\/fieldset>\n<p><label> Nombre propio *<br \/>\n<span class=\"wpcf7-form-control-wrap\" data-name=\"your-name\"><input size=\"40\" maxlength=\"400\" class=\"wpcf7-form-control wpcf7-text wpcf7-validates-as-required\" aria-required=\"true\" aria-invalid=\"false\" value=\"\" type=\"text\" name=\"your-name\" \/><\/span> <\/label>\n<\/p>\n<p><label> Apellido *<br \/>\n<span class=\"wpcf7-form-control-wrap\" data-name=\"your-email\"><input size=\"40\" maxlength=\"400\" class=\"wpcf7-form-control wpcf7-email wpcf7-validates-as-required wpcf7-text wpcf7-validates-as-email\" aria-required=\"true\" aria-invalid=\"false\" value=\"\" type=\"email\" name=\"your-email\" \/><\/span> <\/label>\n<\/p>\n<p><label> Objeto *<br \/>\n<span class=\"wpcf7-form-control-wrap\" data-name=\"your-subject\"><input size=\"40\" maxlength=\"400\" class=\"wpcf7-form-control wpcf7-text wpcf7-validates-as-required\" aria-required=\"true\" aria-invalid=\"false\" value=\"\" type=\"text\" name=\"your-subject\" \/><\/span> <\/label>\n<\/p>\n<p><label> Mensaje<br \/>\n<span class=\"wpcf7-form-control-wrap\" data-name=\"your-message\"><textarea cols=\"40\" rows=\"10\" maxlength=\"2000\" class=\"wpcf7-form-control wpcf7-textarea\" aria-invalid=\"false\" name=\"your-message\"><\/textarea><\/span> <\/label>\n<\/p>\n<hr \/>\n<div style=\"padding-top: 20px; padding-bottom: 20px;\">\n\t<p><span class=\"wpcf7-form-control-wrap\" data-name=\"acceptance-127\"><span class=\"wpcf7-form-control wpcf7-acceptance\"><span class=\"wpcf7-list-item\"><label><input type=\"checkbox\" name=\"acceptance-127\" value=\"1\" aria-invalid=\"false\" \/><span class=\"wpcf7-list-item-label\"><b>Privacy Policy<\/b><\/span><\/label><\/span><\/span><\/span>- Acepto las condiciones <a href=\"\/index.php\/privacy-policy\/?lang=es\" target=\"_blank\"><i>(click para ver)<\/i><\/a>\n\t<\/p>\n<\/div>\n<p>El interesado, despu\u00e9s de leer <a href=\"#\" target=\"_self\" rel=\"noopener\" data-toggle=\"modal\" data-target=\".fusion-modal.ESinformativa679\"><b>la nota informativa entregada con arreglo al Reglamento 2016\/678\/UE<\/b><\/a>, con su firma declara haber comprendido los fines y las modalidades del tratamiento que se describen en la misma nota.<br \/>\n\u00bfPresta su consentimiento para el tratamiento y la comunicaci\u00f3n de los datos personales para los fines de tipo facultativo indicados en el punto 2 a) indicado en <a href=\"#\" target=\"_self\" rel=\"noopener\" data-toggle=\"modal\" data-target=\".fusion-modal.ESinformativa679\"><b>la antedicha nota informativa?<\/b><\/a>\n<\/p>\n<div style=\"text-align:center;\">\n\t<p><b>Doy mi consentimiento:<\/b>&nbsp;&nbsp;<span class=\"wpcf7-form-control-wrap\" data-name=\"radio-695\"><span class=\"wpcf7-form-control wpcf7-radio\"><span class=\"wpcf7-list-item first\"><label><span class=\"wpcf7-list-item-label\">No<\/span><input type=\"radio\" name=\"radio-695\" value=\"No\" checked=\"checked\" \/><\/label><\/span><span class=\"wpcf7-list-item last\"><label><span class=\"wpcf7-list-item-label\">S\u00ed<\/span><input type=\"radio\" name=\"radio-695\" value=\"S\u00ed\" \/><\/label><\/span><\/span><\/span>\n\t<\/p>\n<\/div>\n<hr \/>\n<p><div id=\"cf7sr-69e2705d0c031\" class=\"cf7sr-g-recaptcha\" data-theme=\"light\" data-type=\"image\" data-size=\"normal\" data-sitekey=\"6Lde86QdAAAAAGw5ljqpPfMu9wtG2sgy2zruDYLr\"><\/div><span class=\"wpcf7-form-control-wrap cf7sr-recaptcha\" data-name=\"cf7sr-recaptcha\"><input type=\"hidden\" name=\"cf7sr-recaptcha\" value=\"\" class=\"wpcf7-form-control\"><\/span>\n<\/p>\n<p><input class=\"wpcf7-form-control wpcf7-submit has-spinner\" type=\"submit\" value=\"ENVIAR\" \/>\n<\/p><div class=\"fusion-alert alert custom alert-custom fusion-alert-center wpcf7-response-output alert-dismissable\" role=\"alert\" style=\"border-width:1px;\"><div class=\"fusion-alert-content-wrapper\"><span class=\"fusion-alert-content\"><\/span><\/div><button type=\"button\" class=\"close toggle-alert\" data-dismiss=\"alert\" aria-label=\"Close\">&times;<\/button><\/div>\n<\/form>\n<\/div>\n<div class=\"fusion-modal modal fade modal-1 ESinformativa679\" tabindex=\"-1\" role=\"dialog\" aria-labelledby=\"modal-heading-1\" aria-hidden=\"true\"><style type=\"text\/css\">.modal-1 .modal-header, .modal-1 .modal-footer{border-color:#e2e2e2;}<\/style><div class=\"modal-dialog modal-lg\" role=\"document\"><div class=\"modal-content fusion-modal-content\" style=\"background-color:#ffffff\"><div class=\"modal-header\"><button class=\"close\" type=\"button\" data-dismiss=\"modal\" aria-hidden=\"true\" aria-label=\"Close\">&times;<\/button><h3 class=\"modal-title\" id=\"modal-heading-1\" data-dismiss=\"modal\" aria-hidden=\"true\">Art\u00edculo 13 del Reglamento 2016\/679\/UE.<\/h3><\/div><div class=\"modal-body fusion-clearfix\">\n<p>Con la presente le informamos que en la sede de nuestra empresa se realiza el tratamiento de sus datos personales. El tratamiento se realiza cumpliendo los criterios previstos en el reglamento europeo en materia de protecci\u00f3n de los datos personales, Reglamento 2016\/679\/UE (a continuaci\u00f3n G.D.P.R.) y de cualquier otro texto legislativo nacional, medida o autorizaci\u00f3n de la Autoridad competente relacionado con el mismo. Seg\u00fan la normativa indicada, el tratamiento debe seguir principios de correcci\u00f3n, legitimidad y transparencia y de protecci\u00f3n de la discreci\u00f3n y de los derechos del cliente.<\/p>\n<p><strong>1<\/strong><strong>)<\/strong> El <strong>titular del tratamiento<\/strong> de los datos es la sociedad<strong> S.i.r.i. S.r.l., <\/strong>en la persona del representante legal interino, se\u00f1or<strong> Giorgio Trevisi<\/strong>, con sede legal en Via Raimondo Dalla Costa, 44\/46 \u2013 41122 M\u00f3dena (MO), tel\u00e9fono: 059313191, e-mail: g.trevisi@siri.mo.it.<\/p>\n<p><strong>2)<\/strong> Los datos recolectados se utilizar\u00e1n para los siguientes <strong>fines<\/strong>:<\/p>\n<ol start=\"6\">\n<li>Env\u00edo de informaci\u00f3n requerida para la cual no es necesario el consentimiento expl\u00edcito (art\u00edculo 6.1, letra a), G.D.P.R.);<\/li>\n<li>Marketing comercial para el cual es necesario el consentimiento expl\u00edcito (art\u00edculo 6.1, letras a) y f), G.D.P.R.).<\/li>\n<\/ol>\n<p><strong>3) Modalidades<\/strong>: los datos personales son tratados por el titular y por los responsables adecuadamente nombrados para el cumplimiento correcto de los fines indicados en el punto 2), mediante instrumentos electr\u00f3nicos y archivos en papel, y adem\u00e1s con el uso de medidas de seguridad adecuadas para garantizar el car\u00e1cter reservado de los datos personales y para evitar accesos no debidos por parte de sujetos no autorizados.<\/p>\n<p><strong>4) Comunicaci\u00f3n: <\/strong>los datos podr\u00e1n comunicarse a sujetos internos y externos debidamente nombrados que desempe\u00f1ar\u00e1n actividades por cuenta del titular del tratamiento.<\/p>\n<p>No se prev\u00e9 la comunicaci\u00f3n a<strong> pa\u00edses <\/strong>fuera de la Uni\u00f3n Europea y no se prev\u00e9 la <strong>divulgaci\u00f3n<\/strong> (por ejemplo redes sociales, p\u00e1ginas Internet, etc.). El titular del tratamiento no recurre solamente a procesos automatizados para lograr los fines previstos en la presente nota informativa y no realiza actividades de <strong>perfilaci\u00f3n<\/strong>.<\/p>\n<p><strong>5)<\/strong> El Titular tratar\u00e1 los datos personales durante el <strong>tiempo<\/strong> necesario para conseguir los antedichos objetivos y, de cualquier forma, durante no m\u00e1s de dos a\u00f1os desde la terminaci\u00f3n de la relaci\u00f3n y siempre para los fines indicados.<\/p>\n<p><strong>6)<\/strong> El interesado tiene <strong>derecho<\/strong> a pedir al titular del tratamiento el acceso a sus datos personales, es decir la modificaci\u00f3n, o bien la cancelaci\u00f3n de los mismos o la limitaci\u00f3n del tratamiento que le corresponde, es decir tiene derecho a oponerse a su tratamiento, adem\u00e1s del derecho de pedir la portabilidad de los datos mismos.<\/p>\n<p>El pedido puede realizarse mediante correo electr\u00f3nico o mediante fax o carta certificada con objeto: <strong><u>\u201cPedido por parte del interesado\u201d<\/u><\/strong> especificando en el pedido el derecho que el interesado quiere ejercer (cancelaci\u00f3n, rectificado, portabilidad, olvido), junto a una v\u00e1lida direcci\u00f3n de correo electr\u00f3nico\/correo electr\u00f3nico certificado al cual enviar la respuesta.<\/p>\n<p>El titular del tratamiento o cualquier persona encargada por el mismo proceder\u00e1 a responder al pedido dentro de treinta d\u00edas desde la fecha de recibimiento. En caso de que la respuesta resultara compleja, el tiempo podr\u00eda alargarse a treinta d\u00edas m\u00e1s, previa <strong><u>tempestiva comunicaci\u00f3n<\/u><\/strong> al mismo interesado.<\/p>\n<p>En caso de que considere oportuno utilizar sus derechos, tiene la facultad de proponer reclamaci\u00f3n a la autoridad de control competente, que corresponde al <strong><u>Garante nacional para la privacidad<\/u><\/strong>, con sede en Piazza Venezia, 11 \u2013 00187 Roma, protocollo@gpdp.it.<\/p>\n<\/div><\/div><\/div><\/div><\/div><style type=\"text\/css\">.fusion-body .fusion-builder-column-2{width:66.666666666667% !important;margin-top : 0px;margin-bottom : 20px;}.fusion-builder-column-2 > .fusion-column-wrapper {padding-top : 0px !important;padding-right : 0px !important;margin-right : 2.88%;padding-bottom : 0px !important;padding-left : 0px !important;margin-left : 2.88%;}@media only screen and (max-width:1024px) {.fusion-body .fusion-builder-column-2{width:66.666666666667% !important;order : 0;}.fusion-builder-column-2 > .fusion-column-wrapper {margin-right : 2.88%;margin-left : 2.88%;}}@media only screen and (max-width:640px) {.fusion-body .fusion-builder-column-2{width:100% !important;order : 0;}.fusion-builder-column-2 > .fusion-column-wrapper {margin-right : 1.92%;margin-left : 1.92%;}}<\/style><\/div><\/div><style type=\"text\/css\">.fusion-body .fusion-flex-container.fusion-builder-row-2{ padding-top : 0px;margin-top : 50px;padding-right : 0px;padding-bottom : 0px;margin-bottom : 0px;padding-left : 0px;}<\/style><\/div><div class=\"fusion-fullwidth fullwidth-box fusion-builder-row-3 fusion-flex-container hundred-percent-fullwidth non-hundred-percent-height-scrolling\" style=\"background-color: #8bacc2;background-position: center center;background-repeat: no-repeat;border-width: 0px 0px 0px 0px;border-color:#e2e2e2;border-style:solid;\" ><div class=\"fusion-builder-row fusion-row fusion-flex-align-items-center\" style=\"width:104% !important;max-width:104% !important;margin-left: calc(-4% \/ 2 );margin-right: calc(-4% \/ 2 );\"><div class=\"fusion-layout-column fusion_builder_column fusion-builder-column-3 fusion_builder_column_1_1 1_1 fusion-flex-column\"><div class=\"fusion-column-wrapper fusion-flex-justify-content-flex-start fusion-content-layout-column\" style=\"background-position:left top;background-repeat:no-repeat;-webkit-background-size:cover;-moz-background-size:cover;-o-background-size:cover;background-size:cover;padding: 0px 0px 0px 0px;\">\t\t\t\t\t<script type=\"text\/javascript\">\n\t\t\t\t\t\tvar map_fusion_map_69e2705d11930;\n\t\t\t\t\t\tvar markers = [];\n\t\t\t\t\t\tvar counter = 0;\n\t\t\t\t\t\t\t\t\t\t\t\t\t\t\t\t\t\t\t\tvar fusionMapNonce = '80383e207f';\n\t\t\t\t\t\t\t\t\t\t\t\tfunction fusion_run_map_fusion_map_69e2705d11930() {\n\t\t\t\t\t\t\tjQuery('#fusion_map_69e2705d11930').fusion_maps({\n\t\t\t\t\t\t\t\taddresses: [{\"address\":\"Via R.Dalla Costa, 44\\\/46 (z.i. Torrazzi) 41122 Modena - Italy\",\"infobox_content\":\"Via R.Dalla Costa, 44\\\/46 (z.i. Torrazzi) 41122 Modena - Italy\",\"coordinates\":false,\"cache\":true,\"latitude\":\"44.65173300000001\",\"longitude\":\"10.9640065\"}],\n\t\t\t\t\t\t\t\tanimations: false,\n\t\t\t\t\t\t\t\tinfobox_background_color: '',\n\t\t\t\t\t\t\t\tinfobox_styling: 'default',\n\t\t\t\t\t\t\t\tinfobox_text_color: '',\n\t\t\t\t\t\t\t\tmap_style: 'default',\n\t\t\t\t\t\t\t\tmap_type: 'roadmap',\n\t\t\t\t\t\t\t\tmarker_icon: '',\n\t\t\t\t\t\t\t\toverlay_color: '',\n\t\t\t\t\t\t\t\toverlay_color_hsl: {\"hue\":0,\"sat\":0,\"lum\":100},\n\t\t\t\t\t\t\t\tpan_control: true,\n\t\t\t\t\t\t\t\tshow_address: true,\n\t\t\t\t\t\t\t\tscale_control: true,\n\t\t\t\t\t\t\t\tscrollwheel: true,\n\t\t\t\t\t\t\t\tzoom: 14,\n\t\t\t\t\t\t\t\tzoom_control: true,\n\t\t\t\t\t\t\t});\n\t\t\t\t\t\t}\n\n\t\t\t\t\t\tgoogle.maps.event.addDomListener(window, 'load', fusion_run_map_fusion_map_69e2705d11930);\n\t\t\t\t\t<\/script>\n\t\t\t\t\t<div class=\"shortcode-map fusion-google-map fusion-maps-js-type\" style=\"height:400px;width:100%;\" id=\"fusion_map_69e2705d11930\"><\/div><\/div><style type=\"text\/css\">.fusion-body .fusion-builder-column-3{width:100% !important;margin-top : 0px;margin-bottom : 20px;}.fusion-builder-column-3 > .fusion-column-wrapper {padding-top : 0px !important;padding-right : 0px !important;margin-right : 1.92%;padding-bottom : 0px !important;padding-left : 0px !important;margin-left : 1.92%;}@media only screen and (max-width:1024px) {.fusion-body .fusion-builder-column-3{width:100% !important;order : 0;}.fusion-builder-column-3 > .fusion-column-wrapper {margin-right : 1.92%;margin-left : 1.92%;}}@media only screen and (max-width:640px) {.fusion-body .fusion-builder-column-3{width:100% !important;order : 0;}.fusion-builder-column-3 > .fusion-column-wrapper {margin-right : 1.92%;margin-left : 1.92%;}}<\/style><\/div><\/div><style type=\"text\/css\">.fusion-body .fusion-flex-container.fusion-builder-row-3{ padding-top : 0px;margin-top : 0px;padding-right : 0px;padding-bottom : 0px;margin-bottom : 0px;padding-left : 0px;}<\/style><\/div><div class=\"fusion-fullwidth fullwidth-box fusion-builder-row-4 fusion-flex-container nonhundred-percent-fullwidth non-hundred-percent-height-scrolling\" style=\"background-color: rgba(255,255,255,0);background-position: center center;background-repeat: no-repeat;border-width: 0px 0px 0px 0px;border-color:#e2e2e2;border-style:solid;\" ><div class=\"fusion-builder-row fusion-row fusion-flex-align-items-flex-start\" style=\"max-width:1248px;margin-left: calc(-4% \/ 2 );margin-right: calc(-4% \/ 2 );\"><div class=\"fusion-layout-column fusion_builder_column fusion-builder-column-4 fusion_builder_column_1_1 1_1 fusion-flex-column\"><div class=\"fusion-column-wrapper fusion-flex-justify-content-flex-start fusion-content-layout-column\" style=\"background-position:left top;background-repeat:no-repeat;-webkit-background-size:cover;-moz-background-size:cover;-o-background-size:cover;background-size:cover;padding: 0px 0px 0px 0px;\"><style type=\"text\/css\">@media only screen and (max-width:1024px) {.fusion-title.fusion-title-1{margin-top:5px!important; margin-right:0px!important;margin-bottom:5px!important;margin-left:0px!important;}}@media only screen and (max-width:640px) {.fusion-title.fusion-title-1{margin-top:2px!important; margin-right:0px!important;margin-bottom:2px!important; margin-left:0px!important;}}<\/style><div class=\"fusion-title title fusion-title-1 fusion-sep-none fusion-title-text fusion-title-size-one\" style=\"margin-top:5px;margin-right:0px;margin-bottom:5px;margin-left:0px;\"><h1 class=\"title-heading-left\" style=\"margin:0;\"><h2 style=\"text-align: center;\">Indicazioni<\/h2><\/h1><\/div><div class=\"fusion-text fusion-text-3\"><p><span class=\"title01\"><strong>Dall&#8217;autostrada:\u00a0<\/strong><br \/>\n<\/span>se si proviene dal casello di Modena nord imboccare la tangenziale in direzione Bologna. Prendere l&#8217;uscita che segnala Zona industriale Torrazzi dopo circa 8 km.<br \/>\nAlla prima rotonda prendere la terza uscita; arrivati alla rotonda successiva prendere di nuovo la terza uscita, per immettersi sulla Via R. Dalla Costa. Il civico 44 \u00e8 avanti 500 metri circa.<br \/>\nSe si proviene dal casello di Modena sud imboccare la tangenziale in direzione Milano.<br \/>\nPrendere l&#8217;uscita che segnala Zona industriale Torrazzi dopo circa 10 km.<br \/>\nAlla prima rotonda prendere la terza uscita; arrivati alla rotonda successiva prendere di nuovo la terza uscita, per immettersi sulla Via R. Dalla Costa. Il civico 44 \u00e8 avanti 500 metri circa.<\/p>\n<\/div><\/div><style type=\"text\/css\">.fusion-body .fusion-builder-column-4{width:100% !important;margin-top : 0px;margin-bottom : 20px;}.fusion-builder-column-4 > .fusion-column-wrapper {padding-top : 0px !important;padding-right : 0px !important;margin-right : 1.92%;padding-bottom : 0px !important;padding-left : 0px !important;margin-left : 1.92%;}@media only screen and (max-width:1024px) {.fusion-body .fusion-builder-column-4{width:100% !important;order : 0;}.fusion-builder-column-4 > .fusion-column-wrapper {margin-right : 1.92%;margin-left : 1.92%;}}@media only screen and (max-width:640px) {.fusion-body .fusion-builder-column-4{width:100% !important;order : 0;}.fusion-builder-column-4 > .fusion-column-wrapper {margin-right : 1.92%;margin-left : 1.92%;}}<\/style><\/div><\/div><style type=\"text\/css\">.fusion-body .fusion-flex-container.fusion-builder-row-4{ padding-top : 0px;margin-top : 30px;padding-right : 0px;padding-bottom : 0px;margin-bottom : 0px;padding-left : 0px;}<\/style><\/div><\/p>\n","protected":false},"excerpt":{"rendered":"","protected":false},"author":1,"featured_media":0,"parent":0,"menu_order":0,"comment_status":"closed","ping_status":"closed","template":"100-width.php","meta":{"footnotes":""},"class_list":["post-41021443","page","type-page","status-publish","hentry"],"_links":{"self":[{"href":"https:\/\/www.siri.mo.it\/index.php\/wp-json\/wp\/v2\/pages\/41021443","targetHints":{"allow":["GET"]}}],"collection":[{"href":"https:\/\/www.siri.mo.it\/index.php\/wp-json\/wp\/v2\/pages"}],"about":[{"href":"https:\/\/www.siri.mo.it\/index.php\/wp-json\/wp\/v2\/types\/page"}],"author":[{"embeddable":true,"href":"https:\/\/www.siri.mo.it\/index.php\/wp-json\/wp\/v2\/users\/1"}],"replies":[{"embeddable":true,"href":"https:\/\/www.siri.mo.it\/index.php\/wp-json\/wp\/v2\/comments?post=41021443"}],"version-history":[{"count":6,"href":"https:\/\/www.siri.mo.it\/index.php\/wp-json\/wp\/v2\/pages\/41021443\/revisions"}],"predecessor-version":[{"id":41025421,"href":"https:\/\/www.siri.mo.it\/index.php\/wp-json\/wp\/v2\/pages\/41021443\/revisions\/41025421"}],"wp:attachment":[{"href":"https:\/\/www.siri.mo.it\/index.php\/wp-json\/wp\/v2\/media?parent=41021443"}],"curies":[{"name":"wp","href":"https:\/\/api.w.org\/{rel}","templated":true}]}}