{"id":41021439,"date":"2021-06-23T11:03:53","date_gmt":"2021-06-23T09:03:53","guid":{"rendered":"https:\/\/www.siri.mo.it\/?page_id=41021439"},"modified":"2023-02-28T17:04:42","modified_gmt":"2023-02-28T16:04:42","slug":"kontacte","status":"publish","type":"page","link":"https:\/\/www.siri.mo.it\/index.php\/kontacte\/?lang=de","title":{"rendered":"Kontacte"},"content":{"rendered":"<p><div class=\"fusion-fullwidth fullwidth-box fusion-builder-row-1 fusion-flex-container nonhundred-percent-fullwidth non-hundred-percent-height-scrolling\" style=\"background-color: rgba(96,125,139,0.1);background-position: center center;background-repeat: no-repeat;border-width: 1px 0px 1px 0px;border-color:#e2e2e2;border-style:solid;\" ><div class=\"fusion-builder-row fusion-row fusion-flex-align-items-stretch\" style=\"max-width:1248px;margin-left: calc(-4% \/ 2 );margin-right: calc(-4% \/ 2 );\"><div class=\"fusion-layout-column fusion_builder_column fusion-builder-column-0 fusion_builder_column_1_1 1_1 fusion-flex-column\"><div class=\"fusion-column-wrapper fusion-flex-justify-content-space-evenly fusion-content-layout-column\" style=\"background-position:left top;background-repeat:no-repeat;-webkit-background-size:cover;-moz-background-size:cover;-o-background-size:cover;background-size:cover;padding: 0px 0px 0px 0px;\"><style type=\"text\/css\">.fusion-breadcrumbs.fusion-breadcrumbs-1{font-size:14px;}.fusion-breadcrumbs.fusion-breadcrumbs-1 span a:hover{color:#0099cc !important;}.fusion-breadcrumbs.fusion-breadcrumbs-1{color:#15375d;}.fusion-breadcrumbs.fusion-breadcrumbs-1 a{color:#15375d;}<\/style><div class=\"fusion-breadcrumbs fusion-breadcrumbs-1\" style=\"margin-top:2px;margin-bottom:2px;\"><span class=\"fusion-breadcrumb-item\"><a href=\"https:\/\/www.siri.mo.it\" class=\"fusion-breadcrumb-link\"><span >Home<\/span><\/a><\/span><span class=\"fusion-breadcrumb-sep\">><\/span><\/div><\/div><style type=\"text\/css\">.fusion-body .fusion-builder-column-0{width:100% !important;margin-top : 0px;margin-bottom : 0px;}.fusion-builder-column-0 > .fusion-column-wrapper {padding-top : 0px !important;padding-right : 0px !important;margin-right : 1.92%;padding-bottom : 0px !important;padding-left : 0px !important;margin-left : 1.92%;}@media only screen and (max-width:1024px) {.fusion-body .fusion-builder-column-0{width:100% !important;order : 0;}.fusion-builder-column-0 > .fusion-column-wrapper {margin-right : 1.92%;margin-left : 1.92%;}}@media only screen and (max-width:640px) {.fusion-body .fusion-builder-column-0{width:100% !important;order : 0;}.fusion-builder-column-0 > .fusion-column-wrapper {margin-right : 1.92%;margin-left : 1.92%;}}<\/style><\/div><\/div><style type=\"text\/css\">.fusion-body .fusion-flex-container.fusion-builder-row-1{ padding-top : 0px;margin-top : 0px;padding-right : 0px;padding-bottom : 0px;margin-bottom : 0px;padding-left : 0px;}<\/style><\/div><div class=\"fusion-fullwidth fullwidth-box fusion-builder-row-2 fusion-flex-container nonhundred-percent-fullwidth non-hundred-percent-height-scrolling\" style=\"background-color: rgba(255,255,255,0);background-position: center center;background-repeat: no-repeat;border-width: 0px 0px 0px 0px;border-color:#e2e2e2;border-style:solid;\" ><div class=\"fusion-builder-row fusion-row fusion-flex-align-items-stretch\" style=\"max-width:1248px;margin-left: calc(-4% \/ 2 );margin-right: calc(-4% \/ 2 );\"><div class=\"fusion-layout-column fusion_builder_column fusion-builder-column-1 fusion_builder_column_1_3 1_3 fusion-flex-column\"><div class=\"fusion-column-wrapper fusion-flex-justify-content-flex-start fusion-content-layout-column\" style=\"background-position:left top;background-repeat:no-repeat;-webkit-background-size:cover;-moz-background-size:cover;-o-background-size:cover;background-size:cover;border-width: 0 1px 0 0;border-color:#197abf;border-style:solid;padding: 0px 10px 0px 0px;\"><div ><style>.awb-image-frame.awb-image-frame-1{ margin-bottom : 20px;}<\/style><div class=\"awb-image-frame awb-image-frame-1 imageframe-liftup\"><span class=\" fusion-imageframe imageframe-none imageframe-1\"><img decoding=\"async\" width=\"350\" height=\"212\" title=\"siri_contatti01_small\" src=\"https:\/\/www.siri.mo.it\/wp-content\/uploads\/2021\/03\/siri_contatti01_small.jpg\" alt class=\"img-responsive wp-image-41000130\" srcset=\"https:\/\/www.siri.mo.it\/wp-content\/uploads\/2021\/03\/siri_contatti01_small-200x121.jpg 200w, https:\/\/www.siri.mo.it\/wp-content\/uploads\/2021\/03\/siri_contatti01_small.jpg 350w\" sizes=\"(max-width: 640px) 100vw, 350px\" \/><\/span><\/div><\/div><div class=\"fusion-text fusion-text-1\"><h2>S.I.R.I. srl<\/h2>\n<p>Via R.Dalla Costa, 44\/46 (z.i. Torrazzi)<br \/>\n41122 Modena &#8211; Italy<\/p>\n<p>Tel. +39 059313191<br \/>\nFax +39 059311362<\/p>\n<p><strong>Ufficio commerciale:<\/strong><br \/>\n<a href=\"mailto:info@siri.mo.it\">info@siri.mo.it<\/a><\/p>\n<\/div><\/div><style type=\"text\/css\">.fusion-body .fusion-builder-column-1{width:33.333333333333% !important;margin-top : 0px;margin-bottom : 20px;}.fusion-builder-column-1 > .fusion-column-wrapper {padding-top : 0px !important;padding-right : 10px !important;margin-right : 5.76%;padding-bottom : 0px !important;padding-left : 0px !important;margin-left : 5.76%;}@media only screen and (max-width:1024px) {.fusion-body .fusion-builder-column-1{width:33.333333333333% !important;order : 0;}.fusion-builder-column-1 > .fusion-column-wrapper {margin-right : 5.76%;margin-left : 5.76%;}}@media only screen and (max-width:640px) {.fusion-body .fusion-builder-column-1{width:100% !important;order : 0;}.fusion-builder-column-1 > .fusion-column-wrapper {margin-right : 1.92%;margin-left : 1.92%;}}<\/style><\/div><div class=\"fusion-layout-column fusion_builder_column fusion-builder-column-2 fusion_builder_column_2_3 2_3 fusion-flex-column\"><div class=\"fusion-column-wrapper fusion-flex-justify-content-flex-start fusion-content-layout-column\" style=\"background-position:left top;background-repeat:no-repeat;-webkit-background-size:cover;-moz-background-size:cover;-o-background-size:cover;background-size:cover;padding: 0px 0px 0px 0px;\"><div class=\"fusion-text fusion-text-2\"><h4>M\u00f6chten Sie mehr Informationen erhalten?<\/h4>\n<p>Wenn Sie weitere Informationen, Erl\u00e4uterungen zu unseren Produkten, Bestellungen, Lieferungen w\u00fcnschen oder auch neugierig sind und mehr \u00fcber SIRI erfahren m\u00f6chten, senden Sie uns Ihre Nachricht und wir werden uns mit Ihnen in Verbindung setzen.<\/p>\n<\/div>\n<div class=\"wpcf7 no-js\" id=\"wpcf7-f41022623-o1\" lang=\"en-US\" dir=\"ltr\" data-wpcf7-id=\"41022623\">\n<div class=\"screen-reader-response\"><p role=\"status\" aria-live=\"polite\" aria-atomic=\"true\"><\/p> <ul><\/ul><\/div>\n<form action=\"\/index.php\/wp-json\/wp\/v2\/pages\/41021439#wpcf7-f41022623-o1\" method=\"post\" class=\"wpcf7-form init\" aria-label=\"Contact form\" novalidate=\"novalidate\" data-status=\"init\">\n<fieldset class=\"hidden-fields-container\"><input type=\"hidden\" name=\"_wpcf7\" value=\"41022623\" \/><input type=\"hidden\" name=\"_wpcf7_version\" value=\"6.1.5\" \/><input type=\"hidden\" name=\"_wpcf7_locale\" value=\"en_US\" \/><input type=\"hidden\" name=\"_wpcf7_unit_tag\" value=\"wpcf7-f41022623-o1\" \/><input type=\"hidden\" name=\"_wpcf7_container_post\" value=\"0\" \/><input type=\"hidden\" name=\"_wpcf7_posted_data_hash\" value=\"\" \/>\n<\/fieldset>\n<p><label> Vorname *<br \/>\n<span class=\"wpcf7-form-control-wrap\" data-name=\"your-name\"><input size=\"40\" maxlength=\"400\" class=\"wpcf7-form-control wpcf7-text wpcf7-validates-as-required\" aria-required=\"true\" aria-invalid=\"false\" value=\"\" type=\"text\" name=\"your-name\" \/><\/span> <\/label>\n<\/p>\n<p><label> Nachname *<br \/>\n<span class=\"wpcf7-form-control-wrap\" data-name=\"your-email\"><input size=\"40\" maxlength=\"400\" class=\"wpcf7-form-control wpcf7-email wpcf7-validates-as-required wpcf7-text wpcf7-validates-as-email\" aria-required=\"true\" aria-invalid=\"false\" value=\"\" type=\"email\" name=\"your-email\" \/><\/span> <\/label>\n<\/p>\n<p><label> Objekt *<br \/>\n<span class=\"wpcf7-form-control-wrap\" data-name=\"your-subject\"><input size=\"40\" maxlength=\"400\" class=\"wpcf7-form-control wpcf7-text wpcf7-validates-as-required\" aria-required=\"true\" aria-invalid=\"false\" value=\"\" type=\"text\" name=\"your-subject\" \/><\/span> <\/label>\n<\/p>\n<p><label> Nachricht<br \/>\n<span class=\"wpcf7-form-control-wrap\" data-name=\"your-message\"><textarea cols=\"40\" rows=\"10\" maxlength=\"2000\" class=\"wpcf7-form-control wpcf7-textarea\" aria-invalid=\"false\" name=\"your-message\"><\/textarea><\/span> <\/label>\n<\/p>\n<hr \/>\n<div style=\"padding-top: 20px; padding-bottom: 20px;\">\n\t<p><span class=\"wpcf7-form-control-wrap\" data-name=\"acceptance-127\"><span class=\"wpcf7-form-control wpcf7-acceptance\"><span class=\"wpcf7-list-item\"><label><input type=\"checkbox\" name=\"acceptance-127\" value=\"1\" aria-invalid=\"false\" \/><span class=\"wpcf7-list-item-label\"><b>Datenschutzbedingungen<\/b><\/span><\/label><\/span><\/span><\/span>- Ich akzeptiere <a href=\"\/index.php\/privacy-policy\/?lang=de\" target=\"_blank\"><i>(klicke zum Zeigen)<\/i><\/a>\n\t<\/p>\n<\/div>\n<p>Die betroffene Person hat den <a href=\"#\" target=\"_self\" rel=\"noopener\" data-toggle=\"modal\" data-target=\".fusion-modal.DEinformativa679\"><b>Informationshinweis gem\u00e4\u00df der Verordnung (EG) Nr. 2016\/679\/EU<\/b><\/a> gelesen und erkl\u00e4rt mit ihrer Unterschrift, dass sie die unter Punkt 2a beschriebenen Zwecke und Methoden der Verarbeitung verstanden hat.<br \/>\nGeben Sie Ihre Zustimmung zur Verarbeitung und Weitergabe Ihrer personenbezogenen Daten f\u00fcr die unter Punkt 2 b) <a href=\"#\" target=\"_self\" rel=\"noopener\" data-toggle=\"modal\" data-target=\".fusion-modal.DEinformativa679\"><b>genannten fakultativen Zwecke?<\/b><\/a>\n<\/p>\n<div style=\"text-align:center;\">\n\t<p><b>Ich gebe meine Zustimmung: <\/b>&nbsp;&nbsp;<span class=\"wpcf7-form-control-wrap\" data-name=\"radio-695\"><span class=\"wpcf7-form-control wpcf7-radio\"><span class=\"wpcf7-list-item first\"><label><span class=\"wpcf7-list-item-label\">Nein<\/span><input type=\"radio\" name=\"radio-695\" value=\"Nein\" checked=\"checked\" \/><\/label><\/span><span class=\"wpcf7-list-item last\"><label><span class=\"wpcf7-list-item-label\">Ja<\/span><input type=\"radio\" name=\"radio-695\" value=\"Ja\" \/><\/label><\/span><\/span><\/span>\n\t<\/p>\n<\/div>\n<hr \/>\n<p><div id=\"cf7sr-69e01a526480b\" class=\"cf7sr-g-recaptcha\" data-theme=\"light\" data-type=\"image\" data-size=\"normal\" data-sitekey=\"6Lde86QdAAAAAGw5ljqpPfMu9wtG2sgy2zruDYLr\"><\/div><span class=\"wpcf7-form-control-wrap cf7sr-recaptcha\" data-name=\"cf7sr-recaptcha\"><input type=\"hidden\" name=\"cf7sr-recaptcha\" value=\"\" class=\"wpcf7-form-control\"><\/span>\n<\/p>\n<p><input class=\"wpcf7-form-control wpcf7-submit has-spinner\" type=\"submit\" value=\"SENDEN\" \/>\n<\/p><div class=\"fusion-alert alert custom alert-custom fusion-alert-center wpcf7-response-output alert-dismissable\" role=\"alert\" style=\"border-width:1px;\"><div class=\"fusion-alert-content-wrapper\"><span class=\"fusion-alert-content\"><\/span><\/div><button type=\"button\" class=\"close toggle-alert\" data-dismiss=\"alert\" aria-label=\"Close\">&times;<\/button><\/div>\n<\/form>\n<\/div>\n<div class=\"fusion-modal modal fade modal-1 DEinformativa679\" tabindex=\"-1\" role=\"dialog\" aria-labelledby=\"modal-heading-1\" aria-hidden=\"true\"><style type=\"text\/css\">.modal-1 .modal-header, .modal-1 .modal-footer{border-color:#e2e2e2;}<\/style><div class=\"modal-dialog modal-lg\" role=\"document\"><div class=\"modal-content fusion-modal-content\" style=\"background-color:#ffffff\"><div class=\"modal-header\"><button class=\"close\" type=\"button\" data-dismiss=\"modal\" aria-hidden=\"true\" aria-label=\"Close\">&times;<\/button><h3 class=\"modal-title\" id=\"modal-heading-1\" data-dismiss=\"modal\" aria-hidden=\"true\">Art. 13 Verordnung 2016\/679\/EU<\/h3><\/div><div class=\"modal-body fusion-clearfix\">\n<p><strong><u>Betreff: Information \u00fcber die Verarbeitung personenbezogener Daten gem\u00e4\u00df Art. 13 Verordnung 2016\/679\/EU.<\/u><\/strong><\/p>\n<p>Hiermit m\u00f6chten wir Sie dar\u00fcber informieren, dass wir Ihre personenbezogenen Daten verarbeiten. Die Verarbeitung erfolgt in \u00dcbereinstimmung mit den Kriterien der Europ\u00e4ischen Datenschutzverordnung 2016\/679\/EU (im Folgenden &#8220;DSGVO&#8221;) und alle anderen nationalen Rechtsvorschriften, Ma\u00dfnahmen oder Genehmigungen der zust\u00e4ndigen Beh\u00f6rde in diesem Zusammenhang. Gem\u00e4\u00df den oben genannten Rechtsvorschriften muss die Verarbeitung auf den Grunds\u00e4tzen der Fairness, Rechtm\u00e4\u00dfigkeit und Transparenz sowie auf dem Schutz Ihrer Privatsph\u00e4re und Ihrer Rechte beruhen.<\/p>\n<p><strong>1)<\/strong> Der <strong>Inhaber der<\/strong> Datenverarbeitung ist die Firma<strong> S.i.r.i. <\/strong>S<strong>.r.l. <\/strong>, vertreten durch ihren gesetzlichen Vertreter pro tempore, Herrn<strong> Giorgio Trevisi<\/strong>, mit Sitz in Via Raimondo Dalla Costa, 44\/46 &#8211; 41122 Modena (MO), Italien, Tel: +39 059313191, email: g.trevisi@siri.mo.it.<\/p>\n<p><strong>2)<\/strong> Die erhobenen Daten werden f\u00fcr folgende <strong>Zwecke <\/strong>verwendet:<\/p>\n<ol start=\"6\">\n<li>\u00dcbermittlung von angeforderten Informationen, f\u00fcr die keine ausdr\u00fcckliche Zustimmung erforderlich ist (Art. 6.1 Buchst. a), DSGVO);<\/li>\n<li>Kommerzielles Marketing, f\u00fcr das eine ausdr\u00fcckliche Zustimmung erforderlich ist (Art. 6.1 Buchst. a) und f), DSGVO).<\/li>\n<\/ol>\n<p><strong>3) Modalit\u00e4ten<\/strong>: Die personenbezogenen Daten werden vom Inhaber der Datenverarbeitung und von den ordnungsgem\u00e4\u00df bestellten Datenverarbeitern zur ordnungsgem\u00e4\u00dfen Erf\u00fcllung der unter Punkt 2) genannten Zwecke mit Hilfe von elektronischen Instrumenten und Papierarchiven sowie unter Anwendung von Sicherheitsma\u00dfnahmen verarbeitet, die die Vertraulichkeit der personenbezogenen Daten gew\u00e4hrleisten und einen unbefugten Zugriff verhindern sollen.<\/p>\n<p><strong>4) \u00dcbermittlung: <\/strong>Die Daten k\u00f6nnen an ordnungsgem\u00e4\u00df ernannte interne und externe Stellen \u00fcbermittelt werden, die im Auftrag des Inhabers der Datenverarbeitung t\u00e4tig sind.<\/p>\n<p>Eine \u00dcbermittlung an<strong> Drittl\u00e4nder <\/strong>au\u00dferhalb der EU und eine <strong>Verbreitung<\/strong> (z. B. \u00fcber soziale Netzwerke, Websites usw.) ist nicht vorgesehen. Der Inhaber der Datenverarbeitung\u00a0 setzt keine automatisierten Verfahren ein, um die in dieser Richtlinie genannten Zwecke zu erreichen, und f\u00fchrt kein <strong>Profiling <\/strong>durch.<\/p>\n<p><strong>5)<\/strong> Der Inhaber der Datenverarbeitung verarbeitet die personenbezogenen Daten so <strong>lange<\/strong> , wie es f\u00fcr die Erf\u00fcllung der oben genannten Zwecke erforderlich ist, in jedem Fall aber nicht l\u00e4nger als 2 Jahre nach Beendigung der Beziehung zu den genannten Zwecken.<\/p>\n<p><strong>6)<\/strong> Die betroffene Person hat das <strong>Recht<\/strong> , vom Inhaber der Datenverarbeitung Zugang zu ihren personenbezogenen Daten, deren Berichtigung oder L\u00f6schung oder die Einschr\u00e4nkung der Verarbeitung ihrer personenbezogenen Daten zu verlangen oder der Verarbeitung zu widersprechen, sowie das Recht, die \u00dcbertragbarkeit der Daten zu verlangen.<\/p>\n<p>Der Antrag kann per E-Mail, Fax oder Einschreiben unter Angabe des Betreffs <strong><u>&#8220;Antrag der betroffenen Person&#8221; <\/u>\u00a0<\/strong>gestellt werden, in dem das Recht angegeben wird, das die betroffene Person aus\u00fcben m\u00f6chte (L\u00f6schung, Berichtigung, \u00dcbertragbarkeit, Vergessenwerden), sowie eine g\u00fcltige E-Mail-\/Postanschrift, an die die Antwort gesendet werden soll.<\/p>\n<p>Der Inhaber der Datenverarbeitung oder die von ihm beauftragte Person wird dem Antrag innerhalb von 30 Tagen nach Erhalt nachkommen. Ist die Antwort komplex, kann die Frist auf weitere 30 Tage verl\u00e4ngert werden, sofern der Betroffene <strong><u>rechtzeitig informiert wird<\/u><\/strong> .<\/p>\n<p>Sollten Sie es f\u00fcr angebracht halten, Ihre Rechte geltend zu machen, k\u00f6nnen Sie eine Beschwerde bei der zust\u00e4ndigen Aufsichtsbeh\u00f6rde einreichen, die dem <strong><u>nationalen Datenschutzgaranten <\/u><\/strong>entspricht, mit Sitz in Piazza Venezia, 11 &#8211; 00187 Rom, protocollo@gpdp.it.<\/p>\n<\/div><\/div><\/div><\/div><\/div><style type=\"text\/css\">.fusion-body .fusion-builder-column-2{width:66.666666666667% !important;margin-top : 0px;margin-bottom : 20px;}.fusion-builder-column-2 > .fusion-column-wrapper {padding-top : 0px !important;padding-right : 0px !important;margin-right : 2.88%;padding-bottom : 0px !important;padding-left : 0px !important;margin-left : 2.88%;}@media only screen and (max-width:1024px) {.fusion-body .fusion-builder-column-2{width:66.666666666667% !important;order : 0;}.fusion-builder-column-2 > .fusion-column-wrapper {margin-right : 2.88%;margin-left : 2.88%;}}@media only screen and (max-width:640px) {.fusion-body .fusion-builder-column-2{width:100% !important;order : 0;}.fusion-builder-column-2 > .fusion-column-wrapper {margin-right : 1.92%;margin-left : 1.92%;}}<\/style><\/div><\/div><style type=\"text\/css\">.fusion-body .fusion-flex-container.fusion-builder-row-2{ padding-top : 0px;margin-top : 50px;padding-right : 0px;padding-bottom : 0px;margin-bottom : 0px;padding-left : 0px;}<\/style><\/div><div class=\"fusion-fullwidth fullwidth-box fusion-builder-row-3 fusion-flex-container hundred-percent-fullwidth non-hundred-percent-height-scrolling\" style=\"background-color: #8bacc2;background-position: center center;background-repeat: no-repeat;border-width: 0px 0px 0px 0px;border-color:#e2e2e2;border-style:solid;\" ><div class=\"fusion-builder-row fusion-row fusion-flex-align-items-center\" style=\"width:104% !important;max-width:104% !important;margin-left: calc(-4% \/ 2 );margin-right: calc(-4% \/ 2 );\"><div class=\"fusion-layout-column fusion_builder_column fusion-builder-column-3 fusion_builder_column_1_1 1_1 fusion-flex-column\"><div class=\"fusion-column-wrapper fusion-flex-justify-content-flex-start fusion-content-layout-column\" style=\"background-position:left top;background-repeat:no-repeat;-webkit-background-size:cover;-moz-background-size:cover;-o-background-size:cover;background-size:cover;padding: 0px 0px 0px 0px;\">\t\t\t\t\t<script type=\"text\/javascript\">\n\t\t\t\t\t\tvar map_fusion_map_69e01a5269722;\n\t\t\t\t\t\tvar markers = [];\n\t\t\t\t\t\tvar counter = 0;\n\t\t\t\t\t\t\t\t\t\t\t\t\t\t\t\t\t\t\t\tvar fusionMapNonce = '2666772049';\n\t\t\t\t\t\t\t\t\t\t\t\tfunction fusion_run_map_fusion_map_69e01a5269722() {\n\t\t\t\t\t\t\tjQuery('#fusion_map_69e01a5269722').fusion_maps({\n\t\t\t\t\t\t\t\taddresses: [{\"address\":\"Via R.Dalla Costa, 44\\\/46 (z.i. Torrazzi) 41122 Modena - Italy\",\"infobox_content\":\"Via R.Dalla Costa, 44\\\/46 (z.i. Torrazzi) 41122 Modena - Italy\",\"coordinates\":false,\"cache\":true,\"latitude\":\"44.65173300000001\",\"longitude\":\"10.9640065\"}],\n\t\t\t\t\t\t\t\tanimations: false,\n\t\t\t\t\t\t\t\tinfobox_background_color: '',\n\t\t\t\t\t\t\t\tinfobox_styling: 'default',\n\t\t\t\t\t\t\t\tinfobox_text_color: '',\n\t\t\t\t\t\t\t\tmap_style: 'default',\n\t\t\t\t\t\t\t\tmap_type: 'roadmap',\n\t\t\t\t\t\t\t\tmarker_icon: '',\n\t\t\t\t\t\t\t\toverlay_color: '',\n\t\t\t\t\t\t\t\toverlay_color_hsl: {\"hue\":0,\"sat\":0,\"lum\":100},\n\t\t\t\t\t\t\t\tpan_control: true,\n\t\t\t\t\t\t\t\tshow_address: true,\n\t\t\t\t\t\t\t\tscale_control: true,\n\t\t\t\t\t\t\t\tscrollwheel: true,\n\t\t\t\t\t\t\t\tzoom: 14,\n\t\t\t\t\t\t\t\tzoom_control: true,\n\t\t\t\t\t\t\t});\n\t\t\t\t\t\t}\n\n\t\t\t\t\t\tgoogle.maps.event.addDomListener(window, 'load', fusion_run_map_fusion_map_69e01a5269722);\n\t\t\t\t\t<\/script>\n\t\t\t\t\t<div class=\"shortcode-map fusion-google-map fusion-maps-js-type\" style=\"height:400px;width:100%;\" id=\"fusion_map_69e01a5269722\"><\/div><\/div><style type=\"text\/css\">.fusion-body .fusion-builder-column-3{width:100% !important;margin-top : 0px;margin-bottom : 20px;}.fusion-builder-column-3 > .fusion-column-wrapper {padding-top : 0px !important;padding-right : 0px !important;margin-right : 1.92%;padding-bottom : 0px !important;padding-left : 0px !important;margin-left : 1.92%;}@media only screen and (max-width:1024px) {.fusion-body .fusion-builder-column-3{width:100% !important;order : 0;}.fusion-builder-column-3 > .fusion-column-wrapper {margin-right : 1.92%;margin-left : 1.92%;}}@media only screen and (max-width:640px) {.fusion-body .fusion-builder-column-3{width:100% !important;order : 0;}.fusion-builder-column-3 > .fusion-column-wrapper {margin-right : 1.92%;margin-left : 1.92%;}}<\/style><\/div><\/div><style type=\"text\/css\">.fusion-body .fusion-flex-container.fusion-builder-row-3{ padding-top : 0px;margin-top : 0px;padding-right : 0px;padding-bottom : 0px;margin-bottom : 0px;padding-left : 0px;}<\/style><\/div><div class=\"fusion-fullwidth fullwidth-box fusion-builder-row-4 fusion-flex-container nonhundred-percent-fullwidth non-hundred-percent-height-scrolling\" style=\"background-color: rgba(255,255,255,0);background-position: center center;background-repeat: no-repeat;border-width: 0px 0px 0px 0px;border-color:#e2e2e2;border-style:solid;\" ><div class=\"fusion-builder-row fusion-row fusion-flex-align-items-flex-start\" style=\"max-width:1248px;margin-left: calc(-4% \/ 2 );margin-right: calc(-4% \/ 2 );\"><div class=\"fusion-layout-column fusion_builder_column fusion-builder-column-4 fusion_builder_column_1_1 1_1 fusion-flex-column\"><div class=\"fusion-column-wrapper fusion-flex-justify-content-flex-start fusion-content-layout-column\" style=\"background-position:left top;background-repeat:no-repeat;-webkit-background-size:cover;-moz-background-size:cover;-o-background-size:cover;background-size:cover;padding: 0px 0px 0px 0px;\"><style type=\"text\/css\">@media only screen and (max-width:1024px) {.fusion-title.fusion-title-1{margin-top:5px!important; margin-right:0px!important;margin-bottom:5px!important;margin-left:0px!important;}}@media only screen and (max-width:640px) {.fusion-title.fusion-title-1{margin-top:2px!important; margin-right:0px!important;margin-bottom:2px!important; margin-left:0px!important;}}<\/style><div class=\"fusion-title title fusion-title-1 fusion-sep-none fusion-title-text fusion-title-size-one\" style=\"margin-top:5px;margin-right:0px;margin-bottom:5px;margin-left:0px;\"><h1 class=\"title-heading-left\" style=\"margin:0;\"><h2 style=\"text-align: center;\">Indicazioni<\/h2><\/h1><\/div><div class=\"fusion-text fusion-text-3\"><p><span class=\"title01\"><strong>Dall&#8217;autostrada:\u00a0<\/strong><br \/>\n<\/span>se si proviene dal casello di Modena nord imboccare la tangenziale in direzione Bologna. Prendere l&#8217;uscita che segnala Zona industriale Torrazzi dopo circa 8 km.<br \/>\nAlla prima rotonda prendere la terza uscita; arrivati alla rotonda successiva prendere di nuovo la terza uscita, per immettersi sulla Via R. Dalla Costa. Il civico 44 \u00e8 avanti 500 metri circa.<br \/>\nSe si proviene dal casello di Modena sud imboccare la tangenziale in direzione Milano.<br \/>\nPrendere l&#8217;uscita che segnala Zona industriale Torrazzi dopo circa 10 km.<br \/>\nAlla prima rotonda prendere la terza uscita; arrivati alla rotonda successiva prendere di nuovo la terza uscita, per immettersi sulla Via R. Dalla Costa. Il civico 44 \u00e8 avanti 500 metri circa.<\/p>\n<\/div><\/div><style type=\"text\/css\">.fusion-body .fusion-builder-column-4{width:100% !important;margin-top : 0px;margin-bottom : 20px;}.fusion-builder-column-4 > .fusion-column-wrapper {padding-top : 0px !important;padding-right : 0px !important;margin-right : 1.92%;padding-bottom : 0px !important;padding-left : 0px !important;margin-left : 1.92%;}@media only screen and (max-width:1024px) {.fusion-body .fusion-builder-column-4{width:100% !important;order : 0;}.fusion-builder-column-4 > .fusion-column-wrapper {margin-right : 1.92%;margin-left : 1.92%;}}@media only screen and (max-width:640px) {.fusion-body .fusion-builder-column-4{width:100% !important;order : 0;}.fusion-builder-column-4 > .fusion-column-wrapper {margin-right : 1.92%;margin-left : 1.92%;}}<\/style><\/div><\/div><style type=\"text\/css\">.fusion-body .fusion-flex-container.fusion-builder-row-4{ padding-top : 0px;margin-top : 30px;padding-right : 0px;padding-bottom : 0px;margin-bottom : 0px;padding-left : 0px;}<\/style><\/div><\/p>\n","protected":false},"excerpt":{"rendered":"","protected":false},"author":1,"featured_media":0,"parent":0,"menu_order":0,"comment_status":"closed","ping_status":"closed","template":"100-width.php","meta":{"footnotes":""},"class_list":["post-41021439","page","type-page","status-publish","hentry"],"_links":{"self":[{"href":"https:\/\/www.siri.mo.it\/index.php\/wp-json\/wp\/v2\/pages\/41021439","targetHints":{"allow":["GET"]}}],"collection":[{"href":"https:\/\/www.siri.mo.it\/index.php\/wp-json\/wp\/v2\/pages"}],"about":[{"href":"https:\/\/www.siri.mo.it\/index.php\/wp-json\/wp\/v2\/types\/page"}],"author":[{"embeddable":true,"href":"https:\/\/www.siri.mo.it\/index.php\/wp-json\/wp\/v2\/users\/1"}],"replies":[{"embeddable":true,"href":"https:\/\/www.siri.mo.it\/index.php\/wp-json\/wp\/v2\/comments?post=41021439"}],"version-history":[{"count":7,"href":"https:\/\/www.siri.mo.it\/index.php\/wp-json\/wp\/v2\/pages\/41021439\/revisions"}],"predecessor-version":[{"id":41025417,"href":"https:\/\/www.siri.mo.it\/index.php\/wp-json\/wp\/v2\/pages\/41021439\/revisions\/41025417"}],"wp:attachment":[{"href":"https:\/\/www.siri.mo.it\/index.php\/wp-json\/wp\/v2\/media?parent=41021439"}],"curies":[{"name":"wp","href":"https:\/\/api.w.org\/{rel}","templated":true}]}}