{"id":41009818,"date":"2021-06-14T17:47:55","date_gmt":"2021-06-14T15:47:55","guid":{"rendered":"https:\/\/www.siri.mo.it\/?page_id=41009818"},"modified":"2021-07-28T15:04:33","modified_gmt":"2021-07-28T13:04:33","slug":"agents-et-distributeurs","status":"publish","type":"page","link":"https:\/\/www.siri.mo.it\/index.php\/agents-et-distributeurs\/?lang=fr","title":{"rendered":"AGENTS ET DISTRIBUTEURS"},"content":{"rendered":"<p><div class=\"fusion-fullwidth fullwidth-box fusion-builder-row-1 fusion-flex-container nonhundred-percent-fullwidth non-hundred-percent-height-scrolling\" style=\"background-color: rgba(96,125,139,0.1);background-position: center center;background-repeat: no-repeat;border-width: 1px 0px 1px 0px;border-color:#e2e2e2;border-style:solid;\" ><div class=\"fusion-builder-row fusion-row fusion-flex-align-items-stretch\" style=\"max-width:1248px;margin-left: calc(-4% \/ 2 );margin-right: calc(-4% \/ 2 );\"><div class=\"fusion-layout-column fusion_builder_column fusion-builder-column-0 fusion_builder_column_1_1 1_1 fusion-flex-column\"><div class=\"fusion-column-wrapper fusion-flex-justify-content-space-evenly fusion-content-layout-column\" style=\"background-position:left top;background-repeat:no-repeat;-webkit-background-size:cover;-moz-background-size:cover;-o-background-size:cover;background-size:cover;padding: 0px 0px 0px 0px;\"><style type=\"text\/css\">.fusion-breadcrumbs.fusion-breadcrumbs-1{font-size:14px;}.fusion-breadcrumbs.fusion-breadcrumbs-1 span a:hover{color:#0099cc !important;}.fusion-breadcrumbs.fusion-breadcrumbs-1{color:#15375d;}.fusion-breadcrumbs.fusion-breadcrumbs-1 a{color:#15375d;}<\/style><div class=\"fusion-breadcrumbs fusion-breadcrumbs-1\" style=\"margin-top:2px;margin-bottom:2px;\"><span class=\"fusion-breadcrumb-item\"><a href=\"https:\/\/www.siri.mo.it\" class=\"fusion-breadcrumb-link\"><span >Home<\/span><\/a><\/span><span class=\"fusion-breadcrumb-sep\">><\/span><\/div><\/div><style type=\"text\/css\">.fusion-body .fusion-builder-column-0{width:100% !important;margin-top : 0px;margin-bottom : 0px;}.fusion-builder-column-0 > .fusion-column-wrapper {padding-top : 0px !important;padding-right : 0px !important;margin-right : 1.92%;padding-bottom : 0px !important;padding-left : 0px !important;margin-left : 1.92%;}@media only screen and (max-width:1024px) {.fusion-body .fusion-builder-column-0{width:100% !important;order : 0;}.fusion-builder-column-0 > .fusion-column-wrapper {margin-right : 1.92%;margin-left : 1.92%;}}@media only screen and (max-width:640px) {.fusion-body .fusion-builder-column-0{width:100% !important;order : 0;}.fusion-builder-column-0 > .fusion-column-wrapper {margin-right : 1.92%;margin-left : 1.92%;}}<\/style><\/div><\/div><style type=\"text\/css\">.fusion-body .fusion-flex-container.fusion-builder-row-1{ padding-top : 0px;margin-top : 0px;padding-right : 0px;padding-bottom : 0px;margin-bottom : 0px;padding-left : 0px;}<\/style><\/div><div class=\"fusion-fullwidth fullwidth-box fusion-builder-row-2 fusion-flex-container nonhundred-percent-fullwidth non-hundred-percent-height-scrolling\" style=\"background-color: rgba(255,255,255,0);background-position: center center;background-repeat: no-repeat;border-width: 0px 0px 0px 0px;border-color:#e2e2e2;border-style:solid;\" ><div class=\"fusion-builder-row fusion-row fusion-flex-align-items-flex-start\" style=\"max-width:1248px;margin-left: calc(-4% \/ 2 );margin-right: calc(-4% \/ 2 );\"><div class=\"fusion-layout-column fusion_builder_column fusion-builder-column-1 fusion_builder_column_1_1 1_1 fusion-flex-column fusion-flex-align-self-center\"><div class=\"fusion-column-wrapper fusion-flex-justify-content-flex-start fusion-content-layout-column\" style=\"background-position:left top;background-repeat:no-repeat;-webkit-background-size:cover;-moz-background-size:cover;-o-background-size:cover;background-size:cover;padding: 0px 0px 0px 0px;\"><div class=\"fusion-text fusion-text-1\"><h2>SIRI dans le monde<\/h2>\n<p>Ici vous trouverez l\u2019agent ou les distributeurs que nous vous conseillons pour votre zone. Nos pr\u00e9pos\u00e9s sauront vous offrir un service exp\u00e9riment\u00e9, aussi bien en mati\u00e8re de conseil que de vente et vous prodiguer des conseils sur les produits qui peuvent r\u00e9pondre \u00e0 vos exigences.<\/p>\n<\/div><\/div><style type=\"text\/css\">.fusion-body .fusion-builder-column-1{width:100% !important;margin-top : 0px;margin-bottom : 20px;}.fusion-builder-column-1 > .fusion-column-wrapper {padding-top : 0px !important;padding-right : 0px !important;margin-right : 1.92%;padding-bottom : 0px !important;padding-left : 0px !important;margin-left : 1.92%;}@media only screen and (max-width:1024px) {.fusion-body .fusion-builder-column-1{width:100% !important;order : 0;}.fusion-builder-column-1 > .fusion-column-wrapper {margin-right : 1.92%;margin-left : 1.92%;}}@media only screen and (max-width:640px) {.fusion-body .fusion-builder-column-1{width:100% !important;order : 0;}.fusion-builder-column-1 > .fusion-column-wrapper {margin-right : 1.92%;margin-left : 1.92%;}}<\/style><\/div><\/div><style type=\"text\/css\">.fusion-body .fusion-flex-container.fusion-builder-row-2{ padding-top : 0px;margin-top : 50px;padding-right : 0px;padding-bottom : 0px;margin-bottom : 0px;padding-left : 0px;}<\/style><\/div><div class=\"fusion-fullwidth fullwidth-box fusion-builder-row-3 fusion-flex-container nonhundred-percent-fullwidth non-hundred-percent-height-scrolling\" style=\"background-color: rgba(255,255,255,0);background-position: center center;background-repeat: no-repeat;border-width: 0px 0px 0px 0px;border-color:#e2e2e2;border-style:solid;\" ><div class=\"fusion-builder-row fusion-row fusion-flex-align-items-flex-start\" style=\"max-width:1248px;margin-left: calc(-4% \/ 2 );margin-right: calc(-4% \/ 2 );\"><div class=\"fusion-layout-column fusion_builder_column fusion-builder-column-2 fusion_builder_column_1_6 1_6 fusion-flex-column fusion-flex-align-self-flex-start fusion-column-inner-bg-wrapper\"><div class=\"fusion-column-wrapper fusion-flex-justify-content-flex-start fusion-content-layout-column\" style=\"padding: 0px 0px 0px 0px;\"><div ><span class=\" fusion-imageframe imageframe-none imageframe-1 hover-type-none\"><img decoding=\"async\" width=\"432\" height=\"432\" title=\"ad-italia\" src=\"https:\/\/www.siri.mo.it\/wp-content\/uploads\/2021\/03\/ad-italia.png\" alt class=\"img-responsive wp-image-41001518\" srcset=\"https:\/\/www.siri.mo.it\/wp-content\/uploads\/2021\/03\/ad-italia-200x200.png 200w, https:\/\/www.siri.mo.it\/wp-content\/uploads\/2021\/03\/ad-italia-400x400.png 400w, https:\/\/www.siri.mo.it\/wp-content\/uploads\/2021\/03\/ad-italia.png 432w\" sizes=\"(max-width: 640px) 100vw, 200px\" \/><\/span><\/div><style type=\"text\/css\">@media only screen and (max-width:1024px) {.fusion-title.fusion-title-1{margin-top:5px!important; margin-right:0px!important;margin-bottom:5px!important;margin-left:0px!important;}}@media only screen and (max-width:640px) {.fusion-title.fusion-title-1{margin-top:2px!important; margin-right:0px!important;margin-bottom:2px!important; margin-left:0px!important;}}<\/style><div class=\"fusion-title title fusion-title-1 fusion-sep-none fusion-title-text fusion-title-size-one\" style=\"margin-top:5px;margin-right:0px;margin-bottom:5px;margin-left:0px;\"><h1 class=\"title-heading-left\" style=\"margin:0;\"><h2 style=\"text-align: center;\">Italie<\/h2><\/h1><\/div><\/div><span class=\"fusion-column-inner-bg hover-type-none\"><a class=\"fusion-column-anchor\" href=\"\/index.php\/agents-et-distributeurs\/italie\/?lang=fr\"><span class=\"fusion-column-inner-bg-image\" style=\"background-position:left top;background-repeat:no-repeat;-webkit-background-size:cover;-moz-background-size:cover;-o-background-size:cover;background-size:cover;\"><\/span><\/a><\/span><style type=\"text\/css\">.fusion-body .fusion-builder-column-2{width:16.666666666667% !important;margin-top : 0px;margin-bottom : 20px;}.fusion-builder-column-2 > .fusion-column-wrapper {padding-top : 0px !important;padding-right : 0px !important;margin-right : 11.52%;padding-bottom : 0px !important;padding-left : 0px !important;margin-left : 11.52%;}.fusion-flex-container .fusion-row .fusion-builder-column-2 > .fusion-column-inner-bg { margin-right:11.52%;margin-left:11.52%; }@media only screen and (max-width:1024px) {.fusion-body .fusion-builder-column-2{width:16.666666666667% !important;order : 0;}.fusion-builder-column-2 > .fusion-column-wrapper {margin-right : 11.52%;margin-left : 11.52%;}.fusion-flex-container .fusion-row .fusion-builder-column-2 > .fusion-column-inner-bg { margin-right:11.52%;margin-left:11.52%; }}@media only screen and (max-width:640px) {.fusion-body .fusion-builder-column-2{width:100% !important;order : 0;}.fusion-builder-column-2 > .fusion-column-wrapper {margin-right : 1.92%;margin-left : 1.92%;}.fusion-flex-container .fusion-row .fusion-builder-column-2 > .fusion-column-inner-bg { margin-right:1.92%;margin-left:1.92%; }}<\/style><style type=\"text\/css\">.fusion-builder-column-2{filter: hue-rotate(0deg) saturate(0%);transition: filter 0.3s ease;}.fusion-builder-column-2:hover{filter: hue-rotate(170deg) saturate(50%);}<\/style><\/div><div class=\"fusion-layout-column fusion_builder_column fusion-builder-column-3 fusion_builder_column_1_6 1_6 fusion-flex-column fusion-flex-align-self-flex-start fusion-column-inner-bg-wrapper\"><div class=\"fusion-column-wrapper fusion-flex-justify-content-flex-start fusion-content-layout-column\" style=\"padding: 0px 0px 0px 0px;\"><div ><span class=\" fusion-imageframe imageframe-none imageframe-2 hover-type-none\"><img decoding=\"async\" width=\"432\" height=\"432\" title=\"ad-europa\" src=\"https:\/\/www.siri.mo.it\/wp-content\/uploads\/2021\/03\/ad-europa.png\" alt class=\"img-responsive wp-image-41001517\" srcset=\"https:\/\/www.siri.mo.it\/wp-content\/uploads\/2021\/03\/ad-europa-200x200.png 200w, https:\/\/www.siri.mo.it\/wp-content\/uploads\/2021\/03\/ad-europa-400x400.png 400w, https:\/\/www.siri.mo.it\/wp-content\/uploads\/2021\/03\/ad-europa.png 432w\" sizes=\"(max-width: 640px) 100vw, 200px\" \/><\/span><\/div><style type=\"text\/css\">@media only screen and (max-width:1024px) {.fusion-title.fusion-title-2{margin-top:5px!important; margin-right:0px!important;margin-bottom:5px!important;margin-left:0px!important;}}@media only screen and (max-width:640px) {.fusion-title.fusion-title-2{margin-top:2px!important; margin-right:0px!important;margin-bottom:2px!important; margin-left:0px!important;}}<\/style><div class=\"fusion-title title fusion-title-2 fusion-sep-none fusion-title-text fusion-title-size-one\" style=\"margin-top:5px;margin-right:0px;margin-bottom:5px;margin-left:0px;\"><h1 class=\"title-heading-left\" style=\"margin:0;\"><h2 style=\"text-align: center;\">Europe<\/h2><\/h1><\/div><\/div><span class=\"fusion-column-inner-bg hover-type-none\"><a class=\"fusion-column-anchor\" href=\"\/index.php\/agents-et-distributeurs\/europe\/?lang=fr\"><span class=\"fusion-column-inner-bg-image\" style=\"background-position:left top;background-repeat:no-repeat;-webkit-background-size:cover;-moz-background-size:cover;-o-background-size:cover;background-size:cover;\"><\/span><\/a><\/span><style type=\"text\/css\">.fusion-body .fusion-builder-column-3{width:16.666666666667% !important;margin-top : 0px;margin-bottom : 20px;}.fusion-builder-column-3 > .fusion-column-wrapper {padding-top : 0px !important;padding-right : 0px !important;margin-right : 11.52%;padding-bottom : 0px !important;padding-left : 0px !important;margin-left : 11.52%;}.fusion-flex-container .fusion-row .fusion-builder-column-3 > .fusion-column-inner-bg { margin-right:11.52%;margin-left:11.52%; }@media only screen and (max-width:1024px) {.fusion-body .fusion-builder-column-3{width:16.666666666667% !important;order : 0;}.fusion-builder-column-3 > .fusion-column-wrapper {margin-right : 11.52%;margin-left : 11.52%;}.fusion-flex-container .fusion-row .fusion-builder-column-3 > .fusion-column-inner-bg { margin-right:11.52%;margin-left:11.52%; }}@media only screen and (max-width:640px) {.fusion-body .fusion-builder-column-3{width:100% !important;order : 0;}.fusion-builder-column-3 > .fusion-column-wrapper {margin-right : 1.92%;margin-left : 1.92%;}.fusion-flex-container .fusion-row .fusion-builder-column-3 > .fusion-column-inner-bg { margin-right:1.92%;margin-left:1.92%; }}<\/style><style type=\"text\/css\">.fusion-builder-column-3{filter: hue-rotate(0deg) saturate(0%);transition: filter 0.3s ease;}.fusion-builder-column-3:hover{filter: hue-rotate(170deg) saturate(50%);}<\/style><\/div><div class=\"fusion-layout-column fusion_builder_column fusion-builder-column-4 fusion_builder_column_1_6 1_6 fusion-flex-column fusion-flex-align-self-flex-start fusion-column-inner-bg-wrapper\"><div class=\"fusion-column-wrapper fusion-flex-justify-content-flex-start fusion-content-layout-column\" style=\"padding: 0px 0px 0px 0px;\"><div ><span class=\" fusion-imageframe imageframe-none imageframe-3 hover-type-none\"><img decoding=\"async\" width=\"432\" height=\"432\" title=\"ad-africa\" src=\"https:\/\/www.siri.mo.it\/wp-content\/uploads\/2021\/03\/ad-africa.png\" alt class=\"img-responsive wp-image-41001520\" srcset=\"https:\/\/www.siri.mo.it\/wp-content\/uploads\/2021\/03\/ad-africa-200x200.png 200w, https:\/\/www.siri.mo.it\/wp-content\/uploads\/2021\/03\/ad-africa-400x400.png 400w, https:\/\/www.siri.mo.it\/wp-content\/uploads\/2021\/03\/ad-africa.png 432w\" sizes=\"(max-width: 640px) 100vw, 200px\" \/><\/span><\/div><style type=\"text\/css\">@media only screen and (max-width:1024px) {.fusion-title.fusion-title-3{margin-top:5px!important; margin-right:0px!important;margin-bottom:5px!important;margin-left:0px!important;}}@media only screen and (max-width:640px) {.fusion-title.fusion-title-3{margin-top:2px!important; margin-right:0px!important;margin-bottom:2px!important; margin-left:0px!important;}}<\/style><div class=\"fusion-title title fusion-title-3 fusion-sep-none fusion-title-text fusion-title-size-one\" style=\"margin-top:5px;margin-right:0px;margin-bottom:5px;margin-left:0px;\"><h1 class=\"title-heading-left\" style=\"margin:0;\"><h2 style=\"text-align: center;\">Afrique<\/h2><\/h1><\/div><\/div><span class=\"fusion-column-inner-bg hover-type-none\"><a class=\"fusion-column-anchor\" href=\"\/index.php\/agents-et-distributeurs\/africa\/?lang=fr\"><span class=\"fusion-column-inner-bg-image\" style=\"background-position:left top;background-repeat:no-repeat;-webkit-background-size:cover;-moz-background-size:cover;-o-background-size:cover;background-size:cover;\"><\/span><\/a><\/span><style type=\"text\/css\">.fusion-body .fusion-builder-column-4{width:16.666666666667% !important;margin-top : 0px;margin-bottom : 20px;}.fusion-builder-column-4 > .fusion-column-wrapper {padding-top : 0px !important;padding-right : 0px !important;margin-right : 11.52%;padding-bottom : 0px !important;padding-left : 0px !important;margin-left : 11.52%;}.fusion-flex-container .fusion-row .fusion-builder-column-4 > .fusion-column-inner-bg { margin-right:11.52%;margin-left:11.52%; }@media only screen and (max-width:1024px) {.fusion-body .fusion-builder-column-4{width:16.666666666667% !important;order : 0;}.fusion-builder-column-4 > .fusion-column-wrapper {margin-right : 11.52%;margin-left : 11.52%;}.fusion-flex-container .fusion-row .fusion-builder-column-4 > .fusion-column-inner-bg { margin-right:11.52%;margin-left:11.52%; }}@media only screen and (max-width:640px) {.fusion-body .fusion-builder-column-4{width:100% !important;order : 0;}.fusion-builder-column-4 > .fusion-column-wrapper {margin-right : 1.92%;margin-left : 1.92%;}.fusion-flex-container .fusion-row .fusion-builder-column-4 > .fusion-column-inner-bg { margin-right:1.92%;margin-left:1.92%; }}<\/style><style type=\"text\/css\">.fusion-builder-column-4{filter: hue-rotate(0deg) saturate(0%);transition: filter 0.3s ease;}.fusion-builder-column-4:hover{filter: hue-rotate(170deg) saturate(50%);}<\/style><\/div><div class=\"fusion-layout-column fusion_builder_column fusion-builder-column-5 fusion_builder_column_1_6 1_6 fusion-flex-column fusion-flex-align-self-flex-start fusion-column-inner-bg-wrapper\"><div class=\"fusion-column-wrapper fusion-flex-justify-content-flex-start fusion-content-layout-column\" style=\"padding: 0px 0px 0px 0px;\"><div ><span class=\" fusion-imageframe imageframe-none imageframe-4 hover-type-none\"><img decoding=\"async\" width=\"432\" height=\"432\" title=\"ad-asia\" src=\"https:\/\/www.siri.mo.it\/wp-content\/uploads\/2021\/03\/ad-asia.png\" alt class=\"img-responsive wp-image-41001522\" srcset=\"https:\/\/www.siri.mo.it\/wp-content\/uploads\/2021\/03\/ad-asia-200x200.png 200w, https:\/\/www.siri.mo.it\/wp-content\/uploads\/2021\/03\/ad-asia-400x400.png 400w, https:\/\/www.siri.mo.it\/wp-content\/uploads\/2021\/03\/ad-asia.png 432w\" sizes=\"(max-width: 640px) 100vw, 200px\" \/><\/span><\/div><style type=\"text\/css\">@media only screen and (max-width:1024px) {.fusion-title.fusion-title-4{margin-top:5px!important; margin-right:0px!important;margin-bottom:5px!important;margin-left:0px!important;}}@media only screen and (max-width:640px) {.fusion-title.fusion-title-4{margin-top:2px!important; margin-right:0px!important;margin-bottom:2px!important; margin-left:0px!important;}}<\/style><div class=\"fusion-title title fusion-title-4 fusion-sep-none fusion-title-text fusion-title-size-one\" style=\"margin-top:5px;margin-right:0px;margin-bottom:5px;margin-left:0px;\"><h1 class=\"title-heading-left\" style=\"margin:0;\"><h2 style=\"text-align: center;\">Asie<\/h2><\/h1><\/div><\/div><span class=\"fusion-column-inner-bg hover-type-none\"><a class=\"fusion-column-anchor\" href=\"\/index.php\/agents-et-distributeurs\/asia\/?lang=fr\"><span class=\"fusion-column-inner-bg-image\" style=\"background-position:left top;background-repeat:no-repeat;-webkit-background-size:cover;-moz-background-size:cover;-o-background-size:cover;background-size:cover;\"><\/span><\/a><\/span><style type=\"text\/css\">.fusion-body .fusion-builder-column-5{width:16.666666666667% !important;margin-top : 0px;margin-bottom : 20px;}.fusion-builder-column-5 > .fusion-column-wrapper {padding-top : 0px !important;padding-right : 0px !important;margin-right : 11.52%;padding-bottom : 0px !important;padding-left : 0px !important;margin-left : 11.52%;}.fusion-flex-container .fusion-row .fusion-builder-column-5 > .fusion-column-inner-bg { margin-right:11.52%;margin-left:11.52%; }@media only screen and (max-width:1024px) {.fusion-body .fusion-builder-column-5{width:16.666666666667% !important;order : 0;}.fusion-builder-column-5 > .fusion-column-wrapper {margin-right : 11.52%;margin-left : 11.52%;}.fusion-flex-container .fusion-row .fusion-builder-column-5 > .fusion-column-inner-bg { margin-right:11.52%;margin-left:11.52%; }}@media only screen and (max-width:640px) {.fusion-body .fusion-builder-column-5{width:100% !important;order : 0;}.fusion-builder-column-5 > .fusion-column-wrapper {margin-right : 1.92%;margin-left : 1.92%;}.fusion-flex-container .fusion-row .fusion-builder-column-5 > .fusion-column-inner-bg { margin-right:1.92%;margin-left:1.92%; }}<\/style><style type=\"text\/css\">.fusion-builder-column-5{filter: hue-rotate(0deg) saturate(0%);transition: filter 0.3s ease;}.fusion-builder-column-5:hover{filter: hue-rotate(170deg) saturate(50%);}<\/style><\/div><div class=\"fusion-layout-column fusion_builder_column fusion-builder-column-6 fusion_builder_column_1_6 1_6 fusion-flex-column fusion-flex-align-self-flex-start fusion-column-inner-bg-wrapper\"><div class=\"fusion-column-wrapper fusion-flex-justify-content-flex-start fusion-content-layout-column\" style=\"padding: 0px 0px 0px 0px;\"><div ><span class=\" fusion-imageframe imageframe-none imageframe-5 hover-type-none\"><img decoding=\"async\" width=\"432\" height=\"432\" title=\"ad-americhe\" src=\"https:\/\/www.siri.mo.it\/wp-content\/uploads\/2021\/03\/ad-americhe.png\" alt class=\"img-responsive wp-image-41001521\" srcset=\"https:\/\/www.siri.mo.it\/wp-content\/uploads\/2021\/03\/ad-americhe-200x200.png 200w, https:\/\/www.siri.mo.it\/wp-content\/uploads\/2021\/03\/ad-americhe-400x400.png 400w, https:\/\/www.siri.mo.it\/wp-content\/uploads\/2021\/03\/ad-americhe.png 432w\" sizes=\"(max-width: 640px) 100vw, 200px\" \/><\/span><\/div><style type=\"text\/css\">@media only screen and (max-width:1024px) {.fusion-title.fusion-title-5{margin-top:5px!important; margin-right:0px!important;margin-bottom:5px!important;margin-left:0px!important;}}@media only screen and (max-width:640px) {.fusion-title.fusion-title-5{margin-top:2px!important; margin-right:0px!important;margin-bottom:2px!important; margin-left:0px!important;}}<\/style><div class=\"fusion-title title fusion-title-5 fusion-sep-none fusion-title-text fusion-title-size-one\" style=\"margin-top:5px;margin-right:0px;margin-bottom:5px;margin-left:0px;\"><h1 class=\"title-heading-left\" style=\"margin:0;\"><h2 style=\"text-align: center;\">Am\u00e9riques<\/h2><\/h1><\/div><\/div><span class=\"fusion-column-inner-bg hover-type-none\"><a class=\"fusion-column-anchor\" href=\"\/index.php\/agents-et-distributeurs\/amerique\/?lang=fr\"><span class=\"fusion-column-inner-bg-image\" style=\"background-position:left top;background-repeat:no-repeat;-webkit-background-size:cover;-moz-background-size:cover;-o-background-size:cover;background-size:cover;\"><\/span><\/a><\/span><style type=\"text\/css\">.fusion-body .fusion-builder-column-6{width:16.666666666667% !important;margin-top : 0px;margin-bottom : 20px;}.fusion-builder-column-6 > .fusion-column-wrapper {padding-top : 0px !important;padding-right : 0px !important;margin-right : 11.52%;padding-bottom : 0px !important;padding-left : 0px !important;margin-left : 11.52%;}.fusion-flex-container .fusion-row .fusion-builder-column-6 > .fusion-column-inner-bg { margin-right:11.52%;margin-left:11.52%; }@media only screen and (max-width:1024px) {.fusion-body .fusion-builder-column-6{width:16.666666666667% !important;order : 0;}.fusion-builder-column-6 > .fusion-column-wrapper {margin-right : 11.52%;margin-left : 11.52%;}.fusion-flex-container .fusion-row .fusion-builder-column-6 > .fusion-column-inner-bg { margin-right:11.52%;margin-left:11.52%; }}@media only screen and (max-width:640px) {.fusion-body .fusion-builder-column-6{width:100% !important;order : 0;}.fusion-builder-column-6 > .fusion-column-wrapper {margin-right : 1.92%;margin-left : 1.92%;}.fusion-flex-container .fusion-row .fusion-builder-column-6 > .fusion-column-inner-bg { margin-right:1.92%;margin-left:1.92%; }}<\/style><style type=\"text\/css\">.fusion-builder-column-6{filter: hue-rotate(0deg) saturate(0%);transition: filter 0.3s ease;}.fusion-builder-column-6:hover{filter: hue-rotate(170deg) saturate(50%);}<\/style><\/div><div class=\"fusion-layout-column fusion_builder_column fusion-builder-column-7 fusion_builder_column_1_6 1_6 fusion-flex-column fusion-flex-align-self-flex-start fusion-column-inner-bg-wrapper\"><div class=\"fusion-column-wrapper fusion-flex-justify-content-flex-start fusion-content-layout-column\" style=\"padding: 0px 0px 0px 0px;\"><div ><span class=\" fusion-imageframe imageframe-none imageframe-6 hover-type-none\"><img decoding=\"async\" width=\"432\" height=\"432\" title=\"ad-oceania\" src=\"https:\/\/www.siri.mo.it\/wp-content\/uploads\/2021\/03\/ad-oceania.png\" alt class=\"img-responsive wp-image-41001519\" srcset=\"https:\/\/www.siri.mo.it\/wp-content\/uploads\/2021\/03\/ad-oceania-200x200.png 200w, https:\/\/www.siri.mo.it\/wp-content\/uploads\/2021\/03\/ad-oceania-400x400.png 400w, https:\/\/www.siri.mo.it\/wp-content\/uploads\/2021\/03\/ad-oceania.png 432w\" sizes=\"(max-width: 640px) 100vw, 200px\" \/><\/span><\/div><style type=\"text\/css\">@media only screen and (max-width:1024px) {.fusion-title.fusion-title-6{margin-top:5px!important; margin-right:0px!important;margin-bottom:5px!important;margin-left:0px!important;}}@media only screen and (max-width:640px) {.fusion-title.fusion-title-6{margin-top:2px!important; margin-right:0px!important;margin-bottom:2px!important; margin-left:0px!important;}}<\/style><div class=\"fusion-title title fusion-title-6 fusion-sep-none fusion-title-text fusion-title-size-one\" style=\"margin-top:5px;margin-right:0px;margin-bottom:5px;margin-left:0px;\"><h1 class=\"title-heading-left\" style=\"margin:0;\"><h2 style=\"text-align: center;\">Oc\u00e9anie<\/h2><\/h1><\/div><\/div><span class=\"fusion-column-inner-bg hover-type-none\"><a class=\"fusion-column-anchor\" href=\"\/index.php\/agents-et-distributeurs\/oceanie\/?lang=fr\"><span class=\"fusion-column-inner-bg-image\" style=\"background-position:left top;background-repeat:no-repeat;-webkit-background-size:cover;-moz-background-size:cover;-o-background-size:cover;background-size:cover;\"><\/span><\/a><\/span><style type=\"text\/css\">.fusion-body .fusion-builder-column-7{width:16.666666666667% !important;margin-top : 0px;margin-bottom : 20px;}.fusion-builder-column-7 > .fusion-column-wrapper {padding-top : 0px !important;padding-right : 0px !important;margin-right : 11.52%;padding-bottom : 0px !important;padding-left : 0px !important;margin-left : 11.52%;}.fusion-flex-container .fusion-row .fusion-builder-column-7 > .fusion-column-inner-bg { margin-right:11.52%;margin-left:11.52%; }@media only screen and (max-width:1024px) {.fusion-body .fusion-builder-column-7{width:16.666666666667% !important;order : 0;}.fusion-builder-column-7 > .fusion-column-wrapper {margin-right : 11.52%;margin-left : 11.52%;}.fusion-flex-container .fusion-row .fusion-builder-column-7 > .fusion-column-inner-bg { margin-right:11.52%;margin-left:11.52%; }}@media only screen and (max-width:640px) {.fusion-body .fusion-builder-column-7{width:100% !important;order : 0;}.fusion-builder-column-7 > .fusion-column-wrapper {margin-right : 1.92%;margin-left : 1.92%;}.fusion-flex-container .fusion-row .fusion-builder-column-7 > .fusion-column-inner-bg { margin-right:1.92%;margin-left:1.92%; }}<\/style><style type=\"text\/css\">.fusion-builder-column-7{filter: hue-rotate(0deg) saturate(0%);transition: filter 0.3s ease;}.fusion-builder-column-7:hover{filter: hue-rotate(170deg) saturate(50%);}<\/style><\/div><\/div><style type=\"text\/css\">.fusion-body .fusion-flex-container.fusion-builder-row-3{ padding-top : 0px;margin-top : 0px;padding-right : 0px;padding-bottom : 0px;margin-bottom : 0px;padding-left : 0px;}<\/style><\/div><\/p>\n","protected":false},"excerpt":{"rendered":"","protected":false},"author":1,"featured_media":0,"parent":0,"menu_order":0,"comment_status":"closed","ping_status":"closed","template":"100-width.php","meta":{"footnotes":""},"class_list":["post-41009818","page","type-page","status-publish","hentry"],"_links":{"self":[{"href":"https:\/\/www.siri.mo.it\/index.php\/wp-json\/wp\/v2\/pages\/41009818","targetHints":{"allow":["GET"]}}],"collection":[{"href":"https:\/\/www.siri.mo.it\/index.php\/wp-json\/wp\/v2\/pages"}],"about":[{"href":"https:\/\/www.siri.mo.it\/index.php\/wp-json\/wp\/v2\/types\/page"}],"author":[{"embeddable":true,"href":"https:\/\/www.siri.mo.it\/index.php\/wp-json\/wp\/v2\/users\/1"}],"replies":[{"embeddable":true,"href":"https:\/\/www.siri.mo.it\/index.php\/wp-json\/wp\/v2\/comments?post=41009818"}],"version-history":[{"count":4,"href":"https:\/\/www.siri.mo.it\/index.php\/wp-json\/wp\/v2\/pages\/41009818\/revisions"}],"predecessor-version":[{"id":41022389,"href":"https:\/\/www.siri.mo.it\/index.php\/wp-json\/wp\/v2\/pages\/41009818\/revisions\/41022389"}],"wp:attachment":[{"href":"https:\/\/www.siri.mo.it\/index.php\/wp-json\/wp\/v2\/media?parent=41009818"}],"curies":[{"name":"wp","href":"https:\/\/api.w.org\/{rel}","templated":true}]}}